{"id":9080,"date":"2024-03-20T13:07:41","date_gmt":"2024-03-20T12:07:41","guid":{"rendered":"https:\/\/vrtec-sezana.si\/?page_id=9080"},"modified":"2024-03-28T18:24:19","modified_gmt":"2024-03-28T17:24:19","slug":"gibalno-srecanje-s-starsi-v-druzbi-poskokca","status":"publish","type":"page","link":"https:\/\/vrtec-sezana.si\/?page_id=9080","title":{"rendered":"Gibalno sre\u010danje s star\u0161i v dru\u017ebi Poskokca"},"content":{"rendered":"","protected":true},"excerpt":{"rendered":"","protected":true},"author":31,"featured_media":0,"parent":0,"menu_order":0,"comment_status":"closed","ping_status":"closed","template":"","meta":{"footnotes":""},"_links":{"self":[{"href":"https:\/\/vrtec-sezana.si\/index.php?rest_route=\/wp\/v2\/pages\/9080"}],"collection":[{"href":"https:\/\/vrtec-sezana.si\/index.php?rest_route=\/wp\/v2\/pages"}],"about":[{"href":"https:\/\/vrtec-sezana.si\/index.php?rest_route=\/wp\/v2\/types\/page"}],"author":[{"embeddable":true,"href":"https:\/\/vrtec-sezana.si\/index.php?rest_route=\/wp\/v2\/users\/31"}],"replies":[{"embeddable":true,"href":"https:\/\/vrtec-sezana.si\/index.php?rest_route=%2Fwp%2Fv2%2Fcomments&post=9080"}],"version-history":[{"count":2,"href":"https:\/\/vrtec-sezana.si\/index.php?rest_route=\/wp\/v2\/pages\/9080\/revisions"}],"predecessor-version":[{"id":9590,"href":"https:\/\/vrtec-sezana.si\/index.php?rest_route=\/wp\/v2\/pages\/9080\/revisions\/9590"}],"wp:attachment":[{"href":"https:\/\/vrtec-sezana.si\/index.php?rest_route=%2Fwp%2Fv2%2Fmedia&parent=9080"}],"curies":[{"name":"wp","href":"https:\/\/api.w.org\/{rel}","templated":true}]}}