{"id":671,"date":"2023-11-13T00:08:08","date_gmt":"2023-11-12T23:08:08","guid":{"rendered":"http:\/\/977.ablak.arnes.si\/?page_id=671"},"modified":"2024-02-05T14:18:01","modified_gmt":"2024-02-05T13:18:01","slug":"uvajanje-otrok","status":"publish","type":"page","link":"https:\/\/vrtec-sezana.si\/?page_id=671","title":{"rendered":"UVAJANJE OTROK"},"content":{"rendered":"\n<div style=\"height:100px\" aria-hidden=\"true\" class=\"wp-block-spacer\"><\/div>\n\n\n\n<h2 class=\"wp-block-heading\">UVAJANJE OTROK<\/h2>\n\n\n\n<div style=\"height:50px\" aria-hidden=\"true\" class=\"wp-block-spacer\"><\/div>\n\n\n\n<p>Otrokom, ki jih star\u0161i prvi\u010d vpi\u0161ejo v vrtec, nudimo 4-dnevno brezpla\u010dno uvajanje, ki ga izvedemo \u0161tiri dni pred \u017eelenim datumom vpisa. Poteka od 9.30 do 11.00. Otroci in star\u0161i v tem \u010dasu nave\u017eejo prvi stik s strokovnimi delavkami vrtca, spoznajo ustanovo, dnevno rutino in prostor. Strokovne delavke opravijo prvi individualni pogovor s star\u0161i.<\/p>\n\n\n\n<div style=\"height:50px\" aria-hidden=\"true\" class=\"wp-block-spacer\"><\/div>\n\n\n\n<ol>\n<li>Otroka vklju\u010dite v vrtec postopno, po programu uvajanja. Za uvajanje si vzemite dovolj \u010dasa, da se boste lahko otroku bolj in la\u017eje posvetili. Nekateri otroci se kmalu prilagodijo novim okoli\u0161\u010dinam, nekateri pa potrebujejo ve\u010d \u010dasa. Otroci se lahko ob vstopu v vrtec odzivajo na lo\u010ditev od star\u0161ev z jokom, zahtevajo veliko pozornosti, odklanjajo hrano, potrebujejo tola\u017ebo star\u0161ev in dru\u017ebo vrstnikov ali postavljajo pogoje. V \u010dasu uvajanj se pogovorite z vzgojiteljico in jo seznanite z otrokovimi zna\u010dilnostmi (otrokove prehranjevalne navade, najljub\u0161e igra\u010de in igre, ritem spanja, zdravje \u2026). Tudi sami se pozanimajte o vsem, kar vas zanima o bivanju otrok v vrtcu.<\/li>\n\n\n\n<li>Otroka sprva ne pu\u0161\u010dajte dalj \u010dasa samega v vrtcu, saj mora postopoma premagati strah, da bo ostal sam. V vrtcu pre\u017eiveti \u010das naj se postopoma vsak dan podalj\u0161uje.<\/li>\n\n\n\n<li>Otrok naj redno obiskuje vrtec, ritem prihodov in odhodov pa naj bo stalen (vsak dan enak).<\/li>\n\n\n\n<li>Star\u0161i naj se dr\u017eijo obljub, ki so jih otroku dali o \u010dasu prihoda v vrtec, predvsem pa o odhodu iz vrtca, sicer bo otrok izgubil ob\u010dutek varnosti in zaupanja in se bo v vrtcu po\u010dutil negotovega.<\/li>\n\n\n\n<li>Jutranje poslavljanje od otroka naj ne bo predolgo, saj bo otrok ob tem za\u010dutil, da je star\u0161em hudo in bo lo\u010ditev od njih \u0161e te\u017eja.<\/li>\n\n\n\n<li>Otroku dovolite, da prinese s seboj v vrtec svojo priljubljeno igra\u010dko ali kak\u0161en drug predmet, s katerim se obi\u010dajno potola\u017ei.<\/li>\n\n\n\n<li>V \u010dasu uvajanja ne vna\u0161ajte dodatnih sprememb v otrokovo obi\u010dajno \u017eivljenje, saj bodo le-te otroka dodatno obremenjevale (npr. odvajanje od plenic, dude, itd.)<\/li>\n\n\n\n<li>Zavedajte se, da so va\u0161i ob\u010dutki ob lo\u010ditvi od otroka obi\u010dajni, vendar ste lahko prepri\u010dani, da imajo vzgojiteljice dovolj znanja in izku\u0161enj, da ravnajo otrokovim potrebam in njegovim osebnostnim lastnostim primerno.<\/li>\n<\/ol>\n\n\n\n<div style=\"height:50px\" aria-hidden=\"true\" class=\"wp-block-spacer\"><\/div>\n\n\n\n<p><a rel=\"noreferrer noopener\" href=\"http:\/\/977.ablak.arnes.si\/wp-content\/uploads\/2024\/02\/Zlozenka-1.-v-vrtec-1-3.pdf\" target=\"_blank\"><mark style=\"background-color:rgba(0, 0, 0, 0);color:#1a97ab\" class=\"has-inline-color\">Zlo\u017eenka za star\u0161e otrok do 3.leta starosti<\/mark><\/a><\/p>\n\n\n\n<p><a rel=\"noreferrer noopener\" href=\"http:\/\/977.ablak.arnes.si\/wp-content\/uploads\/2024\/02\/zlozenka-1.v-vrtec-3-6.pdf\" target=\"_blank\"><mark style=\"background-color:rgba(0, 0, 0, 0);color:#1a97ab\" class=\"has-inline-color\">Zlo\u017eenka za star\u0161e otrok po 3.letu starosti<\/mark><\/a><\/p>\n\n\n\n<p><\/p>\n\n\n\n<p><\/p>\n\n\n\n<p><\/p>\n\n\n\n<p><\/p>\n\n\n\n<p><\/p>\n\n\n\n<p><\/p>\n\n\n\n<p><\/p>\n","protected":false},"excerpt":{"rendered":"<p>UVAJANJE OTROK Otrokom, ki jih star\u0161i prvi\u010d vpi\u0161ejo v vrtec, nudimo 4-dnevno brezpla\u010dno uvajanje, ki ga izvedemo \u0161tiri dni pred \u017eelenim datumom vpisa. Poteka od 9.30 do 11.00. Otroci in star\u0161i v tem \u010dasu nave\u017eejo prvi stik s strokovnimi delavkami vrtca, spoznajo&#8230;<\/p>\n","protected":false},"author":1,"featured_media":0,"parent":0,"menu_order":0,"comment_status":"closed","ping_status":"closed","template":"","meta":{"footnotes":""},"_links":{"self":[{"href":"https:\/\/vrtec-sezana.si\/index.php?rest_route=\/wp\/v2\/pages\/671"}],"collection":[{"href":"https:\/\/vrtec-sezana.si\/index.php?rest_route=\/wp\/v2\/pages"}],"about":[{"href":"https:\/\/vrtec-sezana.si\/index.php?rest_route=\/wp\/v2\/types\/page"}],"author":[{"embeddable":true,"href":"https:\/\/vrtec-sezana.si\/index.php?rest_route=\/wp\/v2\/users\/1"}],"replies":[{"embeddable":true,"href":"https:\/\/vrtec-sezana.si\/index.php?rest_route=%2Fwp%2Fv2%2Fcomments&post=671"}],"version-history":[{"count":12,"href":"https:\/\/vrtec-sezana.si\/index.php?rest_route=\/wp\/v2\/pages\/671\/revisions"}],"predecessor-version":[{"id":5823,"href":"https:\/\/vrtec-sezana.si\/index.php?rest_route=\/wp\/v2\/pages\/671\/revisions\/5823"}],"wp:attachment":[{"href":"https:\/\/vrtec-sezana.si\/index.php?rest_route=%2Fwp%2Fv2%2Fmedia&parent=671"}],"curies":[{"name":"wp","href":"https:\/\/api.w.org\/{rel}","templated":true}]}}