{"id":6688,"date":"2024-02-14T20:58:12","date_gmt":"2024-02-14T19:58:12","guid":{"rendered":"http:\/\/977.ablak.arnes.si\/?page_id=6688"},"modified":"2024-04-15T14:36:19","modified_gmt":"2024-04-15T13:36:19","slug":"pustni-ziv-zav-v-skupini-jezki","status":"publish","type":"page","link":"https:\/\/vrtec-sezana.si\/?page_id=6688","title":{"rendered":"Pustni \u017eiv \u017eav v skupini Je\u017eki"},"content":{"rendered":"","protected":true},"excerpt":{"rendered":"","protected":true},"author":22,"featured_media":0,"parent":0,"menu_order":0,"comment_status":"closed","ping_status":"closed","template":"","meta":{"footnotes":""},"_links":{"self":[{"href":"https:\/\/vrtec-sezana.si\/index.php?rest_route=\/wp\/v2\/pages\/6688"}],"collection":[{"href":"https:\/\/vrtec-sezana.si\/index.php?rest_route=\/wp\/v2\/pages"}],"about":[{"href":"https:\/\/vrtec-sezana.si\/index.php?rest_route=\/wp\/v2\/types\/page"}],"author":[{"embeddable":true,"href":"https:\/\/vrtec-sezana.si\/index.php?rest_route=\/wp\/v2\/users\/22"}],"replies":[{"embeddable":true,"href":"https:\/\/vrtec-sezana.si\/index.php?rest_route=%2Fwp%2Fv2%2Fcomments&post=6688"}],"version-history":[{"count":2,"href":"https:\/\/vrtec-sezana.si\/index.php?rest_route=\/wp\/v2\/pages\/6688\/revisions"}],"predecessor-version":[{"id":10791,"href":"https:\/\/vrtec-sezana.si\/index.php?rest_route=\/wp\/v2\/pages\/6688\/revisions\/10791"}],"wp:attachment":[{"href":"https:\/\/vrtec-sezana.si\/index.php?rest_route=%2Fwp%2Fv2%2Fmedia&parent=6688"}],"curies":[{"name":"wp","href":"https:\/\/api.w.org\/{rel}","templated":true}]}}