{"id":658,"date":"2023-11-12T22:53:18","date_gmt":"2023-11-12T21:53:18","guid":{"rendered":"http:\/\/977.ablak.arnes.si\/?page_id=658"},"modified":"2024-07-26T20:29:40","modified_gmt":"2024-07-26T19:29:40","slug":"svetovalna-sluzba","status":"publish","type":"page","link":"https:\/\/vrtec-sezana.si\/?page_id=658","title":{"rendered":"SVETOVALNA SLU\u017dBA"},"content":{"rendered":"\n<div class=\"wp-block-columns is-layout-flex wp-container-2 wp-block-columns-is-layout-flex\">\n<div class=\"wp-block-column is-layout-flow wp-block-column-is-layout-flow\">\n<p><i class=\"fas fa-map-marker-alt\"><\/i> <strong>Za svetovanje in posvetovanje se lahko dogovorite osebno, po telefonu ali preko elektronske po\u0161te.<\/strong><\/p>\n<\/div>\n<\/div>\n\n\n\n<figure class=\"wp-block-table is-style-regular has-medium-font-size\" style=\"line-height:1\"><table class=\"has-background\" style=\"background-color:#abb7c242\"><thead><tr><th class=\"has-text-align-left\" data-align=\"left\">Zadol\u017eeni za:<\/th><th class=\"has-text-align-left\" data-align=\"left\">Ime in priimek<\/th><th class=\"has-text-align-left\" data-align=\"left\"><i class=\"fas fa-phone-volume\"><\/i>  Telefon<\/th><th class=\"has-text-align-left\" data-align=\"left\"><i class=\"fas fa-envelope\"><\/i>  E-po\u0161ta<\/th><\/tr><\/thead><tbody><tr><td class=\"has-text-align-left\" data-align=\"left\">Za enote Lehte, Dutovlje, Komen, \u0160tanjel, Seno\u017ee\u010de in Tomaj<\/td><td class=\"has-text-align-left\" data-align=\"left\">Katrin \u010ce\u0161\u010dut Bandelj, mag. psih.<\/td><td class=\"has-text-align-left\" data-align=\"left\">+386 (0) 41 302 132<\/td><td class=\"has-text-align-left\" data-align=\"left\">katrin.cescut@guest.arnes.si<\/td><\/tr><tr><td class=\"has-text-align-left\" data-align=\"left\">Za enote Se\u017eana, Lehte &#8211; prilagojeni oddelek, Diva\u010da, Povir, Lokev, Hrpelje in Materija<\/td><td class=\"has-text-align-left\" data-align=\"left\">Tijana Zlobec,&nbsp;mag. prof. inkl. ped<\/td><td class=\"has-text-align-left\" data-align=\"left\">+386 (0) 51 215 641<\/td><td class=\"has-text-align-left\" data-align=\"left\">tijana.zlobec1@guest.arnes.si<\/td><\/tr><tr><td class=\"has-text-align-left\" data-align=\"left\">Izvajalka dodatne strokovne pomo\u010di<\/td><td class=\"has-text-align-left\" data-align=\"left\">Tina Godina Babuder, mag. prof. ped.<\/td><td class=\"has-text-align-left\" data-align=\"left\">+386 (0) 41 474 140<\/td><td class=\"has-text-align-left\" data-align=\"left\">tina.godina-babuder@guest.arnes.si<\/td><\/tr><\/tbody><\/table><\/figure>\n\n\n\n<div class=\"wp-block-columns is-layout-flex wp-container-4 wp-block-columns-is-layout-flex\">\n<div class=\"wp-block-column is-layout-flow wp-block-column-is-layout-flow\" style=\"flex-basis:66.66%\">\n<p><br>Svetovalna slu\u017eba sodeluje s strokovnimi delavci vrtca, star\u0161i, vodstvom vrtca in zunanjimi<br>institucijami pri oblikovanju pogojev za optimalni razvoj otroka.<\/p>\n\n\n\n<p><br>Svetovalna slu\u017eba v vrtcu se na podlagi svojega strokovnega znanja preko svetovalnega odnosa in na<br>strokovno avtonomni na\u010din vklju\u010duje v re\u0161evanje pedago\u0161kih, psiholo\u0161kih in socialnih vpra\u0161anj<br>vzgojno \u2013 izobra\u017eevalnega dela v vrtcu.<\/p>\n\n\n\n<p><br>Svetovalna slu\u017eba v vrtcu si prizadeva, da bi odrasli otroke bolje razumeli in se na njihove potrebe<br>primerno odzivali.<\/p>\n\n\n\n<p><br>Delo svetovalne delavke je namenjeno vsem otrokom v vrtcu, usmerjeno je predvsem v razvojno<br>svetovanje in preventivo.<\/p>\n\n\n\n<p><br>Pri tem izhaja iz na\u010del programskih smernic za delo svetovalne slu\u017ebe, kjer so opredeljene njene<br>temeljne dejavnosti:<br><\/p>\n\n\n\n<ul>\n<li>dejavnost pomo\u010di,<\/li>\n\n\n\n<li>razvojno preventivne dejavnosti,<\/li>\n\n\n\n<li>dejavnosti na\u010drtovanja in evalvacije.<\/li>\n<\/ul>\n\n\n\n<p><br>Svetovalno delo v vrtcu temelji na skupnem dogovoru, prostovoljnosti ter zaupnosti podatkov in je<br>usmerjeno v dobrobit otroka.<\/p>\n\n\n\n<p><br>Pomemben del predstavlja tudi svetovanje in pomo\u010d star\u0161em, preko individualnih razgovorov ali pa v<br>drugih oblikah sodelovanja s star\u0161i, v smislu preventivnega osve\u0161\u010danja in izobra\u017eevanja star\u0161ev, pri<br>krepitvi njihove star\u0161evske, partnerske in \u010dlove\u0161ke vloge.<\/p>\n\n\n\n<p><br>V Vrtcu Se\u017eana opravljava delo svetovalne delavke dve strokovni delavki: psihologinja in inkluzivna<br>pedagoginja.<\/p>\n\n\n\n<p><br>Osnovna podro\u010dja dela svetovalne delavke v vrtcu z otroki so:<br><\/p>\n\n\n\n<ul>\n<li>zgodnje odkrivanje otrok s posebnostmi v razvoju,<\/li>\n\n\n\n<li>psiholo\u0161ka obravnava otrok s te\u017eavami v razvoju; obravnava zajema ustrezne<br>psihodiagnosti\u010dne postopke in svetovanje,<\/li>\n\n\n\n<li>neposredna pomo\u010d otrokom,<\/li>\n\n\n\n<li>neposredna pomo\u010d otrokom,<\/li>\n\n\n\n<li>pomo\u010d otrokom s posebnimi potrebami,<\/li>\n\n\n\n<li>pomo\u010d otrokom z razvojnimi te\u017eavami,<\/li>\n\n\n\n<li>posvetovanje ob stiskah in kriti\u010dnih situacijah v dru\u017eini,<\/li>\n\n\n\n<li>pomo\u010d otrokom s te\u017eavami, ki izvirajo iz socialnega okolja,<\/li>\n\n\n\n<li>pomo\u010d otrokom pri uvajanju v vrtec, pri prehodu iz ene skupine v drugo in pri prehodu v \u0161olo,<\/li>\n\n\n\n<li>spodbujanje razvoja vseh vidikov otrokove osebnosti.<\/li>\n<\/ul>\n\n\n\n<p><br>Za svetovanje in posvetovanje se lahko dogovorite osebno, po telefonu ali preko elektronske po\u0161te.<\/p>\n\n\n\n<p><br>Odnos med vrtcem in star\u0161i kot partnerji je pomemben za kvalitetno vsakdanje \u017eivljenje pred\u0161olskih<br>otrok.<\/p>\n\n\n\n<p><br>Vrtec in dru\u017eina se odpirata drug drugemu. Z vstopom otroka v vrtec je potrebno na novo opredeliti<br>sodelovanje, vzajemno spo\u0161tovanje, upo\u0161tevanje druga\u010dnosti, zasebnosti in intimnosti dru\u017ein na eni<br>strani in ohranjati strokovno avtonomijo vrtca na drugi strani.<\/p>\n\n\n\n<p><br>Svetovalna slu\u017eba opravlja tudi naloge strokovne delavke za zgodnjo obravnavo in dodatno strokovno<br>pomo\u010d (DSP) za otroke s posebnimi potrebami na osnovi odlo\u010dbe oz. zapisnika multidisciplinarnega<br>tima oz. zapisnika na\u010drta pomo\u010di dru\u017eini ali priporo\u010dila po opravljeni diagnostiki znotraj vrtca oz.<br>priporo\u010dila zunanje institucije. To so otroci, ki potrebujejo spodbude na posameznih podro\u010djih<br>(pozornost, koli\u010dinski pojmi, grafomotorika\u2026) ali otroci, ki imajo celostno upo\u010dasnjen razvoj in so<br>vklju\u010deni v redne oddelke.<\/p>\n\n\n\n<p><br>Otroci, ki imajo ve\u010dje razvojne primanjkljaje so vklju\u010deni v prilagojen program vrtca, ki deluje v enoti<br>Lehte v Se\u017eani.<\/p>\n\n\n\n<p><br>Za otroke z Odlo\u010dbo komisije za usmerjanje, zapisnika multidisciplinarnega tima ali zapisnika na\u010drta<br>pomo\u010di dru\u017eini Razvojne ambulante Koper z vklju\u010denim centrom za zgodnjo obravnavo in Razvojne<br>ambulante Stara Gora, ki deluje v okviru Splo\u0161ne bolni\u0161nice dr. Franca Derganca Nova Gorica,<br>imenuje ravnateljica vrtca strokovno skupino za zgodnjo obravnavo, ki jo sestavljajo vzgojiteljica in<br>pomo\u010dnica vzgojiteljice v oddelku, izvajalka zgodnje obravnave oz. izvajalka dodatne strokovne<br>pomo\u010di mag. prof. pedagoginja, svetovalna delavka ter zunanja izvajalka dodatne strokovne pomo\u010di,<br>zapisana v Odlo\u010dbi oz. v zapisniku (logopedinja, surdopedagoginja, tiflopedagoginja\u2026). Za izvajanje<br>dodatne strokovne pomo\u010di logopeda, &nbsp;surdopedagoga, defektologa ali tiflopedagoga Vrtec Se\u017eana<br>zaprosi ustrezno institucijo za zagotavljanje pomo\u010di (Center za komunikacijo, sluh in govor Portoro\u017e,<br>CIRIUS Kamnik, IRIS Ljubljana).<\/p>\n\n\n\n<p>Za vsakega otroka oblikujemo individualiziran program (IP), v katerega so kot pomemben \u010dlen<br>vklju\u010deni star\u0161i, ki s svojimi opa\u017eanji in spremljanjem otrokovega napredka ali drugih posebnosti<br>pripomorejo k realnim, merljivim ciljem in na ta na\u010din optimalnemu razvoju otroka.<\/p>\n\n\n\n<p><br>Izvajalka dodatne strokovne pomo\u010di:&nbsp;<br>Tina Godina Babuder, mag. prof. ped.<br>Telefon: 041 474 140<br>e-po\u0161ta: tina.godina-babuder@guest.arnes.si<br>Sede\u017e: Enota Lehte \u2013 novi del, Regentova ul. 1, Se\u017eana<\/p>\n\n\n\n<p><br>Delo izvajalke dodatne strokovne pomo\u010di zajema:<\/p>\n\n\n\n<ul>\n<li>izvajanje dodatne strokovne pomo\u010di storitve zgodnje obravnave individualno ali v skupini, v<br>ali izven oddelka, v skladu z odlo\u010dbo o usmeritvi oz. zapisnikom MDT oz. na\u010drtom pomo\u010di<br>dru\u017eini<\/li>\n\n\n\n<li>diagnostiko otroka in izdelavo individualiziranega programa (IP),<\/li>\n\n\n\n<li>organizira in vodi sestanke strokovne skupine za zgodnjo obravnavo,<\/li>\n\n\n\n<li>vzgojiteljem, pomo\u010dnikom vzgojiteljev in star\u0161em nudi strokovno pomo\u010d ter svetovanje,<\/li>\n\n\n\n<li>sodeluje z vzgojitelji in pomo\u010dniki vzgojiteljev pri informiranju star\u0161ev drugih otrok v vrtcu,<\/li>\n\n\n\n<li>glede na otrokov odziv dopolnjuje in korigira individualiziran program,<\/li>\n\n\n\n<li>izdela kon\u010dno evalvacijsko poro\u010dilo,<\/li>\n\n\n\n<li>sodeluje z drugimi strokovnjaki in ustanovami izven vrtca.<\/li>\n<\/ul>\n\n\n\n<p><a href=\"http:\/\/977.ablak.arnes.si\/wp-content\/uploads\/2024\/01\/Prilagojeni-program-za-predsolske-otroke-s-posebnimi-potrebami-v-obalno-kraski-regiji.pdf\">ZGIBANKA: Prilagojeni program za pred\u0161olske otroke s posebnimi potrebami v obalno-kra\u0161ki regiji<\/a><\/p>\n<\/div>\n<\/div>\n","protected":false},"excerpt":{"rendered":"<p>Za svetovanje in posvetovanje se lahko dogovorite osebno, po telefonu ali preko elektronske po\u0161te. Zadol\u017eeni za: Ime in priimek Telefon E-po\u0161ta Za enote Lehte, Dutovlje, Komen, \u0160tanjel, Seno\u017ee\u010de in Tomaj Katrin \u010ce\u0161\u010dut Bandelj, mag. psih. +386 (0) 41 302 132 katrin.cescut@guest.arnes.si Za&#8230;<\/p>\n","protected":false},"author":1,"featured_media":0,"parent":0,"menu_order":0,"comment_status":"closed","ping_status":"closed","template":"","meta":{"footnotes":""},"_links":{"self":[{"href":"https:\/\/vrtec-sezana.si\/index.php?rest_route=\/wp\/v2\/pages\/658"}],"collection":[{"href":"https:\/\/vrtec-sezana.si\/index.php?rest_route=\/wp\/v2\/pages"}],"about":[{"href":"https:\/\/vrtec-sezana.si\/index.php?rest_route=\/wp\/v2\/types\/page"}],"author":[{"embeddable":true,"href":"https:\/\/vrtec-sezana.si\/index.php?rest_route=\/wp\/v2\/users\/1"}],"replies":[{"embeddable":true,"href":"https:\/\/vrtec-sezana.si\/index.php?rest_route=%2Fwp%2Fv2%2Fcomments&post=658"}],"version-history":[{"count":10,"href":"https:\/\/vrtec-sezana.si\/index.php?rest_route=\/wp\/v2\/pages\/658\/revisions"}],"predecessor-version":[{"id":14679,"href":"https:\/\/vrtec-sezana.si\/index.php?rest_route=\/wp\/v2\/pages\/658\/revisions\/14679"}],"wp:attachment":[{"href":"https:\/\/vrtec-sezana.si\/index.php?rest_route=%2Fwp%2Fv2%2Fmedia&parent=658"}],"curies":[{"name":"wp","href":"https:\/\/api.w.org\/{rel}","templated":true}]}}