{"id":5439,"date":"2024-02-02T09:27:39","date_gmt":"2024-02-02T08:27:39","guid":{"rendered":"http:\/\/977.ablak.arnes.si\/?page_id=5439"},"modified":"2025-12-05T13:10:54","modified_gmt":"2025-12-05T12:10:54","slug":"sodelovanje-s-starsi-2","status":"publish","type":"page","link":"https:\/\/vrtec-sezana.si\/?page_id=5439","title":{"rendered":"SODELOVANAJE S STAR\u0160I"},"content":{"rendered":"\n<div style=\"height:100px\" aria-hidden=\"true\" class=\"wp-block-spacer\"><\/div>\n\n\n\n<h2 class=\"wp-block-heading\">SODELOVANAJE S STAR\u0160I<\/h2>\n\n\n\n<div style=\"height:50px\" aria-hidden=\"true\" class=\"wp-block-spacer\"><\/div>\n\n\n\n<p><strong>\u0160OLA ZA STAR\u0160E<\/strong><\/p>\n\n\n\n<p>V na\u0161em vrtcu \u017ee vrsto let&nbsp;poteka \u0160ola za star\u0161e. Gre za eno izmed oblik sodelovanja s star\u0161i, kjer se&nbsp;skupaj s priznanimi strokovnjaki pogovarjamo o razvoju in vzgoji otrok, izmenjujemo izku\u0161nje ter i\u0161\u010demo odgovore na razli\u010dna vpra\u0161anja in dileme<br>star\u0161ev. Sre\u010danja potekajo v \u017eivo ali preko spletnih platform.&nbsp;<\/p>\n\n\n\n<p><strong>Teme in datumi predavanj v \u0161olskem letu 2025\/26 so:<\/strong><\/p>\n\n\n\n<figure class=\"wp-block-table\"><table><tbody><tr><td>Datum in ura<\/td><td>Vsebina<\/td><td>Predavatelj-ica<\/td><\/tr><tr><td>21. 10. 2025 ob 17.00<br>(ZOOM)<\/td><td>Razumevanje otrokove trme: Kako mirno obvladati izbruhe jeze in ne\u017eelenega vedenja<\/td><td>asist. Samanta Hervol, mag. psih.<\/td><\/tr><tr><td>13.11.2025 ob 17.00 (ZOOM)<\/td><td>Motivacija, razvajenost in samostojnost: &#8220;Od mami pomagaj do mami poglej.&#8221;<\/td><td>Barbara Cvetko, Hi\u0161a Firbca<\/td><\/tr><tr><td>od januarja do aprila 2026<\/td><td>Sre\u010danja za star\u0161e po ob\u010dinskih sredi\u0161\u010dih<\/td><td>Svetovalna slu\u017eba Vrtca Se\u017eana<\/td><\/tr><\/tbody><\/table><\/figure>\n\n\n\n<p>Predavanja v sklopu projekta&nbsp;\u201c\u0160ola za star\u0161e\u201d so sofinancirana s strani Lokalne akcijske skupine&nbsp;Se\u017eana. <img decoding=\"async\" loading=\"lazy\" width=\"253\" height=\"197\" class=\"wp-image-18503\" style=\"width: 150px;\" src=\"https:\/\/vrtec-sezana.si\/wp-content\/uploads\/2024\/12\/LAS-Sezana-Logotip-1.png\" alt=\"\"><\/p>\n\n\n\n<p><\/p>\n\n\n\n<p>Koordinatorke: Lucija Gerdevi\u010d, Tijana Zlobec in Katrin \u010ce\u0161\u010dut Bandelj.<\/p>\n\n\n\n<p><\/p>\n\n\n\n<p><\/p>\n\n\n\n<h3 class=\"wp-block-heading\">Povzetki predavanj<\/h3>\n\n\n\n<p><span style=\"text-decoration: underline;\">\u0160ola za star\u0161e 2025\/26<\/span><\/p>\n\n\n\n<ol>\n<li>21. 10. 2025: Samanta Hervol (Lumina) &#8211; Razumevanje otrokove trme<\/li>\n<\/ol>\n\n\n\n<div class=\"wp-block-file aligncenter\"><a id=\"wp-block-file--media-e9154410-858a-4c95-a567-08d37ca5f54c\" href=\"https:\/\/vrtec-sezana.si\/wp-content\/uploads\/2025\/11\/Razumevanje-otrokove-trme_21-10-2025.pdf\" target=\"_blank\" rel=\"noreferrer noopener\">Razumevanje-otrokove-trme_21-10-2025<\/a><a href=\"https:\/\/vrtec-sezana.si\/wp-content\/uploads\/2025\/11\/Razumevanje-otrokove-trme_21-10-2025.pdf\" class=\"wp-block-file__button wp-element-button\" download aria-describedby=\"wp-block-file--media-e9154410-858a-4c95-a567-08d37ca5f54c\">Download<\/a><\/div>\n\n\n\n<ol>\n<li>13. 11. 2025: Barbara Cvetko (Hi\u0161a Firbca) &#8211; Motivacija, razvajenost in samostojnost: &#8220;Od mami pomagaj do mami poglej.&#8221;<\/li>\n<\/ol>\n\n\n\n<div class=\"wp-block-file aligncenter\"><a id=\"wp-block-file--media-4b530d71-b395-4765-952f-2e2b51dfcea8\" href=\"https:\/\/vrtec-sezana.si\/wp-content\/uploads\/2025\/12\/Motivacija-razvajenost-samostojnost_13-11-2025.pdf\" target=\"_blank\" rel=\"noreferrer noopener\">Motivacija-razvajenost-samostojnost_13-11-2025<\/a><a href=\"https:\/\/vrtec-sezana.si\/wp-content\/uploads\/2025\/12\/Motivacija-razvajenost-samostojnost_13-11-2025.pdf\" class=\"wp-block-file__button wp-element-button\" download aria-describedby=\"wp-block-file--media-4b530d71-b395-4765-952f-2e2b51dfcea8\">Download<\/a><\/div>\n\n\n\n<div class=\"wp-block-file aligncenter\"><a id=\"wp-block-file--media-0d1dbbc0-1b76-48d5-8946-1d2acf3328da\" href=\"https:\/\/vrtec-sezana.si\/wp-content\/uploads\/2025\/12\/Podrocja-odgovornosti-HISA-FIRBCA.pdf\" target=\"_blank\" rel=\"noreferrer noopener\">Podrocja-odgovornosti-HISA-FIRBCA<\/a><a href=\"https:\/\/vrtec-sezana.si\/wp-content\/uploads\/2025\/12\/Podrocja-odgovornosti-HISA-FIRBCA.pdf\" class=\"wp-block-file__button wp-element-button\" download aria-describedby=\"wp-block-file--media-0d1dbbc0-1b76-48d5-8946-1d2acf3328da\">Download<\/a><\/div>\n\n\n\n<p>.<\/p>\n\n\n\n<p><span style=\"text-decoration: underline;\">\u0160ola za star\u0161e 2024\/25<\/span><\/p>\n\n\n\n<ol>\n<li>7. 10. 2024: Janez Arh (LOGOUT) &#8211; Dru\u017einska e-pravila <\/li>\n<\/ol>\n\n\n\n<div class=\"wp-block-file aligncenter\"><a id=\"wp-block-file--media-25dc2cd4-4de3-4940-af4c-cea56fb3136b\" href=\"https:\/\/vrtec-sezana.si\/wp-content\/uploads\/2024\/12\/Druzinska-e-pravila_7-10-2024.pdf\" target=\"_blank\" rel=\"noreferrer noopener\">Druzinska-e-pravila_7-10-2024<\/a><a href=\"https:\/\/vrtec-sezana.si\/wp-content\/uploads\/2024\/12\/Druzinska-e-pravila_7-10-2024.pdf\" class=\"wp-block-file__button wp-element-button\" download aria-describedby=\"wp-block-file--media-25dc2cd4-4de3-4940-af4c-cea56fb3136b\">Download<\/a><\/div>\n\n\n\n<ol>\n<li>2. 22. 10. 2024: Damjana \u0160mid &#8211; Vzgoja otrok v dana\u0161njem \u010dasu<\/li>\n<\/ol>\n\n\n\n<div class=\"wp-block-file aligncenter\"><a id=\"wp-block-file--media-c94813e9-af93-4290-a96d-941eb5ffeeed\" href=\"https:\/\/vrtec-sezana.si\/wp-content\/uploads\/2024\/12\/Vzgoja-otrok-v-danasnjem-casu_22-10-2024.pdf\">Vzgoja-otrok-v-danasnjem-casu_22-10-2024<\/a><a href=\"https:\/\/vrtec-sezana.si\/wp-content\/uploads\/2024\/12\/Vzgoja-otrok-v-danasnjem-casu_22-10-2024.pdf\" class=\"wp-block-file__button wp-element-button\" download aria-describedby=\"wp-block-file--media-c94813e9-af93-4290-a96d-941eb5ffeeed\">Download<\/a><\/div>\n\n\n\n<ol>\n<li>3. 28. 11. 2024: dr. Jurka Lepi\u010dnik Vodopivec &#8211; Sodelovanje vrtca in star\u0161ev<\/li>\n<\/ol>\n\n\n\n<div class=\"wp-block-file aligncenter\"><a id=\"wp-block-file--media-96ae0b0d-4944-4a0c-9b41-da19f99221f8\" href=\"https:\/\/vrtec-sezana.si\/wp-content\/uploads\/2024\/12\/Sodelovanje-vrtca-in-starsev_28-11-2024.pdf\">Sodelovanje-vrtca-in-starsev_28-11-2024<\/a><a href=\"https:\/\/vrtec-sezana.si\/wp-content\/uploads\/2024\/12\/Sodelovanje-vrtca-in-starsev_28-11-2024.pdf\" class=\"wp-block-file__button wp-element-button\" download aria-describedby=\"wp-block-file--media-96ae0b0d-4944-4a0c-9b41-da19f99221f8\">Download<\/a><\/div>\n\n\n\n<p><\/p>\n\n\n\n<p><strong>PROTOKOL POSTOPNEGA RE\u0160EVANJA TE\u017dAV<\/strong>:<\/p>\n\n\n\n<p><a href=\"https:\/\/vrtec-sezana.si\/wp-content\/uploads\/2025\/05\/Protokol-postopnega-resevanja-tezav-Vrtec-Sezana.pdf\" data-type=\"link\" data-id=\"https:\/\/vrtec-sezana.si\/wp-content\/uploads\/2025\/05\/Protokol-postopnega-resevanja-tezav-Vrtec-Sezana.pdf\">https:\/\/vrtec-sezana.si\/wp-content\/uploads\/2025\/05\/Protokol-postopnega-resevanja-tezav-Vrtec-Sezana.pdf<\/a><\/p>\n","protected":false},"excerpt":{"rendered":"<p>SODELOVANAJE S STAR\u0160I \u0160OLA ZA STAR\u0160E V na\u0161em vrtcu \u017ee vrsto let&nbsp;poteka \u0160ola za star\u0161e. Gre za eno izmed oblik sodelovanja s star\u0161i, kjer se&nbsp;skupaj s priznanimi strokovnjaki pogovarjamo o razvoju in vzgoji otrok, izmenjujemo izku\u0161nje ter i\u0161\u010demo odgovore na razli\u010dna vpra\u0161anja&#8230;<\/p>\n","protected":false},"author":3,"featured_media":0,"parent":0,"menu_order":0,"comment_status":"closed","ping_status":"closed","template":"","meta":{"footnotes":""},"_links":{"self":[{"href":"https:\/\/vrtec-sezana.si\/index.php?rest_route=\/wp\/v2\/pages\/5439"}],"collection":[{"href":"https:\/\/vrtec-sezana.si\/index.php?rest_route=\/wp\/v2\/pages"}],"about":[{"href":"https:\/\/vrtec-sezana.si\/index.php?rest_route=\/wp\/v2\/types\/page"}],"author":[{"embeddable":true,"href":"https:\/\/vrtec-sezana.si\/index.php?rest_route=\/wp\/v2\/users\/3"}],"replies":[{"embeddable":true,"href":"https:\/\/vrtec-sezana.si\/index.php?rest_route=%2Fwp%2Fv2%2Fcomments&post=5439"}],"version-history":[{"count":21,"href":"https:\/\/vrtec-sezana.si\/index.php?rest_route=\/wp\/v2\/pages\/5439\/revisions"}],"predecessor-version":[{"id":31255,"href":"https:\/\/vrtec-sezana.si\/index.php?rest_route=\/wp\/v2\/pages\/5439\/revisions\/31255"}],"wp:attachment":[{"href":"https:\/\/vrtec-sezana.si\/index.php?rest_route=%2Fwp%2Fv2%2Fmedia&parent=5439"}],"curies":[{"name":"wp","href":"https:\/\/api.w.org\/{rel}","templated":true}]}}