{"id":5432,"date":"2024-02-02T09:19:42","date_gmt":"2024-02-02T08:19:42","guid":{"rendered":"http:\/\/977.ablak.arnes.si\/?page_id=5432"},"modified":"2026-04-10T13:15:55","modified_gmt":"2026-04-10T12:15:55","slug":"kontakti_svetovalna","status":"publish","type":"page","link":"https:\/\/vrtec-sezana.si\/?page_id=5432","title":{"rendered":"Kontakti svetovalna slu\u017eba"},"content":{"rendered":"\n<div style=\"height:100px\" aria-hidden=\"true\" class=\"wp-block-spacer\"><\/div>\n\n\n\n<h2 class=\"wp-block-heading\">KONTAKTI SVETOVALNA SLU\u017dBA<\/h2>\n\n\n\n<div style=\"height:50px\" aria-hidden=\"true\" class=\"wp-block-spacer\"><\/div>\n\n\n\n<p> <strong>Za svetovanje in posvetovanje se lahko dogovorite osebno, po telefonu ali preko elektronske po\u0161te.<\/strong><\/p>\n\n\n\n<figure class=\"wp-block-table is-style-regular has-medium-font-size\" style=\"line-height:1\"><table class=\"has-background\" style=\"background-color:#abb7c242\"><thead><tr><th class=\"has-text-align-left\" data-align=\"left\">Zadol\u017eeni za:<\/th><th class=\"has-text-align-left\" data-align=\"left\">Ime in priimek<\/th><th class=\"has-text-align-left\" data-align=\"left\"><i class=\"fas fa-phone-volume\"><\/i>  Telefon<\/th><th class=\"has-text-align-left\" data-align=\"left\"><i class=\"fas fa-envelope\"><\/i>  E-po\u0161ta<\/th><\/tr><\/thead><tbody><tr><td class=\"has-text-align-left\" data-align=\"left\"><\/td><td class=\"has-text-align-left\" data-align=\"left\"><\/td><td class=\"has-text-align-left\" data-align=\"left\"><\/td><td class=\"has-text-align-left\" data-align=\"left\"><\/td><\/tr><tr><td class=\"has-text-align-left\" data-align=\"left\">Za enote Lehte, Diva\u010da, Povir, Hrpelje in Materija<\/td><td class=\"has-text-align-left\" data-align=\"left\">Tijana Zlobec Brato\u017e,\u00a0mag. prof. inkl. ped<\/td><td class=\"has-text-align-left\" data-align=\"left\">+386 (0) 51 215 641<\/td><td class=\"has-text-align-left\" data-align=\"left\">tijana.zlobec1@guest.arnes.si<\/td><\/tr><tr><td class=\"has-text-align-left\" data-align=\"left\">Za enote Se\u017eana, Komen, \u0160tanjel, Lokev, Dutovlje, Tomaj in Seno\u017ee\u010de<\/td><td class=\"has-text-align-left\" data-align=\"left\">Lucija Gerdevi\u010d, mag. prof. ped.<\/td><td class=\"has-text-align-left\" data-align=\"left\">+386 (0) 41 493 648<\/td><td class=\"has-text-align-left\" data-align=\"left\">lucija.gerdevic@guest.arnes.si<\/td><\/tr><tr><td class=\"has-text-align-left\" data-align=\"left\">Izvajalka dodatne strokovne pomo\u010di<\/td><td class=\"has-text-align-left\" data-align=\"left\">Tina Godina Babuder, mag. prof. ped.<\/td><td class=\"has-text-align-left\" data-align=\"left\">+386 (0) 41 474 140<\/td><td class=\"has-text-align-left\" data-align=\"left\">tina.godina-babuder@guest.arnes.si<\/td><\/tr><\/tbody><\/table><\/figure>\n\n\n\n<p><strong>Zunanji sodelavci Vrtca Se\u017eana in izvajalci dodatne strokovne pomo\u010di<\/strong>:<\/p>\n\n\n\n<p>LOGOPEDINJE (CKSG Portoro\u017e)<\/p>\n\n\n\n<p><strong>Ada Mahne,<\/strong> prof. def.<br>Informacije in naro\u010danja:<br>Od ponedeljka do petka med 8.00 do 12.00 na telefonski \u0161tevilki 031 727 334.<br>&nbsp;<br>Hrpelje-Materija:<br><strong>Barbara Rot<\/strong>, prof. def.<br>Informacije na e-po\u0161to:<br>barbara.rot@cksg.si<br>&nbsp;<br>Seno\u017ee\u010de-Diva\u010da:<br><strong>Teja Srpan<\/strong>, prof. def.<br>Informacije vsak delovni dan do 14.00:<br>Tel. \u0161t.: 040 187 277<br>E-po\u0161ta:&nbsp;teja.srpan@gmail.com<\/p>\n\n\n\n<p><\/p>\n\n\n\n<p>SPECIALNE IN REHABILITACIJSKE PEDAGOGINJE<\/p>\n\n\n\n<p>CKSG Portoro\u017e<br><strong>Nata\u0161a Metlika<\/strong>, prof. def.<br>Informacije na e-po\u0161to:<br>natasa.metlika@cksg.si<\/p>\n\n\n\n<p><strong>Anja \u0160trekelj<\/strong>, prof. def.<br>Informacije na e-po\u0161to:<br>anja.strekelj@cksg.si<\/p>\n\n\n\n<p>CIRIUS Kamnik<br><strong>Ajda Eiselt \u010creslovnik<\/strong>, prof. def.<br>Informacije na e-po\u0161to:<br>ajda.eiselt@cirius-kamnik.si<\/p>\n\n\n\n<p>TIFLOPEDAGOGINJA (IRIS Ljubljana)<\/p>\n\n\n\n<p>dr. <strong>Mateja Maljevac<\/strong><br>Informacije na e-po\u0161to:<br>mateja.maljevac@center-iris.si<\/p>\n","protected":false},"excerpt":{"rendered":"<p>KONTAKTI SVETOVALNA SLU\u017dBA Za svetovanje in posvetovanje se lahko dogovorite osebno, po telefonu ali preko elektronske po\u0161te. Zadol\u017eeni za: Ime in priimek Telefon E-po\u0161ta Za enote Lehte, Diva\u010da, Povir, Hrpelje in Materija Tijana Zlobec Brato\u017e,\u00a0mag. prof. inkl. ped +386 (0) 51 215&#8230;<\/p>\n","protected":false},"author":3,"featured_media":0,"parent":0,"menu_order":0,"comment_status":"closed","ping_status":"closed","template":"","meta":{"footnotes":""},"_links":{"self":[{"href":"https:\/\/vrtec-sezana.si\/index.php?rest_route=\/wp\/v2\/pages\/5432"}],"collection":[{"href":"https:\/\/vrtec-sezana.si\/index.php?rest_route=\/wp\/v2\/pages"}],"about":[{"href":"https:\/\/vrtec-sezana.si\/index.php?rest_route=\/wp\/v2\/types\/page"}],"author":[{"embeddable":true,"href":"https:\/\/vrtec-sezana.si\/index.php?rest_route=\/wp\/v2\/users\/3"}],"replies":[{"embeddable":true,"href":"https:\/\/vrtec-sezana.si\/index.php?rest_route=%2Fwp%2Fv2%2Fcomments&post=5432"}],"version-history":[{"count":15,"href":"https:\/\/vrtec-sezana.si\/index.php?rest_route=\/wp\/v2\/pages\/5432\/revisions"}],"predecessor-version":[{"id":35390,"href":"https:\/\/vrtec-sezana.si\/index.php?rest_route=\/wp\/v2\/pages\/5432\/revisions\/35390"}],"wp:attachment":[{"href":"https:\/\/vrtec-sezana.si\/index.php?rest_route=%2Fwp%2Fv2%2Fmedia&parent=5432"}],"curies":[{"name":"wp","href":"https:\/\/api.w.org\/{rel}","templated":true}]}}