{"id":5130,"date":"2024-01-30T12:42:02","date_gmt":"2024-01-30T11:42:02","guid":{"rendered":"http:\/\/977.ablak.arnes.si\/?page_id=5130"},"modified":"2024-04-18T12:13:46","modified_gmt":"2024-04-18T11:13:46","slug":"javna-narocila","status":"publish","type":"page","link":"https:\/\/vrtec-sezana.si\/?page_id=5130","title":{"rendered":"Javna naro\u010dila"},"content":{"rendered":"\n<div style=\"height:100px\" aria-hidden=\"true\" class=\"wp-block-spacer\"><\/div>\n\n\n\n<h2 class=\"wp-block-heading\">JAVNA NARO\u010cILA<\/h2>\n\n\n\n<div style=\"height:50px\" aria-hidden=\"true\" class=\"wp-block-spacer\"><\/div>\n\n\n\n<p>Aktualna:<\/p>\n\n\n\n<p><a href=\"https:\/\/vrtec-sezana.si\/?page_id=10976\" data-type=\"link\" data-id=\"https:\/\/vrtec-sezana.si\/?page_id=10976\"><mark style=\"background-color:rgba(0, 0, 0, 0);color:#1d96aa\" class=\"has-inline-color\">Okolju prijazno \u010di\u0161\u010denje &#8211; Vrtec Se\u017eana<\/mark><\/a><\/p>\n\n\n\n<div style=\"height:550px\" aria-hidden=\"true\" class=\"wp-block-spacer\"><\/div>\n","protected":false},"excerpt":{"rendered":"<p>JAVNA NARO\u010cILA Aktualna: Okolju prijazno \u010di\u0161\u010denje &#8211; Vrtec Se\u017eana<\/p>\n","protected":false},"author":3,"featured_media":0,"parent":0,"menu_order":0,"comment_status":"closed","ping_status":"closed","template":"","meta":{"footnotes":""},"_links":{"self":[{"href":"https:\/\/vrtec-sezana.si\/index.php?rest_route=\/wp\/v2\/pages\/5130"}],"collection":[{"href":"https:\/\/vrtec-sezana.si\/index.php?rest_route=\/wp\/v2\/pages"}],"about":[{"href":"https:\/\/vrtec-sezana.si\/index.php?rest_route=\/wp\/v2\/types\/page"}],"author":[{"embeddable":true,"href":"https:\/\/vrtec-sezana.si\/index.php?rest_route=\/wp\/v2\/users\/3"}],"replies":[{"embeddable":true,"href":"https:\/\/vrtec-sezana.si\/index.php?rest_route=%2Fwp%2Fv2%2Fcomments&post=5130"}],"version-history":[{"count":10,"href":"https:\/\/vrtec-sezana.si\/index.php?rest_route=\/wp\/v2\/pages\/5130\/revisions"}],"predecessor-version":[{"id":10990,"href":"https:\/\/vrtec-sezana.si\/index.php?rest_route=\/wp\/v2\/pages\/5130\/revisions\/10990"}],"wp:attachment":[{"href":"https:\/\/vrtec-sezana.si\/index.php?rest_route=%2Fwp%2Fv2%2Fmedia&parent=5130"}],"curies":[{"name":"wp","href":"https:\/\/api.w.org\/{rel}","templated":true}]}}