{"id":5123,"date":"2024-01-30T12:37:41","date_gmt":"2024-01-30T11:37:41","guid":{"rendered":"http:\/\/977.ablak.arnes.si\/?page_id=5123"},"modified":"2025-10-24T08:46:58","modified_gmt":"2025-10-24T07:46:58","slug":"informacije-javnega-znacaja","status":"publish","type":"page","link":"https:\/\/vrtec-sezana.si\/?page_id=5123","title":{"rendered":"Informacije javnega zna\u010daja"},"content":{"rendered":"\n<div style=\"height:100px\" aria-hidden=\"true\" class=\"wp-block-spacer\"><\/div>\n\n\n\n<h2 class=\"wp-block-heading\">INFROMACIJE JAVNEGA ZNA\u010cAJA<\/h2>\n\n\n\n<div style=\"height:100px\" aria-hidden=\"true\" class=\"wp-block-spacer\"><\/div>\n\n\n\n<div class=\"wp-block-columns is-layout-flex wp-container-3 wp-block-columns-is-layout-flex\">\n<div class=\"wp-block-column is-layout-flow wp-block-column-is-layout-flow\" style=\"flex-basis:33.33%\">\n<p><strong>1. Osnovni podatki o katalogu<\/strong><\/p>\n\n\n\n<p><strong>Naziv zavoda:<\/strong><\/p>\n\n\n\n<p>Vrtec Se\u017eana<br>Ulica Jo\u017eeta Pahorja 1<br>6210 Se\u017eana<br>Tel: +386 5 7310 220<br>Fax: +386 5 7310 226<\/p>\n\n\n\n<p><strong>Odgovorna uradna oseba:<\/strong><\/p>\n\n\n\n<p>Teja \u010ceh Svetina, ravnateljica<br>Tel: +386 5 7310 222<br><\/p>\n<\/div>\n\n\n\n<div class=\"wp-block-column is-layout-flow wp-block-column-is-layout-flow\" style=\"flex-basis:66.66%\">\n<figure class=\"wp-block-image size-large\"><img decoding=\"async\" loading=\"lazy\" width=\"1024\" height=\"768\" src=\"http:\/\/977.ablak.arnes.si\/wp-content\/uploads\/2024\/01\/20240129_123535-1024x768.jpg\" alt=\"\" class=\"wp-image-5294\" srcset=\"https:\/\/vrtec-sezana.si\/wp-content\/uploads\/2024\/01\/20240129_123535-1024x768.jpg 1024w, https:\/\/vrtec-sezana.si\/wp-content\/uploads\/2024\/01\/20240129_123535-300x225.jpg 300w, https:\/\/vrtec-sezana.si\/wp-content\/uploads\/2024\/01\/20240129_123535-768x576.jpg 768w, https:\/\/vrtec-sezana.si\/wp-content\/uploads\/2024\/01\/20240129_123535-1536x1152.jpg 1536w, https:\/\/vrtec-sezana.si\/wp-content\/uploads\/2024\/01\/20240129_123535-2048x1536.jpg 2048w\" sizes=\"(max-width: 1024px) 100vw, 1024px\" \/><\/figure>\n<\/div>\n<\/div>\n\n\n\n<p><strong>2. Splo\u0161ni podatki o zavodu in informacijah javnega zna\u010daja s katerimi razpolaga<\/strong><\/p>\n\n\n\n<div class=\"wp-block-columns is-layout-flex wp-container-6 wp-block-columns-is-layout-flex\">\n<div class=\"wp-block-column is-layout-flow wp-block-column-is-layout-flow\">\n<p><strong>2.a Organigram in podatki o organizaciji zavoda<\/strong><\/p>\n\n\n\n<p><strong>Kratek opis delovnega podro\u010dja zavoda:&nbsp;<\/strong><\/p>\n\n\n\n<p>Vzgoja in izobra\u017eevanje pred\u0161olskih otrok<\/p>\n\n\n\n<p><strong>Seznam vseh notranjih organizacijskih enot:<\/strong><\/p>\n\n\n\n<p>Vrtec Se\u017eana,&nbsp;Ulica Jo\u017eeta Pahorja 1,&nbsp;6210 Se\u017eana<\/p>\n\n\n\n<ol>\n<li>Enota Se\u017eana,Ulica Jo\u017eeta Pahorja 1, 6210 Se\u017eana<\/li>\n\n\n\n<li>Enota Lehte, Regentova 1, 6210 Se\u017eana<\/li>\n\n\n\n<li>Enota Diva\u010da, Kosovelova 24, 6215 Diva\u010da<\/li>\n\n\n\n<li>Enota Dutovlje, Dutovlje 136, 6221 Dutovlje<\/li>\n\n\n\n<li>Enota Hrpelje, ul. Dragomirja B. Brkina 4, Hrpelje, 6240 Kozina<\/li>\n\n\n\n<li>Enota Komen, Komen 61 b, 6223 Komen<\/li>\n\n\n\n<li>Enota Lokev, Lokev 124, 7217 Lokev<\/li>\n\n\n\n<li>Enota Materija, Ba\u010d pri Materiji 28 c, 6242 Materija<\/li>\n\n\n\n<li>Enota Povir, Povir 24, 6210 Se\u017eana<\/li>\n\n\n\n<li>Enota Seno\u017ee\u010de, Seno\u017ee\u010de 103a, 6224 Seno\u017ee\u010de<\/li>\n\n\n\n<li>Enota \u0160tanjel, \u0160tanjel 75, 6222 \u0160tanjel<\/li>\n\n\n\n<li>Enota Tomaj, Tomaj 63, 6221 Dutovlje<\/li>\n<\/ol>\n\n\n\n<div style=\"height:50px\" aria-hidden=\"true\" class=\"wp-block-spacer\"><\/div>\n\n\n\n<p><strong>2.c Seznam zakonov, podzakonskih aktov in predpisov Evropskih skupnosti z delovnega podro\u010dja organa (preko dr\u017eavnega, lokalnega oziroma evropskega registra predpisov)<\/strong><\/p>\n\n\n\n<p><strong>Notranji predpisi:<\/strong><\/p>\n\n\n\n<ul>\n<li>Akt o ustanovitvi<\/li>\n\n\n\n<li>Pravilnik o zavarovanju osebnih podatkov<\/li>\n\n\n\n<li>Pravilnik o ra\u010dunovodstvu<\/li>\n\n\n\n<li>Po\u017earni red<\/li>\n\n\n\n<li>Pravilnik o sistemizaciji delovnih mest<\/li>\n\n\n\n<li>Kriteriji in postopki za sprejem otrok v vrtec<\/li>\n<\/ul>\n\n\n\n<p><strong>Dr\u017eavni predpisi:<\/strong><\/p>\n\n\n\n<ol>\n<li><a rel=\"noreferrer noopener\" href=\"http:\/\/pisrs.si\/Pis.web\/pregledPredpisa?id=ZAKO10\" target=\"_blank\"><mark style=\"background-color:rgba(0, 0, 0, 0);color:#1d96ab\" class=\"has-inline-color\">Zakon o zavodih<\/mark><\/a><\/li>\n\n\n\n<li><a href=\"http:\/\/www.pisrs.si\/Pis.web\/pregledPredpisa?id=ZAKO445\" target=\"_blank\" rel=\"noreferrer noopener\"><mark style=\"background-color:rgba(0, 0, 0, 0);color:#1a96aa\" class=\"has-inline-color\">Zakon o organizaciji in financiranju vzgoje in izobra\u017eevanja<\/mark><\/a><\/li>\n\n\n\n<li><a rel=\"noreferrer noopener\" href=\"http:\/\/pisrs.si\/Pis.web\/pregledPredpisa?id=ZAKO447\" target=\"_blank\"><mark style=\"background-color:rgba(0, 0, 0, 0);color:#1a96aa\" class=\"has-inline-color\">Zakon o vrtcih<\/mark><\/a><\/li>\n\n\n\n<li><a href=\"http:\/\/www.pisrs.si\/Pis.web\/pregledPredpisa?id=PRAV7890\" target=\"_blank\" rel=\"noreferrer noopener\"><mark style=\"background-color:rgba(0, 0, 0, 0);color:#1a96aa\" class=\"has-inline-color\">Pravilnik o pla\u010dilih star\u0161ev za programe v vrtcih<\/mark><\/a><\/li>\n\n\n\n<li><a href=\"http:\/\/pisrs.si\/Pis.web\/pregledPredpisa?id=PRAV3140\" target=\"_blank\" rel=\"noreferrer noopener\"><mark style=\"background-color:rgba(0, 0, 0, 0);color:#1a96aa\" class=\"has-inline-color\">Pravilnik o normativih in minimalnih tehni\u010dnih pogojih za prostor in opremo vrtca<\/mark><\/a><\/li>\n\n\n\n<li><a href=\"http:\/\/www.pisrs.si\/Pis.web\/pregledPredpisa?id=PRAV7036\" target=\"_blank\" rel=\"noreferrer noopener\"><mark style=\"background-color:rgba(0, 0, 0, 0);color:#1a96aa\" class=\"has-inline-color\">Pravilnik o normativih in Kadrovskih pogojih za opravljanje dejavnosti pred\u0161olske vzgoje<\/mark><\/a><\/li>\n\n\n\n<li><a href=\"http:\/\/pisrs.si\/Pis.web\/pregledPredpisa?id=ZAKO5944\" target=\"_blank\" rel=\"noreferrer noopener\"><mark style=\"background-color:rgba(0, 0, 0, 0);color:#1a96aa\" class=\"has-inline-color\">Zakon o delovnih razmerjih<\/mark><\/a><\/li>\n\n\n\n<li><a href=\"http:\/\/pisrs.si\/Pis.web\/pregledPredpisa?id=ZAKO3177\" target=\"_blank\" rel=\"noreferrer noopener\"><mark style=\"background-color:rgba(0, 0, 0, 0);color:#1a96aa\" class=\"has-inline-color\">Zakon o javnih uslu\u017ebencih<\/mark><\/a><\/li>\n\n\n\n<li><a rel=\"noreferrer noopener\" href=\"http:\/\/pisrs.si\/Pis.web\/pregledPredpisa?id=KOLP11\" data-type=\"link\" data-id=\"http:\/\/pisrs.si\/Pis.web\/pregledPredpisa?id=KOLP11\" target=\"_blank\"><mark style=\"background-color:rgba(0, 0, 0, 0);color:#1a96aa\" class=\"has-inline-color\">Kolektivna pogodba za negospodarske dejavnosti v RS<\/mark><\/a><\/li>\n\n\n\n<li><a href=\"http:\/\/pisrs.si\/Pis.web\/pregledPredpisa?id=ZAKO3328\" target=\"_blank\" rel=\"noreferrer noopener\"><mark style=\"background-color:rgba(0, 0, 0, 0);color:#1a96aa\" class=\"has-inline-color\">Zakon o sistemu pla\u010d v javnem sektorju<\/mark><\/a><\/li>\n\n\n\n<li><a href=\"http:\/\/pisrs.si\/Pis.web\/pregledPredpisa?id=PRAV4272\" target=\"_blank\" rel=\"noreferrer noopener\"><mark style=\"background-color:rgba(0, 0, 0, 0);color:#1a96aa\" class=\"has-inline-color\">Pravilnik o napredovanju zaposlenih v vzgoji in izobra\u017eevanju v nazive<\/mark><\/a><\/li>\n\n\n\n<li><a href=\"http:\/\/www.pisrs.si\/Pis.web\/pregledPredpisa?id=PRAV6698\" target=\"_blank\" rel=\"noreferrer noopener\"><mark style=\"background-color:rgba(0, 0, 0, 0);color:#1a96aa\" class=\"has-inline-color\">Pravilnik o pripravni\u0161tvu in o strokovnem izpitu strokovnih delavcev na podro\u010dju vzgoje in izobra\u017eevanja<\/mark><\/a><\/li>\n\n\n\n<li><a href=\"http:\/\/pisrs.si\/Pis.web\/pregledPredpisa?id=KOLP19\" target=\"_blank\" rel=\"noreferrer noopener\"><mark style=\"background-color:rgba(0, 0, 0, 0);color:#1a96aa\" class=\"has-inline-color\">Kolektivna pogodba za dejavnost vzgoje in izobra\u017eevanja<\/mark><\/a><\/li>\n\n\n\n<li><a href=\"http:\/\/www.pisrs.si\/Pis.web\/pregledPredpisa?id=PRAV13353\" target=\"_blank\" rel=\"noreferrer noopener\"><mark style=\"background-color:rgba(0, 0, 0, 0);color:#1a96aa\" class=\"has-inline-color\">Pravilnik o uvrstitvi delovnih mest direktorjev s podro\u010dja \u0161olstva in \u0161porta v pla\u010dne razrede znotraj razponov pla\u010dnih razredov<\/mark><\/a><\/li>\n\n\n\n<li><a href=\"http:\/\/pisrs.si\/Pis.web\/pregledPredpisa?id=PRAV2204\" target=\"_blank\" rel=\"noreferrer noopener\"><mark style=\"background-color:rgba(0, 0, 0, 0);color:#1a96aa\" class=\"has-inline-color\">Pravilnik o napredovanju zaposlenih v vrtcih in \u0161olah v pla\u010dilne razrede<\/mark><\/a><\/li>\n\n\n\n<li><a href=\"http:\/\/pisrs.si\/Pis.web\/pregledPredpisa?id=ZAKO7086\" target=\"_blank\" rel=\"noreferrer noopener\"><mark style=\"background-color:rgba(0, 0, 0, 0);color:#1a96aa\" class=\"has-inline-color\">Zakon o javnih naro\u010dilih<\/mark><\/a><\/li>\n\n\n\n<li><a href=\"http:\/\/www.pisrs.si\/Pis.web\/pregledPredpisa?id=ZAKO7959\" target=\"_blank\" rel=\"noreferrer noopener\"><mark style=\"background-color:rgba(0, 0, 0, 0);color:#1a96aa\" class=\"has-inline-color\">Zakon o varstvu osebnih podatkov<\/mark><\/a><\/li>\n<\/ol>\n\n\n\n<p><strong>Predpisi EU:<\/strong><\/p>\n\n\n\n<p>Na na\u0161em podro\u010dju ni predpisov, ki bi bili regulirani s strani EU.<\/p>\n<\/div>\n\n\n\n<div class=\"wp-block-column is-layout-flow wp-block-column-is-layout-flow\">\n<p><strong>2.b Kontaktni podatki uradne osebe (oseb), pristojnih za posredovanje informacij&nbsp;<\/strong><\/p>\n\n\n\n<p><strong>Pristojna oseba:<\/strong><\/p>\n\n\n\n<p>Teja \u010ceh Svetina, ravnateljica<br>Tel: +386 5 7310 222<\/p>\n\n\n\n<div style=\"height:50px\" aria-hidden=\"true\" class=\"wp-block-spacer\"><\/div>\n\n\n\n<p><strong>2.d Seznam predlogov predpisov (preko dr\u017eavnega oziroma lokalnega registra predpisov)<\/strong><\/p>\n\n\n\n<p><strong>Predlogi predpisov:<\/strong><\/p>\n\n\n\n<p>V postopku ni nobenega predloga predpisov.<\/p>\n\n\n\n<div style=\"height:50px\" aria-hidden=\"true\" class=\"wp-block-spacer\"><\/div>\n\n\n\n<p><strong>2.e Seznam strate\u0161kih in programskih dokumentov po vsebinskih sklopih<\/strong><\/p>\n\n\n\n<p><strong>Seznam strate\u0161kih in programskih dokumentov:<\/strong><\/p>\n\n\n\n<ul>\n<li><a href=\"https:\/\/vrtec-sezana.si\/wp-content\/uploads\/2025\/10\/LDN-2025-2026.pdf\">Letni delovni na\u010drt 2025-2026 (LDN)<\/a><\/li>\n\n\n\n<li><a href=\"https:\/\/vrtec-sezana.si\/wp-content\/uploads\/2025\/10\/REALIZACIJA-LDN-24-25.pdf\">Poro\u010dilo o realizaciji LDN 2024-2025<\/a><\/li>\n\n\n\n<li><a href=\"https:\/\/vrtec-sezana.si\/wp-content\/uploads\/2024\/10\/LETNI-DELOVNI-NACRT-2024-2025.pdf\"><mark style=\"background-color:rgba(0, 0, 0, 0);color:#1a96aa\" class=\"has-inline-color\">Letni delovni na\u010drt 2024-2025 (LDN)<\/mark><\/a><\/li>\n\n\n\n<li><a href=\"https:\/\/vrtec-sezana.si\/wp-content\/uploads\/2024\/10\/Realizacija-LDN-2023-2024.pdf\"><mark style=\"background-color:rgba(0, 0, 0, 0);color:#1a96aa\" class=\"has-inline-color\">Poro\u010dilo o realizaciji  LDN<\/mark> 2023-2024<\/a><\/li>\n\n\n\n<li><a href=\"https:\/\/vrtec-sezana.si\/wp-content\/uploads\/2024\/10\/LDN-2023-2024.pdf\">Letni delovni na\u010drt 2023-2024 (LDN)<\/a><\/li>\n\n\n\n<li><a href=\"https:\/\/vrtec-sezana.si\/wp-content\/uploads\/2024\/10\/Realizacija-letnega-delovnega-nacrta-za-solsko-leto-2022-2023.pdf\">Poro\u010dilo o realizaciji LDN 2022-2023<\/a><\/li>\n\n\n\n<li><a href=\"https:\/\/vrtec-sezana.si\/wp-content\/uploads\/2024\/10\/LDN-2023.pdf\">Letni delovni na\u010drt 2022-2023 (LDN)<\/a><\/li>\n\n\n\n<li><a href=\"https:\/\/vrtec-sezana.si\/wp-content\/uploads\/2024\/10\/REALIZACIJA-LDN-21-22.pdf\">Poro\u010dilo o realizaciji LDN 2021-2022<\/a><\/li>\n\n\n\n<li>Poslovno poro\u010dilo<\/li>\n<\/ul>\n\n\n\n<div style=\"height:50px\" aria-hidden=\"true\" class=\"wp-block-spacer\"><\/div>\n\n\n\n<p><strong>2.f Seznam vrst upravnih, sodnih ali zakonodajnih postopkov<\/strong><\/p>\n\n\n\n<p><strong>Vrste postopkov, ki jih vodi organ:<\/strong><\/p>\n\n\n\n<ul>\n<li>Vpis otrok<\/li>\n\n\n\n<li>Odlo\u010danje o prito\u017ebah na dajanje informacij javnega zna\u010daja.<\/li>\n\n\n\n<li>Napredovanje delavcev v pla\u010dilne razrede.<\/li>\n\n\n\n<li>Napredovanje strokovnih delavcev v nazive.<\/li>\n\n\n\n<li>Imenovanje ravnatelja.<\/li>\n\n\n\n<li>Sprejem Letnega delovnega na\u010drta.<\/li>\n\n\n\n<li>Sprejem Poro\u010dila o realizacij LDN.<\/li>\n\n\n\n<li>Sprejem Poslovnega poro\u010dila.<\/li>\n<\/ul>\n\n\n\n<div style=\"height:50px\" aria-hidden=\"true\" class=\"wp-block-spacer\"><\/div>\n\n\n\n<p><strong>2.g Seznam javnih evidenc, s katerimi organ upravlja<\/strong><\/p>\n\n\n\n<p>Jih ni.<\/p>\n\n\n\n<div style=\"height:50px\" aria-hidden=\"true\" class=\"wp-block-spacer\"><\/div>\n\n\n\n<p><strong>2.h Seznam drugih informatiziranih zbirk podatkov<\/strong><\/p>\n\n\n\n<p><strong>Seznam zbirk:<\/strong><\/p>\n\n\n\n<ul>\n<li>Evidenca vpisanih in vklju\u010denih otrok<\/li>\n\n\n\n<li>Evidenca pla\u010dil star\u0161ev<\/li>\n\n\n\n<li>Evidenca otrok, ki potrebujejo svetovanje in pomo\u010d<\/li>\n\n\n\n<li>Evidenca upravi\u010dencev do sofinanciranja pla\u010dil star\u0161ev iz dr\u017eavnega prora\u010duna<\/li>\n<\/ul>\n\n\n\n<div style=\"height:50px\" aria-hidden=\"true\" class=\"wp-block-spacer\"><\/div>\n\n\n\n<p><strong>2.i Najpomembnej\u0161i vsebinski sklopi drugih informacij javnega zna\u010daja oziroma seznam posameznih dokumentov<\/strong><\/p>\n\n\n\n<p><strong>Sklopi informacij \u2013 sledijo raz\u010dlenjenemu opisu delovnega podro\u010dja organa:<\/strong><\/p>\n\n\n\n<ul>\n<li>Objave \u017ee posredovanih informacij javnega zna\u010daja<\/li>\n<\/ul>\n<\/div>\n<\/div>\n\n\n\n<div style=\"height:50px\" aria-hidden=\"true\" class=\"wp-block-spacer\"><\/div>\n\n\n\n<p>3. Opis na\u010dina dostopa do drugih informacij javnega zna\u010daja<\/p>\n\n\n\n<p><strong>Opis dostopa do posameznih sklopov informacij:<\/strong><\/p>\n\n\n\n<ul>\n<li>Ve\u010dina informacij je dostopna prek spleta na naslovu https:\/\/www.vrtec-sezana.si ob vsakem \u010dasu.<\/li>\n\n\n\n<li>Informacije so fizi\u010dno dostopne v delovnem \u010dasu na sede\u017eu vrtca.<\/li>\n<\/ul>\n\n\n\n<div style=\"height:50px\" aria-hidden=\"true\" class=\"wp-block-spacer\"><\/div>\n\n\n\n<p>4. Seznam najpogosteje zahtevanih informacij javnega zna\u010daja<\/p>\n\n\n\n<p><strong>Seznam najpogosteje zahtevanih informacij oziroma tematskih sklopov (samodejno generiran seznam, ki ga dolo\u010da povpra\u0161evanje po posamezni informaciji)<\/strong><\/p>\n\n\n\n<ul>\n<li>vpisu otrok<\/li>\n\n\n\n<li>\u010dakalnih vrstah<\/li>\n\n\n\n<li>\u0161tevilu prostih mest po enotah<\/li>\n<\/ul>\n\n\n\n\n\n\n","protected":false},"excerpt":{"rendered":"<p>INFROMACIJE JAVNEGA ZNA\u010cAJA 1. Osnovni podatki o katalogu Naziv zavoda: Vrtec Se\u017eanaUlica Jo\u017eeta Pahorja 16210 Se\u017eanaTel: +386 5 7310 220Fax: +386 5 7310 226 Odgovorna uradna oseba: Teja \u010ceh Svetina, ravnateljicaTel: +386 5 7310 222 2. Splo\u0161ni podatki o zavodu in informacijah&#8230;<\/p>\n","protected":false},"author":3,"featured_media":0,"parent":0,"menu_order":0,"comment_status":"closed","ping_status":"closed","template":"","meta":{"footnotes":""},"_links":{"self":[{"href":"https:\/\/vrtec-sezana.si\/index.php?rest_route=\/wp\/v2\/pages\/5123"}],"collection":[{"href":"https:\/\/vrtec-sezana.si\/index.php?rest_route=\/wp\/v2\/pages"}],"about":[{"href":"https:\/\/vrtec-sezana.si\/index.php?rest_route=\/wp\/v2\/types\/page"}],"author":[{"embeddable":true,"href":"https:\/\/vrtec-sezana.si\/index.php?rest_route=\/wp\/v2\/users\/3"}],"replies":[{"embeddable":true,"href":"https:\/\/vrtec-sezana.si\/index.php?rest_route=%2Fwp%2Fv2%2Fcomments&post=5123"}],"version-history":[{"count":26,"href":"https:\/\/vrtec-sezana.si\/index.php?rest_route=\/wp\/v2\/pages\/5123\/revisions"}],"predecessor-version":[{"id":29542,"href":"https:\/\/vrtec-sezana.si\/index.php?rest_route=\/wp\/v2\/pages\/5123\/revisions\/29542"}],"wp:attachment":[{"href":"https:\/\/vrtec-sezana.si\/index.php?rest_route=%2Fwp%2Fv2%2Fmedia&parent=5123"}],"curies":[{"name":"wp","href":"https:\/\/api.w.org\/{rel}","templated":true}]}}