{"id":4958,"date":"2024-01-29T09:45:39","date_gmt":"2024-01-29T08:45:39","guid":{"rendered":"http:\/\/977.ablak.arnes.si\/?page_id=4958"},"modified":"2024-02-05T09:36:15","modified_gmt":"2024-02-05T08:36:15","slug":"recepti","status":"publish","type":"page","link":"https:\/\/vrtec-sezana.si\/?page_id=4958","title":{"rendered":"Recepti"},"content":{"rendered":"\n<div style=\"height:100px\" aria-hidden=\"true\" class=\"wp-block-spacer\"><\/div>\n\n\n\n<h2 class=\"wp-block-heading\">RECEPTI<\/h2>\n\n\n\n<div style=\"height:50px\" aria-hidden=\"true\" class=\"wp-block-spacer\"><\/div>\n\n\n\n<div class=\"wp-block-columns is-layout-flex wp-container-2 wp-block-columns-is-layout-flex\">\n<div class=\"wp-block-column is-layout-flow wp-block-column-is-layout-flow\">\n<ul>\n<li><a rel=\"noreferrer noopener\" href=\"http:\/\/977.ablak.arnes.si\/wp-content\/uploads\/2024\/01\/Zdrobova_juha_z_jajcem.pdf\" target=\"_blank\"><mark style=\"background-color:rgba(0, 0, 0, 0);color:#1a96aa\" class=\"has-inline-color\">Zdrobova juha z jajcem<\/mark><\/a><\/li>\n\n\n\n<li><a rel=\"noreferrer noopener\" href=\"http:\/\/977.ablak.arnes.si\/wp-content\/uploads\/2024\/01\/domaca_piscancja_pasteta.pdf\" target=\"_blank\"><mark style=\"background-color:rgba(0, 0, 0, 0);color:#1a96aa\" class=\"has-inline-color\">Doma\u010da pi\u0161\u010dan\u010dja pa\u0161teta<\/mark><\/a><\/li>\n\n\n\n<li><a rel=\"noreferrer noopener\" href=\"http:\/\/977.ablak.arnes.si\/wp-content\/uploads\/2024\/01\/SADJE.pdf\" target=\"_blank\"><mark style=\"background-color:rgba(0, 0, 0, 0);color:#1a96aa\" class=\"has-inline-color\">Sadje in recepti<\/mark><\/a><\/li>\n\n\n\n<li><a rel=\"noreferrer noopener\" href=\"http:\/\/977.ablak.arnes.si\/wp-content\/uploads\/2024\/01\/namazi.pdf\" target=\"_blank\"><mark style=\"background-color:rgba(0, 0, 0, 0);color:#1a96aa\" class=\"has-inline-color\">Namazi<\/mark><\/a><\/li>\n<\/ul>\n<\/div>\n<\/div>\n","protected":false},"excerpt":{"rendered":"<p>RECEPTI<\/p>\n","protected":false},"author":1,"featured_media":0,"parent":0,"menu_order":0,"comment_status":"closed","ping_status":"closed","template":"","meta":{"footnotes":""},"_links":{"self":[{"href":"https:\/\/vrtec-sezana.si\/index.php?rest_route=\/wp\/v2\/pages\/4958"}],"collection":[{"href":"https:\/\/vrtec-sezana.si\/index.php?rest_route=\/wp\/v2\/pages"}],"about":[{"href":"https:\/\/vrtec-sezana.si\/index.php?rest_route=\/wp\/v2\/types\/page"}],"author":[{"embeddable":true,"href":"https:\/\/vrtec-sezana.si\/index.php?rest_route=\/wp\/v2\/users\/1"}],"replies":[{"embeddable":true,"href":"https:\/\/vrtec-sezana.si\/index.php?rest_route=%2Fwp%2Fv2%2Fcomments&post=4958"}],"version-history":[{"count":5,"href":"https:\/\/vrtec-sezana.si\/index.php?rest_route=\/wp\/v2\/pages\/4958\/revisions"}],"predecessor-version":[{"id":5798,"href":"https:\/\/vrtec-sezana.si\/index.php?rest_route=\/wp\/v2\/pages\/4958\/revisions\/5798"}],"wp:attachment":[{"href":"https:\/\/vrtec-sezana.si\/index.php?rest_route=%2Fwp%2Fv2%2Fmedia&parent=4958"}],"curies":[{"name":"wp","href":"https:\/\/api.w.org\/{rel}","templated":true}]}}