{"id":4943,"date":"2024-01-29T09:31:16","date_gmt":"2024-01-29T08:31:16","guid":{"rendered":"http:\/\/977.ablak.arnes.si\/?page_id=4943"},"modified":"2026-04-30T13:43:23","modified_gmt":"2026-04-30T12:43:23","slug":"jedilniki-2","status":"publish","type":"page","link":"https:\/\/vrtec-sezana.si\/?page_id=4943","title":{"rendered":"Jedilniki"},"content":{"rendered":"\n<div style=\"height:100px\" aria-hidden=\"true\" class=\"wp-block-spacer\"><\/div>\n\n\n\n<h2 class=\"wp-block-heading\">JEDILNIKI<\/h2>\n\n\n\n<div class=\"wp-block-columns is-layout-flex wp-container-3 wp-block-columns-is-layout-flex\">\n<div class=\"wp-block-column is-layout-flow wp-block-column-is-layout-flow\">\n<p>Enote: Lehte, Se\u017eana, Tomaj, Dutovlje, Seno\u017ee\u010de, Diva\u010da, Hrpelje, Materija, Povir, Lokev<\/p>\n\n\n\n<div style=\"height:20px\" aria-hidden=\"true\" class=\"wp-block-spacer\"><\/div>\n\n\n\n<div class=\"wp-block-file\"><object class=\"wp-block-file__embed\" data=\"https:\/\/vrtec-sezana.si\/wp-content\/uploads\/2026\/04\/36_OGLASNA-4.5.-8.5.2026.pdf\" type=\"application\/pdf\" style=\"width:100%;height:410px\" aria-label=\"Vdelava 36_OGLASNA-4.5.-8.5.2026\"><\/object><a id=\"wp-block-file--media-464973be-0428-4a3c-b5ec-153e390fcd7f\" href=\"https:\/\/vrtec-sezana.si\/wp-content\/uploads\/2026\/04\/36_OGLASNA-4.5.-8.5.2026.pdf\">36_OGLASNA-4.5.-8.5.2026<\/a><a href=\"https:\/\/vrtec-sezana.si\/wp-content\/uploads\/2026\/04\/36_OGLASNA-4.5.-8.5.2026.pdf\" class=\"wp-block-file__button wp-element-button\" download aria-describedby=\"wp-block-file--media-464973be-0428-4a3c-b5ec-153e390fcd7f\">Download<\/a><\/div>\n<\/div>\n\n\n\n<div class=\"wp-block-column is-layout-flow wp-block-column-is-layout-flow\">\n<p>Kuhinja Osnovna \u0161ola Komen: enote Komen in \u0160tanjel<\/p>\n\n\n\n<div style=\"height:47px\" aria-hidden=\"true\" class=\"wp-block-spacer\"><\/div>\n\n\n\n<div class=\"wp-block-file\"><object class=\"wp-block-file__embed\" data=\"https:\/\/vrtec-sezana.si\/wp-content\/uploads\/2026\/04\/36_OGLASNA-Komen-Stanjel-4.5.-8.5.2026.pdf\" type=\"application\/pdf\" style=\"width:100%;height:550px\" aria-label=\"Vdelava 36_OGLASNA-Komen-Stanjel-4.5.-8.5.2026\"><\/object><a id=\"wp-block-file--media-abf8a4f8-b9b2-411b-8523-02f57d6f8dba\" href=\"https:\/\/vrtec-sezana.si\/wp-content\/uploads\/2026\/04\/36_OGLASNA-Komen-Stanjel-4.5.-8.5.2026.pdf\">36_OGLASNA-Komen-Stanjel-4.5.-8.5.2026<\/a><a href=\"https:\/\/vrtec-sezana.si\/wp-content\/uploads\/2026\/04\/36_OGLASNA-Komen-Stanjel-4.5.-8.5.2026.pdf\" class=\"wp-block-file__button wp-element-button\" download aria-describedby=\"wp-block-file--media-abf8a4f8-b9b2-411b-8523-02f57d6f8dba\">Download<\/a><\/div>\n<\/div>\n<\/div>\n\n\n\n<div style=\"height:50px\" aria-hidden=\"true\" class=\"wp-block-spacer\"><\/div>\n\n\n\n<p>Novosti v povezavi z novimi prehranskimi smernicami:<\/p>\n\n\n\n<div class=\"wp-block-group alignwide is-layout-constrained wp-block-group-is-layout-constrained\">\n<div class=\"wp-block-file\"><a id=\"wp-block-file--media-707e70f3-7ceb-49a9-9ac4-95c3b1a553d7\" href=\"https:\/\/vrtec-sezana.si\/wp-content\/uploads\/2024\/09\/Skupaj_do_zdravih_prehranskih_navad_letak_A5_splet.pdf\">Skupaj_do_zdravih_prehranskih_navad_letak_A5_splet<\/a><a href=\"https:\/\/vrtec-sezana.si\/wp-content\/uploads\/2024\/09\/Skupaj_do_zdravih_prehranskih_navad_letak_A5_splet.pdf\" class=\"wp-block-file__button wp-element-button\" download aria-describedby=\"wp-block-file--media-707e70f3-7ceb-49a9-9ac4-95c3b1a553d7\"><\/a><\/div>\n<\/div>\n","protected":false},"excerpt":{"rendered":"<p>JEDILNIKI Enote: Lehte, Se\u017eana, Tomaj, Dutovlje, Seno\u017ee\u010de, Diva\u010da, Hrpelje, Materija, Povir, Lokev Kuhinja Osnovna \u0161ola Komen: enote Komen in \u0160tanjel Novosti v povezavi z novimi prehranskimi smernicami:<\/p>\n","protected":false},"author":1,"featured_media":0,"parent":0,"menu_order":0,"comment_status":"closed","ping_status":"closed","template":"","meta":{"footnotes":""},"_links":{"self":[{"href":"https:\/\/vrtec-sezana.si\/index.php?rest_route=\/wp\/v2\/pages\/4943"}],"collection":[{"href":"https:\/\/vrtec-sezana.si\/index.php?rest_route=\/wp\/v2\/pages"}],"about":[{"href":"https:\/\/vrtec-sezana.si\/index.php?rest_route=\/wp\/v2\/types\/page"}],"author":[{"embeddable":true,"href":"https:\/\/vrtec-sezana.si\/index.php?rest_route=\/wp\/v2\/users\/1"}],"replies":[{"embeddable":true,"href":"https:\/\/vrtec-sezana.si\/index.php?rest_route=%2Fwp%2Fv2%2Fcomments&post=4943"}],"version-history":[{"count":208,"href":"https:\/\/vrtec-sezana.si\/index.php?rest_route=\/wp\/v2\/pages\/4943\/revisions"}],"predecessor-version":[{"id":35988,"href":"https:\/\/vrtec-sezana.si\/index.php?rest_route=\/wp\/v2\/pages\/4943\/revisions\/35988"}],"wp:attachment":[{"href":"https:\/\/vrtec-sezana.si\/index.php?rest_route=%2Fwp%2Fv2%2Fmedia&parent=4943"}],"curies":[{"name":"wp","href":"https:\/\/api.w.org\/{rel}","templated":true}]}}