{"id":4816,"date":"2024-01-23T09:59:13","date_gmt":"2024-01-23T08:59:13","guid":{"rendered":"http:\/\/977.ablak.arnes.si\/?page_id=4816"},"modified":"2024-02-05T09:31:05","modified_gmt":"2024-02-05T08:31:05","slug":"svet-starsev","status":"publish","type":"page","link":"https:\/\/vrtec-sezana.si\/?page_id=4816","title":{"rendered":"Svet star\u0161ev"},"content":{"rendered":"\n<div style=\"height:100px\" aria-hidden=\"true\" class=\"wp-block-spacer\"><\/div>\n\n\n\n<h2 class=\"wp-block-heading\">SVET STAR\u0160EV<\/h2>\n\n\n\n<div style=\"height:50px\" aria-hidden=\"true\" class=\"wp-block-spacer\"><\/div>\n\n\n\n<p>Organiziran je tako, da ima v njem vsak oddelek po enega predstavnika, ki ga star\u0161i izvolijo na prvem roditeljskem sestanku oddelka. Prvi sklic sveta star\u0161ev opravi ravnateljica. Na prvem sestanku star\u0161i izvolijo predsednika sveta star\u0161ev. Svet star\u0161ev zastopa interese star\u0161ev tako, da predlaga programe, daje mnenje o letnem delovnem na\u010drtu, obravnava prito\u017ebe v zvezi z vzgojno-izobra\u017eevalnem delu in voli predstavnike v svet vrtca.<\/p>\n\n\n\n<div style=\"height:100px\" aria-hidden=\"true\" class=\"wp-block-spacer\"><\/div>\n\n\n\n<p class=\"has-text-align-left has-tiny-font-size\"><strong>Zakon o organizaciji in financiranju vzgoje in izobra\u017eevanja<\/strong> <strong>66. \u010dlen<\/strong> <strong>(svet star\u0161ev)<\/strong><\/p>\n\n\n\n<p class=\"has-tiny-font-size\">Za organizirano uresni\u010devanje interesa star\u0161ev se v javnem vrtcu oziroma \u0161oli oblikuje svet star\u0161ev. Tehni\u010dno in finan\u010dno podporo za delovanje sveta star\u0161ev zagotavlja vrtec oziroma \u0161ola.<\/p>\n\n\n\n<p class=\"has-tiny-font-size\">Svet star\u0161ev je sestavljen tako, da ima v njem vsak oddelek po enega predstavnika, ki ga star\u0161i izvolijo na roditeljskem sestanku oddelka.<\/p>\n\n\n\n<p class=\"has-tiny-font-size\">Prvi sklic sveta star\u0161ev opravi ravnatelj.<\/p>\n\n\n\n<p class=\"has-tiny-font-size\">Svet star\u0161ev:<\/p>\n\n\n\n<p class=\"has-tiny-font-size\">&#8211;&nbsp;&nbsp;&nbsp;&nbsp;&nbsp;&nbsp;&nbsp;&nbsp;predlaga nadstandardne programe,<\/p>\n\n\n\n<p class=\"has-tiny-font-size\">&#8211;&nbsp;&nbsp;&nbsp;&nbsp;&nbsp;&nbsp;&nbsp;&nbsp;daje soglasje k predlogu ravnatelja o nadstandardnih storitvah,<\/p>\n\n\n\n<p class=\"has-tiny-font-size\">&#8211;&nbsp;&nbsp;&nbsp;&nbsp;&nbsp;&nbsp;&nbsp;&nbsp;sodeluje pri nastajanju predloga programa razvoja vrtca oziroma \u0161ole, vzgojnega na\u010drta, pri pravilih \u0161olskega reda ter da mnenje o letnem delovnem na\u010drtu;<\/p>\n\n\n\n<p class=\"has-tiny-font-size\">&#8211;&nbsp;&nbsp;&nbsp;&nbsp;&nbsp;&nbsp;&nbsp;&nbsp;daje mnenje o kandidatih, ki izpolnjujejo pogoje za ravnatelja,<\/p>\n\n\n\n<p class=\"has-tiny-font-size\">&#8211;&nbsp;&nbsp;&nbsp;&nbsp;&nbsp;&nbsp;&nbsp;&nbsp;razpravlja o poro\u010dilih ravnatelja o vzgojno-izobra\u017eevalni problematiki,<\/p>\n\n\n\n<p class=\"has-tiny-font-size\">&#8211;&nbsp;&nbsp;&nbsp;&nbsp;&nbsp;&nbsp;&nbsp;&nbsp;obravnava prito\u017ebe star\u0161ev v zvezi z vzgojno-izobra\u017eevalnim delom,<\/p>\n\n\n\n<p class=\"has-tiny-font-size\">&#8211;&nbsp;&nbsp;&nbsp;&nbsp;&nbsp;&nbsp;&nbsp;&nbsp;voli predstavnike star\u0161ev v svet vrtca oziroma \u0161ole in druge organe \u0161ole;<\/p>\n\n\n\n<p class=\"has-tiny-font-size\">&#8211;&nbsp;&nbsp;&nbsp;&nbsp;&nbsp;&nbsp;&nbsp;&nbsp;lahko sprejme svoj program dela sodelovanja s \u0161olo, zlasti glede vklju\u010devanja v lokalno okolje;<\/p>\n\n\n\n<p class=\"has-tiny-font-size\">&#8211;&nbsp;&nbsp;&nbsp;&nbsp;&nbsp;&nbsp;&nbsp;&nbsp;v dogovoru z vodstvom \u0161ole lahko ustanavlja oziroma oblikuje delovne skupine,<\/p>\n\n\n\n<p class=\"has-tiny-font-size\">&#8211;&nbsp;&nbsp;&nbsp;&nbsp;&nbsp;&nbsp;&nbsp;&nbsp;opravlja druge naloge v skladu z zakonom in drugimi predpisi.<\/p>\n\n\n\n<p class=\"has-tiny-font-size\">Sveti star\u0161ev se lahko pove\u017eejo v lokalne oziroma regionalne aktive svetov star\u0161ev. Lokalni oziroma regionalni aktivi svetov star\u0161ev lahko ustanovijo nacionalno zvezo aktivov.<\/p>\n","protected":false},"excerpt":{"rendered":"<p>SVET STAR\u0160EV Organiziran je tako, da ima v njem vsak oddelek po enega predstavnika, ki ga star\u0161i izvolijo na prvem roditeljskem sestanku oddelka. Prvi sklic sveta star\u0161ev opravi ravnateljica. Na prvem sestanku star\u0161i izvolijo predsednika sveta star\u0161ev. Svet star\u0161ev zastopa interese star\u0161ev&#8230;<\/p>\n","protected":false},"author":1,"featured_media":0,"parent":0,"menu_order":0,"comment_status":"closed","ping_status":"closed","template":"","meta":{"footnotes":""},"_links":{"self":[{"href":"https:\/\/vrtec-sezana.si\/index.php?rest_route=\/wp\/v2\/pages\/4816"}],"collection":[{"href":"https:\/\/vrtec-sezana.si\/index.php?rest_route=\/wp\/v2\/pages"}],"about":[{"href":"https:\/\/vrtec-sezana.si\/index.php?rest_route=\/wp\/v2\/types\/page"}],"author":[{"embeddable":true,"href":"https:\/\/vrtec-sezana.si\/index.php?rest_route=\/wp\/v2\/users\/1"}],"replies":[{"embeddable":true,"href":"https:\/\/vrtec-sezana.si\/index.php?rest_route=%2Fwp%2Fv2%2Fcomments&post=4816"}],"version-history":[{"count":9,"href":"https:\/\/vrtec-sezana.si\/index.php?rest_route=\/wp\/v2\/pages\/4816\/revisions"}],"predecessor-version":[{"id":5786,"href":"https:\/\/vrtec-sezana.si\/index.php?rest_route=\/wp\/v2\/pages\/4816\/revisions\/5786"}],"wp:attachment":[{"href":"https:\/\/vrtec-sezana.si\/index.php?rest_route=%2Fwp%2Fv2%2Fmedia&parent=4816"}],"curies":[{"name":"wp","href":"https:\/\/api.w.org\/{rel}","templated":true}]}}