{"id":4802,"date":"2024-01-23T09:48:03","date_gmt":"2024-01-23T08:48:03","guid":{"rendered":"http:\/\/977.ablak.arnes.si\/?page_id=4802"},"modified":"2026-02-18T10:36:34","modified_gmt":"2026-02-18T09:36:34","slug":"varstvo-osebnih-podatkov","status":"publish","type":"page","link":"https:\/\/vrtec-sezana.si\/?page_id=4802","title":{"rendered":"Varstvo osebnih podatkov"},"content":{"rendered":"\n<div style=\"height:100px\" aria-hidden=\"true\" class=\"wp-block-spacer\"><\/div>\n\n\n\n<h2 class=\"wp-block-heading\">VARSTVO OSEBNIH PODATKOV<\/h2>\n\n\n\n<div style=\"height:50px\" aria-hidden=\"true\" class=\"wp-block-spacer\"><\/div>\n\n\n\n<p><em>V skladu z dolo\u010dilom 37. \u010dlena Uredbe EU 2016\/679 Evropskega parlamenta in sveta z\u00a0dne\u00a027. aprila 2016 smo za poobla\u0161\u010deno osebo za varstvo podatkov imenovali dru\u017ebo:<br><br><\/em><a rel=\"noreferrer noopener\" href=\"http:\/\/datainfo.si\/\" target=\"_blank\"><em>DATAINFO.SI<\/em><\/a><em>, d.o.o.<br>Tr\u017ea\u0161ka cesta 37c,<\/em> <em>SI-2000 Maribor<br><\/em><a rel=\"noreferrer noopener\" href=\"http:\/\/www.datainfo.si\/\" target=\"_blank\"><em>www.datainfo.si<\/em><\/a><strong><em><br>e-po\u0161ta:\u00a0<\/em><a rel=\"noreferrer noopener\" href=\"mailto:dpo@datainfo.si\" target=\"_blank\"><em>dpo@datainfo.si<\/em><\/a><em><br>telefon: +386 (0) 2 620 4 300<\/em><br><\/strong><br><\/p>\n\n\n\n<div class=\"wp-block-file\"><object class=\"wp-block-file__embed\" data=\"https:\/\/vrtec-sezana.si\/wp-content\/uploads\/2024\/08\/VRTEC-Politika-zasebnosti.pdf\" type=\"application\/pdf\" style=\"width:100%;height:600px\" aria-label=\"Vdelava VRTEC-Politika-zasebnosti\"><\/object><a id=\"wp-block-file--media-bb6e85f6-b5bd-4860-8cc9-d85384a781a6\" href=\"https:\/\/vrtec-sezana.si\/wp-content\/uploads\/2024\/08\/VRTEC-Politika-zasebnosti.pdf\">VRTEC-Politika-zasebnosti<\/a><\/div>\n","protected":false},"excerpt":{"rendered":"<p>VARSTVO OSEBNIH PODATKOV V skladu z dolo\u010dilom 37. \u010dlena Uredbe EU 2016\/679 Evropskega parlamenta in sveta z\u00a0dne\u00a027. aprila 2016 smo za poobla\u0161\u010deno osebo za varstvo podatkov imenovali dru\u017ebo: DATAINFO.SI, d.o.o.Tr\u017ea\u0161ka cesta 37c, SI-2000 Mariborwww.datainfo.sie-po\u0161ta:\u00a0dpo@datainfo.sitelefon: +386 (0) 2 620 4 300<\/p>\n","protected":false},"author":1,"featured_media":0,"parent":0,"menu_order":0,"comment_status":"closed","ping_status":"closed","template":"","meta":{"footnotes":""},"_links":{"self":[{"href":"https:\/\/vrtec-sezana.si\/index.php?rest_route=\/wp\/v2\/pages\/4802"}],"collection":[{"href":"https:\/\/vrtec-sezana.si\/index.php?rest_route=\/wp\/v2\/pages"}],"about":[{"href":"https:\/\/vrtec-sezana.si\/index.php?rest_route=\/wp\/v2\/types\/page"}],"author":[{"embeddable":true,"href":"https:\/\/vrtec-sezana.si\/index.php?rest_route=\/wp\/v2\/users\/1"}],"replies":[{"embeddable":true,"href":"https:\/\/vrtec-sezana.si\/index.php?rest_route=%2Fwp%2Fv2%2Fcomments&post=4802"}],"version-history":[{"count":11,"href":"https:\/\/vrtec-sezana.si\/index.php?rest_route=\/wp\/v2\/pages\/4802\/revisions"}],"predecessor-version":[{"id":33613,"href":"https:\/\/vrtec-sezana.si\/index.php?rest_route=\/wp\/v2\/pages\/4802\/revisions\/33613"}],"wp:attachment":[{"href":"https:\/\/vrtec-sezana.si\/index.php?rest_route=%2Fwp%2Fv2%2Fmedia&parent=4802"}],"curies":[{"name":"wp","href":"https:\/\/api.w.org\/{rel}","templated":true}]}}