{"id":4757,"date":"2023-11-08T09:11:00","date_gmt":"2023-11-08T08:11:00","guid":{"rendered":"http:\/\/977.ablak.arnes.si\/?page_id=4757"},"modified":"2026-02-26T09:46:49","modified_gmt":"2026-02-26T08:46:49","slug":"mreza-unesco-sol-in-vrtcev-apsnet","status":"publish","type":"page","link":"https:\/\/vrtec-sezana.si\/?page_id=4757","title":{"rendered":"Mre\u017ea UNESCO \u0161ol in vrtcev (ASPnet)"},"content":{"rendered":"\n<div style=\"height:100px\" aria-hidden=\"true\" class=\"wp-block-spacer\"><\/div>\n\n\n\n<h2 class=\"wp-block-heading\">MRE\u017dA UNESCO \u0160OL IN VRTCEV (ASPnet)<\/h2>\n\n\n\n<p><a><strong>Mre\u017ea UNESCO \u0161ol in vrtcev (ASP net)<\/strong><\/a><\/p>\n\n\n\n<p>\u010clani ASPnet delujejo v duhu kulture miru in nenasilja, strpnosti in sodelovanja, sprejemanja druga\u010dnosti, v poglobljeni skrbi za osebnostni razvoj vsakega posameznika in za ohranitev naravne in kulturne dedi\u0161\u010dine ter \u0161ir\u0161e na\u0161ega skupnega doma &#8211; planeta Zemlje.<\/p>\n\n\n\n<p>Delo vrtcev in \u0161ol temelji na \u0161tirih Delorsovih stebrih izobra\u017eevanja za 21. stoletje, ki omogo\u010dajo otrokom optimalen razvoj: U\u010diti se, da bi vedeli!; U\u010diti se delati!; Nau\u010diti se \u017eiveti skupaj!; U\u010diti se biti!<\/p>\n\n\n\n<p>Ker je razgla\u0161eno desetletje oceanov se v \u0161olskem letu 2025\/26 v mre\u017ei ASPnet pri vseh izpeljanih projektih postavlja v ospredje zavedanje o pomenu \u010distih voda in o pomenu ohranjanja neonesna\u017eenih vodnih ekosistemov.<\/p>\n\n\n\n<p>V \u0161olskem letu 2025\/2026 bomo obele\u017eili:&nbsp;<\/p>\n\n\n\n<ul>\n<li>Mednarodni dan \u017eena (8. 3. 2026)<\/li>\n\n\n\n<li>Mednarodni dan poezije (21. 3. 2026)<\/li>\n\n\n\n<li>Svetovni dan oceanov (8. 6. 2026)<\/li>\n<\/ul>\n\n\n\n<p>Poleg obele\u017eitve mednarodnih dni bodo strokovne delavke in delavci sodelovali \u0161e v projektih Dlan i\u0161\u010de dlan, Postani pravi junak \/junakinja ter v ostalih projektih, ki bodo razpisani med \u0161olski letom 2025-26. Ti projekti bodo navedeni v evalvaciji letnega delovnega na\u010drta. Enako velja tudi za obele\u017eene dodatne mednarodne dneve.<\/p>\n","protected":false},"excerpt":{"rendered":"<p>MRE\u017dA UNESCO \u0160OL IN VRTCEV (ASPnet) Mre\u017ea UNESCO \u0161ol in vrtcev (ASP net) \u010clani ASPnet delujejo v duhu kulture miru in nenasilja, strpnosti in sodelovanja, sprejemanja druga\u010dnosti, v poglobljeni skrbi za osebnostni razvoj vsakega posameznika in za ohranitev naravne in kulturne dedi\u0161\u010dine&#8230;<\/p>\n","protected":false},"author":1,"featured_media":0,"parent":0,"menu_order":0,"comment_status":"closed","ping_status":"closed","template":"","meta":{"footnotes":""},"_links":{"self":[{"href":"https:\/\/vrtec-sezana.si\/index.php?rest_route=\/wp\/v2\/pages\/4757"}],"collection":[{"href":"https:\/\/vrtec-sezana.si\/index.php?rest_route=\/wp\/v2\/pages"}],"about":[{"href":"https:\/\/vrtec-sezana.si\/index.php?rest_route=\/wp\/v2\/types\/page"}],"author":[{"embeddable":true,"href":"https:\/\/vrtec-sezana.si\/index.php?rest_route=\/wp\/v2\/users\/1"}],"replies":[{"embeddable":true,"href":"https:\/\/vrtec-sezana.si\/index.php?rest_route=%2Fwp%2Fv2%2Fcomments&post=4757"}],"version-history":[{"count":20,"href":"https:\/\/vrtec-sezana.si\/index.php?rest_route=\/wp\/v2\/pages\/4757\/revisions"}],"predecessor-version":[{"id":34081,"href":"https:\/\/vrtec-sezana.si\/index.php?rest_route=\/wp\/v2\/pages\/4757\/revisions\/34081"}],"wp:attachment":[{"href":"https:\/\/vrtec-sezana.si\/index.php?rest_route=%2Fwp%2Fv2%2Fmedia&parent=4757"}],"curies":[{"name":"wp","href":"https:\/\/api.w.org\/{rel}","templated":true}]}}