{"id":381,"date":"2023-11-10T19:13:01","date_gmt":"2023-11-10T18:13:01","guid":{"rendered":"http:\/\/977.ablak.arnes.si\/?page_id=381"},"modified":"2024-02-28T09:50:17","modified_gmt":"2024-02-28T08:50:17","slug":"enota-senozece","status":"publish","type":"page","link":"https:\/\/vrtec-sezana.si\/?page_id=381","title":{"rendered":"Enota SENO\u017dE\u010cE"},"content":{"rendered":"\n<div class=\"wp-block-columns is-layout-flex wp-container-9 wp-block-columns-is-layout-flex\">\n<div class=\"wp-block-column is-layout-flow wp-block-column-is-layout-flow\" style=\"flex-basis:66.66%\">\n<div class=\"wp-block-columns is-layout-flex wp-container-2 wp-block-columns-is-layout-flex\">\n<div class=\"wp-block-column is-layout-flow wp-block-column-is-layout-flow\">\n<p><i class=\"fas fa-map-marker-alt\"><\/i> <strong>Seno\u017ee\u010de 103 a, 6224 Seno\u017ee\u010de<\/strong><\/p>\n<\/div>\n<\/div>\n\n\n\n<figure class=\"wp-block-table is-style-regular has-medium-font-size\" style=\"line-height:1\"><table class=\"has-background\" style=\"background-color:#abb7c242\"><thead><tr><th><\/th><th>SENO\u017dE\u010cE<\/th><\/tr><\/thead><tbody><tr><td><i class=\"fas fa-phone-volume\"><\/i><\/td><td>+386 (0) 51 247 504<br>+386 (0) 41 302 133<\/td><\/tr><tr><td><i class=\"fas fa-envelope\"><\/i><\/td><td>enota.senozece@guest.arnes.si<\/td><\/tr><tr><td><i class=\"fas fa-clock\"><\/i><\/td><td>6:30 do 16:00<\/td><\/tr><\/tbody><\/table><\/figure>\n\n\n\n<div class=\"wp-block-columns is-layout-flex wp-container-6 wp-block-columns-is-layout-flex\">\n<div class=\"wp-block-column is-layout-flow wp-block-column-is-layout-flow\" style=\"flex-basis:66.66%\">\n<p>V enoti Seno\u017ee\u010de delujejo tri skupine otrok, ena skupina prvega in dve skupini drugega starostnega obdobja.<br>20<br>Vas Seno\u017ee\u010de nudi z bogato stavbno kulturno dedi\u0161\u010dino in \u010dudovito naravo v neposredni bli\u017eini vrtca veliko mo\u017enosti za igro, raziskovanje in u\u010denje. Veliko mo\u017enosti za izvajanje dejavnosti na prostem, tako na\u010drtovanih kot tistih spontanih, omogo\u010da tudi dobro opremljeno igri\u0161\u010de vrtca z veliko teraso.<br>Vrtec je ume\u0161\u010den v novej\u0161i del vasi, kjer v sosednji stavbi deluje podru\u017eni\u010dna Osnovna \u0161ola Seno\u017ee\u010de. Dobro sodelovanje na mnogih ravneh omogo\u010da otrokom blag prehod iz vrtca v \u0161olo.<br>Ob zavedanju, da je gibanje osnovna otrokova potreba, vsakodnevno koristijo odli\u010dne pogoje za \u0161portne dejavnosti, ki jih nudita dvorana Rudolfa Cvetka ter manj\u0161a \u0161olska telovadnica. V Seno\u017ee\u010dah se otroci veselijo tudi prave zime, ki vsaj enkrat v letu natrosi snega. Takrat dneve na\u010drtujejo in izpeljejo na prostem z igro na snegu, pohodi po zasne\u017eenem gozdu in sankanjem.<\/p>\n\n\n\n<div class=\"wp-block-buttons is-layout-flex wp-block-buttons-is-layout-flex\">\n<div class=\"wp-block-button\"><a class=\"wp-block-button__link wp-element-button\" href=\"http:\/\/977.ablak.arnes.si\/?cat=14\">NOVICE<\/a><\/div>\n<\/div>\n<\/div>\n\n\n\n<div class=\"wp-block-column is-layout-flow wp-block-column-is-layout-flow\" style=\"flex-basis:33.33%\">\n<figure class=\"wp-block-image size-full\"><img decoding=\"async\" loading=\"lazy\" width=\"370\" height=\"280\" src=\"https:\/\/vrtec-sezana.si\/wp-content\/uploads\/2024\/02\/senozece_e.png\" alt=\"\" class=\"wp-image-7839\" srcset=\"https:\/\/vrtec-sezana.si\/wp-content\/uploads\/2024\/02\/senozece_e.png 370w, https:\/\/vrtec-sezana.si\/wp-content\/uploads\/2024\/02\/senozece_e-300x227.png 300w\" sizes=\"(max-width: 370px) 100vw, 370px\" \/><\/figure>\n<\/div>\n<\/div>\n<\/div>\n\n\n\n<div class=\"wp-block-column is-layout-flow wp-block-column-is-layout-flow\" style=\"flex-basis:33.33%\">\n<p>FOTOGALERIJA<\/p>\n\n\n\n<hr class=\"wp-block-separator has-alpha-channel-opacity is-style-wide\"\/>\n\n\n<ul class=\"wp-block-latest-posts__list has-dates wp-block-latest-posts\"><li><div class=\"wp-block-latest-posts__featured-image\"><img loading=\"lazy\" width=\"150\" height=\"150\" src=\"https:\/\/vrtec-sezana.si\/wp-content\/uploads\/2026\/04\/naslovna-150x150.jpeg\" class=\"attachment-thumbnail size-thumbnail wp-post-image\" alt=\"\" decoding=\"async\" style=\"\" \/><\/div><a class=\"wp-block-latest-posts__post-title\" href=\"https:\/\/vrtec-sezana.si\/?p=35599\">Obele\u017eitev pomladi z dramatizacijo o Treh metuljih<\/a><time datetime=\"2026-04-15T17:47:36+01:00\" class=\"wp-block-latest-posts__post-date\">15.04.2026<\/time><\/li>\n<li><div class=\"wp-block-latest-posts__featured-image\"><img loading=\"lazy\" width=\"150\" height=\"150\" src=\"https:\/\/vrtec-sezana.si\/wp-content\/uploads\/2026\/03\/naslovna-slika-150x150.jpg\" class=\"attachment-thumbnail size-thumbnail wp-post-image\" alt=\"\" decoding=\"async\" style=\"\" \/><\/div><a class=\"wp-block-latest-posts__post-title\" href=\"https:\/\/vrtec-sezana.si\/?p=34964\">Ve\u010der otro\u0161ke ustvarjalnosti in veselja<\/a><time datetime=\"2026-03-31T19:38:38+01:00\" class=\"wp-block-latest-posts__post-date\">31.03.2026<\/time><\/li>\n<li><div class=\"wp-block-latest-posts__featured-image\"><img loading=\"lazy\" width=\"150\" height=\"150\" src=\"https:\/\/vrtec-sezana.si\/wp-content\/uploads\/2026\/03\/naslov-150x150.jpeg\" class=\"attachment-thumbnail size-thumbnail wp-post-image\" alt=\"\" decoding=\"async\" style=\"\" \/><\/div><a class=\"wp-block-latest-posts__post-title\" href=\"https:\/\/vrtec-sezana.si\/?p=34264\">Zimske olimpijske igre 2026<\/a><time datetime=\"2026-03-08T18:58:56+01:00\" class=\"wp-block-latest-posts__post-date\">08.03.2026<\/time><\/li>\n<li><div class=\"wp-block-latest-posts__featured-image\"><img loading=\"lazy\" width=\"150\" height=\"150\" src=\"https:\/\/vrtec-sezana.si\/wp-content\/uploads\/2026\/02\/IMG-20260225-WA0000-1-1-150x150.jpg\" class=\"attachment-thumbnail size-thumbnail wp-post-image\" alt=\"\" decoding=\"async\" style=\"\" \/><\/div><a class=\"wp-block-latest-posts__post-title\" href=\"https:\/\/vrtec-sezana.si\/?p=34062\">Pustovanje v vrtcu Seno\u017ee\u010de<\/a><time datetime=\"2026-02-25T20:51:32+01:00\" class=\"wp-block-latest-posts__post-date\">25.02.2026<\/time><\/li>\n<li><div class=\"wp-block-latest-posts__featured-image\"><img loading=\"lazy\" width=\"150\" height=\"150\" src=\"https:\/\/vrtec-sezana.si\/wp-content\/uploads\/2026\/02\/Foto1-gozd-150x150.jpg\" class=\"attachment-thumbnail size-thumbnail wp-post-image\" alt=\"\" decoding=\"async\" style=\"\" \/><\/div><a class=\"wp-block-latest-posts__post-title\" href=\"https:\/\/vrtec-sezana.si\/?p=33763\">Raziskovanje \u017eivali pozimi in skrb za ptice<\/a><time datetime=\"2026-02-20T20:15:59+01:00\" class=\"wp-block-latest-posts__post-date\">20.02.2026<\/time><\/li>\n<\/ul><\/div>\n<\/div>\n\n\n\n<iframe src=\"https:\/\/www.google.com\/maps\/embed?pb=!1m18!1m12!1m3!1d2785.645450158313!2d14.03493027626246!3d45.71814917107922!2m3!1f0!2f0!3f0!3m2!1i1024!2i768!4f13.1!3m3!1m2!1s0x477b3979a6535669%3A0x49640dceb03686d!2zU2Vub8W-ZcSNZSAxMDNhLCA2MjI0IFNlbm_FvmXEjWU!5e0!3m2!1ssl!2ssi!4v1699782413561!5m2!1ssl!2ssi\" width=\"800\" height=\"600\" style=\"border:0;\" allowfullscreen=\"\" loading=\"lazy\" referrerpolicy=\"no-referrer-when-downgrade\"><\/iframe>\n\n\n\n<p><\/p>\n","protected":false},"excerpt":{"rendered":"<p>Seno\u017ee\u010de 103 a, 6224 Seno\u017ee\u010de SENO\u017dE\u010cE +386 (0) 51 247 504+386 (0) 41 302 133 enota.senozece@guest.arnes.si 6:30 do 16:00 V enoti Seno\u017ee\u010de delujejo tri skupine otrok, ena skupina prvega in dve skupini drugega starostnega obdobja.20Vas Seno\u017ee\u010de nudi z bogato stavbno kulturno dedi\u0161\u010dino \u2026 <a href=\"https:\/\/vrtec-sezana.si\/?page_id=381\" rel=\"noopener noreferrer\">Preberi ve\u010d<\/a><\/p>\n","protected":false},"author":1,"featured_media":421,"parent":0,"menu_order":0,"comment_status":"closed","ping_status":"closed","template":"","meta":{"footnotes":""},"_links":{"self":[{"href":"https:\/\/vrtec-sezana.si\/index.php?rest_route=\/wp\/v2\/pages\/381"}],"collection":[{"href":"https:\/\/vrtec-sezana.si\/index.php?rest_route=\/wp\/v2\/pages"}],"about":[{"href":"https:\/\/vrtec-sezana.si\/index.php?rest_route=\/wp\/v2\/types\/page"}],"author":[{"embeddable":true,"href":"https:\/\/vrtec-sezana.si\/index.php?rest_route=\/wp\/v2\/users\/1"}],"replies":[{"embeddable":true,"href":"https:\/\/vrtec-sezana.si\/index.php?rest_route=%2Fwp%2Fv2%2Fcomments&post=381"}],"version-history":[{"count":7,"href":"https:\/\/vrtec-sezana.si\/index.php?rest_route=\/wp\/v2\/pages\/381\/revisions"}],"predecessor-version":[{"id":7840,"href":"https:\/\/vrtec-sezana.si\/index.php?rest_route=\/wp\/v2\/pages\/381\/revisions\/7840"}],"wp:featuredmedia":[{"embeddable":true,"href":"https:\/\/vrtec-sezana.si\/index.php?rest_route=\/wp\/v2\/media\/421"}],"wp:attachment":[{"href":"https:\/\/vrtec-sezana.si\/index.php?rest_route=%2Fwp%2Fv2%2Fmedia&parent=381"}],"curies":[{"name":"wp","href":"https:\/\/api.w.org\/{rel}","templated":true}]}}