{"id":368,"date":"2023-11-10T19:09:04","date_gmt":"2023-11-10T18:09:04","guid":{"rendered":"http:\/\/977.ablak.arnes.si\/?page_id=368"},"modified":"2025-06-15T21:15:38","modified_gmt":"2025-06-15T20:15:38","slug":"enota-divaca","status":"publish","type":"page","link":"https:\/\/vrtec-sezana.si\/?page_id=368","title":{"rendered":"Enota DIVA\u010cA"},"content":{"rendered":"\n<div class=\"wp-block-columns is-layout-flex wp-container-9 wp-block-columns-is-layout-flex\">\n<div class=\"wp-block-column is-layout-flow wp-block-column-is-layout-flow\" style=\"flex-basis:66.66%\">\n<div class=\"wp-block-columns is-layout-flex wp-container-2 wp-block-columns-is-layout-flex\">\n<div class=\"wp-block-column is-layout-flow wp-block-column-is-layout-flow\">\n<p><i class=\"fas fa-map-marker-alt\"><\/i> <strong>Kosovelova ulica 24, 6215 Diva\u010da<\/strong><\/p>\n<\/div>\n<\/div>\n\n\n\n<figure class=\"wp-block-table is-style-regular has-medium-font-size\" style=\"line-height:1\"><table class=\"has-background\" style=\"background-color:#abb7c242\"><thead><tr><th><\/th><th>DIVA\u010cA<\/th><\/tr><\/thead><tbody><tr><td><i class=\"fas fa-phone-volume\"><\/i>\n<\/td><td>+386 (0) 51 247 694 (pritli\u010dje)<br>+386 (0) 51 277 483 (prvo nadstropje)<\/td><\/tr><tr><td><i class=\"fas fa-envelope\"><\/i><\/td><td>enota.divaca@guest.arnes.si<\/td><\/tr><tr><td><i class=\"fas fa-clock\"><\/i><\/td><td>6:00 do 16:30<\/td><\/tr><\/tbody><\/table><\/figure>\n\n\n\n<div class=\"wp-block-columns is-layout-flex wp-container-6 wp-block-columns-is-layout-flex\">\n<div class=\"wp-block-column is-layout-flow wp-block-column-is-layout-flow\" style=\"flex-basis:66.66%\">\n<p>Vrtec Diva\u010da stoji v samem centru Diva\u010de, neposredno ob osnovni \u0161oli. Zgrajen je bil leta 2011 in je eden najsodobnej\u0161ih vrtcev v Sloveniji. Je energetsko var\u010dna stavba, s sodobnim prezra\u010devalnim, grelnim in klimatskim sistemom. \u010ceprav je zunanjost stavbe na videz hladna, pusta, se ob vstopu v njeno notranjost za\u010duti odprtost, svetlost in toplino. Toplino in barvitost vrtcu dajejo izdelki otrok in strokovnih delavk, ki z velikim veseljem ustvarjajo \u017eivahno in igrivo razpolo\u017eenje. Iz devetih igralnic se sli\u0161i \u017eiv-\u017eav spro\u0161\u010denih in razigranih otrok. Vrtec je grajen v dveh nadstropjih, v pritli\u010dju so mlaj\u0161i, v nadstropju pa starej\u0161i otroci. Spodnje \u0161tiri igralnice imajo vsaka svojo teraso. V pritli\u010dju je kuhinja, v kateri pripravljajo obroke tudi za \u0161olarje. Vrtec je s podhodom povezan s \u0161olo, ob vrtcu pa je igri\u0161\u010de, opremljeno z barvitimi otro\u0161kimi igrali in drevjem.<\/p>\n\n\n\n<div class=\"wp-block-buttons is-layout-flex wp-block-buttons-is-layout-flex\">\n<div class=\"wp-block-button\"><a class=\"wp-block-button__link wp-element-button\" href=\"http:\/\/977.ablak.arnes.si\/?cat=9\">NOVICE<\/a><\/div>\n<\/div>\n<\/div>\n\n\n\n<div class=\"wp-block-column is-layout-flow wp-block-column-is-layout-flow\" style=\"flex-basis:33.33%\">\n<figure class=\"wp-block-image size-full\"><img decoding=\"async\" loading=\"lazy\" width=\"800\" height=\"600\" src=\"http:\/\/977.ablak.arnes.si\/wp-content\/uploads\/2023\/11\/OpisDivaca.jpg\" alt=\"\" class=\"wp-image-538\" srcset=\"https:\/\/vrtec-sezana.si\/wp-content\/uploads\/2023\/11\/OpisDivaca.jpg 800w, https:\/\/vrtec-sezana.si\/wp-content\/uploads\/2023\/11\/OpisDivaca-300x225.jpg 300w, https:\/\/vrtec-sezana.si\/wp-content\/uploads\/2023\/11\/OpisDivaca-768x576.jpg 768w\" sizes=\"(max-width: 800px) 100vw, 800px\" \/><\/figure>\n<\/div>\n<\/div>\n<\/div>\n\n\n\n<div class=\"wp-block-column is-layout-flow wp-block-column-is-layout-flow\" style=\"flex-basis:33.33%\">\n<p>FOTOGALERIJA<\/p>\n\n\n\n<hr class=\"wp-block-separator has-alpha-channel-opacity is-style-wide\"\/>\n\n\n<ul class=\"wp-block-latest-posts__list has-dates wp-block-latest-posts\"><li><div class=\"wp-block-latest-posts__featured-image\"><img loading=\"lazy\" width=\"150\" height=\"150\" src=\"https:\/\/vrtec-sezana.si\/wp-content\/uploads\/2026\/04\/IMG_20260324_102636-150x150.jpg\" class=\"attachment-thumbnail size-thumbnail wp-post-image\" alt=\"\" decoding=\"async\" style=\"\" \/><\/div><a class=\"wp-block-latest-posts__post-title\" href=\"https:\/\/vrtec-sezana.si\/?p=35671\">Marec v skupini Levi<\/a><time datetime=\"2026-04-22T16:20:26+01:00\" class=\"wp-block-latest-posts__post-date\">22.04.2026<\/time><\/li>\n<li><div class=\"wp-block-latest-posts__featured-image\"><img loading=\"lazy\" width=\"150\" height=\"150\" src=\"https:\/\/vrtec-sezana.si\/wp-content\/uploads\/2026\/04\/IMG-20260407-WA0004-150x150.jpg\" class=\"attachment-thumbnail size-thumbnail wp-post-image\" alt=\"\" decoding=\"async\" style=\"\" \/><\/div><a class=\"wp-block-latest-posts__post-title\" href=\"https:\/\/vrtec-sezana.si\/?p=35476\">Svetovni dan zdravja v Vrtcu Diva\u010da<\/a><time datetime=\"2026-04-12T20:36:16+01:00\" class=\"wp-block-latest-posts__post-date\">12.04.2026<\/time><\/li>\n<li><div class=\"wp-block-latest-posts__featured-image\"><img loading=\"lazy\" width=\"150\" height=\"150\" src=\"https:\/\/vrtec-sezana.si\/wp-content\/uploads\/2026\/04\/20260412_104659-150x150.jpg\" class=\"attachment-thumbnail size-thumbnail wp-post-image\" alt=\"\" decoding=\"async\" style=\"\" \/><\/div><a class=\"wp-block-latest-posts__post-title\" href=\"https:\/\/vrtec-sezana.si\/?p=35424\">Raziskujemo okolico<\/a><time datetime=\"2026-04-12T17:28:51+01:00\" class=\"wp-block-latest-posts__post-date\">12.04.2026<\/time><\/li>\n<li><div class=\"wp-block-latest-posts__featured-image\"><img loading=\"lazy\" width=\"150\" height=\"150\" src=\"https:\/\/vrtec-sezana.si\/wp-content\/uploads\/2026\/04\/IMG_2157-150x150.jpg\" class=\"attachment-thumbnail size-thumbnail wp-post-image\" alt=\"\" decoding=\"async\" style=\"\" \/><\/div><a class=\"wp-block-latest-posts__post-title\" href=\"https:\/\/vrtec-sezana.si\/?p=35260\">Ko se prebudijo medvedki sladkosnedki<\/a><time datetime=\"2026-04-08T21:44:31+01:00\" class=\"wp-block-latest-posts__post-date\">08.04.2026<\/time><\/li>\n<li><div class=\"wp-block-latest-posts__featured-image\"><img loading=\"lazy\" width=\"150\" height=\"150\" src=\"https:\/\/vrtec-sezana.si\/wp-content\/uploads\/2026\/04\/16511420-kids-wearing-different-costumes-150x150.jpg\" class=\"attachment-thumbnail size-thumbnail wp-post-image\" alt=\"\" decoding=\"async\" style=\"\" \/><\/div><a class=\"wp-block-latest-posts__post-title\" href=\"https:\/\/vrtec-sezana.si\/?p=35202\">Pust v skupini Medvedki<\/a><time datetime=\"2026-04-06T15:55:21+01:00\" class=\"wp-block-latest-posts__post-date\">06.04.2026<\/time><\/li>\n<\/ul><\/div>\n<\/div>\n\n\n\n<iframe src=\"https:\/\/www.google.com\/maps\/embed?pb=!1m18!1m12!1m3!1d2787.3772945935657!2d13.965722676260581!3d45.68339987107844!2m3!1f0!2f0!3f0!3m2!1i1024!2i768!4f13.1!3m3!1m2!1s0x477b3f33b504a399%3A0x94bd847b9e303972!2sKosovelova%20ulica%2024%2C%206215%20Diva%C4%8Da!5e0!3m2!1ssl!2ssi!4v1699782772076!5m2!1ssl!2ssi\" width=\"800\" height=\"600\" style=\"border:0;\" allowfullscreen=\"\" loading=\"lazy\" referrerpolicy=\"no-referrer-when-downgrade\"><\/iframe>\n\n\n\n<p><\/p>\n","protected":false},"excerpt":{"rendered":"<p>Kosovelova ulica 24, 6215 Diva\u010da DIVA\u010cA +386 (0) 51 247 694 (pritli\u010dje)+386 (0) 51 277 483 (prvo nadstropje) enota.divaca@guest.arnes.si 6:00 do 16:30 Vrtec Diva\u010da stoji v samem centru Diva\u010de, neposredno ob osnovni \u0161oli. Zgrajen je bil leta 2011 in je eden najsodobnej\u0161ih \u2026 <a href=\"https:\/\/vrtec-sezana.si\/?page_id=368\" rel=\"noopener noreferrer\">Preberi ve\u010d<\/a><\/p>\n","protected":false},"author":1,"featured_media":414,"parent":0,"menu_order":0,"comment_status":"closed","ping_status":"closed","template":"","meta":{"footnotes":""},"_links":{"self":[{"href":"https:\/\/vrtec-sezana.si\/index.php?rest_route=\/wp\/v2\/pages\/368"}],"collection":[{"href":"https:\/\/vrtec-sezana.si\/index.php?rest_route=\/wp\/v2\/pages"}],"about":[{"href":"https:\/\/vrtec-sezana.si\/index.php?rest_route=\/wp\/v2\/types\/page"}],"author":[{"embeddable":true,"href":"https:\/\/vrtec-sezana.si\/index.php?rest_route=\/wp\/v2\/users\/1"}],"replies":[{"embeddable":true,"href":"https:\/\/vrtec-sezana.si\/index.php?rest_route=%2Fwp%2Fv2%2Fcomments&post=368"}],"version-history":[{"count":12,"href":"https:\/\/vrtec-sezana.si\/index.php?rest_route=\/wp\/v2\/pages\/368\/revisions"}],"predecessor-version":[{"id":26310,"href":"https:\/\/vrtec-sezana.si\/index.php?rest_route=\/wp\/v2\/pages\/368\/revisions\/26310"}],"wp:featuredmedia":[{"embeddable":true,"href":"https:\/\/vrtec-sezana.si\/index.php?rest_route=\/wp\/v2\/media\/414"}],"wp:attachment":[{"href":"https:\/\/vrtec-sezana.si\/index.php?rest_route=%2Fwp%2Fv2%2Fmedia&parent=368"}],"curies":[{"name":"wp","href":"https:\/\/api.w.org\/{rel}","templated":true}]}}