{"id":36226,"date":"2026-05-10T06:41:54","date_gmt":"2026-05-10T05:41:54","guid":{"rendered":"https:\/\/vrtec-sezana.si\/?page_id=36226"},"modified":"2026-05-13T05:09:59","modified_gmt":"2026-05-13T04:09:59","slug":"skupina-zelvice-je-sodelovala-v-projektu-dlan-isce-dlan","status":"publish","type":"page","link":"https:\/\/vrtec-sezana.si\/?page_id=36226","title":{"rendered":"Skupina \u017delvice je sodelovala v projektu Dlan i\u0161\u010de dlan"},"content":{"rendered":"","protected":true},"excerpt":{"rendered":"","protected":true},"author":16,"featured_media":0,"parent":0,"menu_order":0,"comment_status":"closed","ping_status":"closed","template":"","meta":{"footnotes":""},"_links":{"self":[{"href":"https:\/\/vrtec-sezana.si\/index.php?rest_route=\/wp\/v2\/pages\/36226"}],"collection":[{"href":"https:\/\/vrtec-sezana.si\/index.php?rest_route=\/wp\/v2\/pages"}],"about":[{"href":"https:\/\/vrtec-sezana.si\/index.php?rest_route=\/wp\/v2\/types\/page"}],"author":[{"embeddable":true,"href":"https:\/\/vrtec-sezana.si\/index.php?rest_route=\/wp\/v2\/users\/16"}],"replies":[{"embeddable":true,"href":"https:\/\/vrtec-sezana.si\/index.php?rest_route=%2Fwp%2Fv2%2Fcomments&post=36226"}],"version-history":[{"count":3,"href":"https:\/\/vrtec-sezana.si\/index.php?rest_route=\/wp\/v2\/pages\/36226\/revisions"}],"predecessor-version":[{"id":36485,"href":"https:\/\/vrtec-sezana.si\/index.php?rest_route=\/wp\/v2\/pages\/36226\/revisions\/36485"}],"wp:attachment":[{"href":"https:\/\/vrtec-sezana.si\/index.php?rest_route=%2Fwp%2Fv2%2Fmedia&parent=36226"}],"curies":[{"name":"wp","href":"https:\/\/api.w.org\/{rel}","templated":true}]}}