{"id":33813,"date":"2026-02-22T16:14:01","date_gmt":"2026-02-22T15:14:01","guid":{"rendered":"https:\/\/vrtec-sezana.si\/?page_id=33813"},"modified":"2026-02-22T16:14:01","modified_gmt":"2026-02-22T15:14:01","slug":"srecanje-otrok-in-starsev-v-kosovelovi-knjiznici-predpustno-druzenje","status":"publish","type":"page","link":"https:\/\/vrtec-sezana.si\/?page_id=33813","title":{"rendered":"Sre\u010danje otrok in star\u0161ev v Kosovelovi knji\u017enici -predpustno dru\u017eenje"},"content":{"rendered":"","protected":true},"excerpt":{"rendered":"","protected":true},"author":21,"featured_media":0,"parent":0,"menu_order":0,"comment_status":"closed","ping_status":"closed","template":"","meta":{"footnotes":""},"_links":{"self":[{"href":"https:\/\/vrtec-sezana.si\/index.php?rest_route=\/wp\/v2\/pages\/33813"}],"collection":[{"href":"https:\/\/vrtec-sezana.si\/index.php?rest_route=\/wp\/v2\/pages"}],"about":[{"href":"https:\/\/vrtec-sezana.si\/index.php?rest_route=\/wp\/v2\/types\/page"}],"author":[{"embeddable":true,"href":"https:\/\/vrtec-sezana.si\/index.php?rest_route=\/wp\/v2\/users\/21"}],"replies":[{"embeddable":true,"href":"https:\/\/vrtec-sezana.si\/index.php?rest_route=%2Fwp%2Fv2%2Fcomments&post=33813"}],"version-history":[{"count":1,"href":"https:\/\/vrtec-sezana.si\/index.php?rest_route=\/wp\/v2\/pages\/33813\/revisions"}],"predecessor-version":[{"id":33829,"href":"https:\/\/vrtec-sezana.si\/index.php?rest_route=\/wp\/v2\/pages\/33813\/revisions\/33829"}],"wp:attachment":[{"href":"https:\/\/vrtec-sezana.si\/index.php?rest_route=%2Fwp%2Fv2%2Fmedia&parent=33813"}],"curies":[{"name":"wp","href":"https:\/\/api.w.org\/{rel}","templated":true}]}}