{"id":33026,"date":"2026-01-27T21:34:10","date_gmt":"2026-01-27T20:34:10","guid":{"rendered":"https:\/\/vrtec-sezana.si\/?page_id=33026"},"modified":"2026-01-27T21:34:10","modified_gmt":"2026-01-27T20:34:10","slug":"otroci-skupin-netopircki-in-pingvincki-so-zapeli-v-domu-upokojencev-sezana","status":"publish","type":"page","link":"https:\/\/vrtec-sezana.si\/?page_id=33026","title":{"rendered":"Otroci skupin Netopir\u010dki in Pingvin\u010dki so zapeli v Domu upokojencev Se\u017eana"},"content":{"rendered":"","protected":true},"excerpt":{"rendered":"","protected":true},"author":5,"featured_media":0,"parent":0,"menu_order":0,"comment_status":"closed","ping_status":"closed","template":"","meta":{"footnotes":""},"_links":{"self":[{"href":"https:\/\/vrtec-sezana.si\/index.php?rest_route=\/wp\/v2\/pages\/33026"}],"collection":[{"href":"https:\/\/vrtec-sezana.si\/index.php?rest_route=\/wp\/v2\/pages"}],"about":[{"href":"https:\/\/vrtec-sezana.si\/index.php?rest_route=\/wp\/v2\/types\/page"}],"author":[{"embeddable":true,"href":"https:\/\/vrtec-sezana.si\/index.php?rest_route=\/wp\/v2\/users\/5"}],"replies":[{"embeddable":true,"href":"https:\/\/vrtec-sezana.si\/index.php?rest_route=%2Fwp%2Fv2%2Fcomments&post=33026"}],"version-history":[{"count":1,"href":"https:\/\/vrtec-sezana.si\/index.php?rest_route=\/wp\/v2\/pages\/33026\/revisions"}],"predecessor-version":[{"id":33034,"href":"https:\/\/vrtec-sezana.si\/index.php?rest_route=\/wp\/v2\/pages\/33026\/revisions\/33034"}],"wp:attachment":[{"href":"https:\/\/vrtec-sezana.si\/index.php?rest_route=%2Fwp%2Fv2%2Fmedia&parent=33026"}],"curies":[{"name":"wp","href":"https:\/\/api.w.org\/{rel}","templated":true}]}}