{"id":32287,"date":"2026-01-13T14:36:56","date_gmt":"2026-01-13T13:36:56","guid":{"rendered":"https:\/\/vrtec-sezana.si\/?page_id=32287"},"modified":"2026-01-13T14:36:57","modified_gmt":"2026-01-13T13:36:57","slug":"s-palckom-pohajalckom-v-praznicni-december-2-del","status":"publish","type":"page","link":"https:\/\/vrtec-sezana.si\/?page_id=32287","title":{"rendered":"S Pal\u010dkom Pohajal\u010dkom v prazni\u010dni december \u2013 2.del"},"content":{"rendered":"","protected":true},"excerpt":{"rendered":"","protected":true},"author":24,"featured_media":32283,"parent":0,"menu_order":0,"comment_status":"closed","ping_status":"closed","template":"","meta":{"footnotes":""},"_links":{"self":[{"href":"https:\/\/vrtec-sezana.si\/index.php?rest_route=\/wp\/v2\/pages\/32287"}],"collection":[{"href":"https:\/\/vrtec-sezana.si\/index.php?rest_route=\/wp\/v2\/pages"}],"about":[{"href":"https:\/\/vrtec-sezana.si\/index.php?rest_route=\/wp\/v2\/types\/page"}],"author":[{"embeddable":true,"href":"https:\/\/vrtec-sezana.si\/index.php?rest_route=\/wp\/v2\/users\/24"}],"replies":[{"embeddable":true,"href":"https:\/\/vrtec-sezana.si\/index.php?rest_route=%2Fwp%2Fv2%2Fcomments&post=32287"}],"version-history":[{"count":1,"href":"https:\/\/vrtec-sezana.si\/index.php?rest_route=\/wp\/v2\/pages\/32287\/revisions"}],"predecessor-version":[{"id":32312,"href":"https:\/\/vrtec-sezana.si\/index.php?rest_route=\/wp\/v2\/pages\/32287\/revisions\/32312"}],"wp:featuredmedia":[{"embeddable":true,"href":"https:\/\/vrtec-sezana.si\/index.php?rest_route=\/wp\/v2\/media\/32283"}],"wp:attachment":[{"href":"https:\/\/vrtec-sezana.si\/index.php?rest_route=%2Fwp%2Fv2%2Fmedia&parent=32287"}],"curies":[{"name":"wp","href":"https:\/\/api.w.org\/{rel}","templated":true}]}}