{"id":32261,"date":"2026-01-13T14:25:16","date_gmt":"2026-01-13T13:25:16","guid":{"rendered":"https:\/\/vrtec-sezana.si\/?page_id=32261"},"modified":"2026-01-13T14:40:35","modified_gmt":"2026-01-13T13:40:35","slug":"s-palckom-pohajalckom-v-praznicni-december-1-del","status":"publish","type":"page","link":"https:\/\/vrtec-sezana.si\/?page_id=32261","title":{"rendered":"S Pal\u010dkom Pohajal\u010dkom v prazni\u010dni december \u2013 1.del"},"content":{"rendered":"","protected":true},"excerpt":{"rendered":"","protected":true},"author":24,"featured_media":32283,"parent":0,"menu_order":0,"comment_status":"closed","ping_status":"closed","template":"","meta":{"footnotes":""},"_links":{"self":[{"href":"https:\/\/vrtec-sezana.si\/index.php?rest_route=\/wp\/v2\/pages\/32261"}],"collection":[{"href":"https:\/\/vrtec-sezana.si\/index.php?rest_route=\/wp\/v2\/pages"}],"about":[{"href":"https:\/\/vrtec-sezana.si\/index.php?rest_route=\/wp\/v2\/types\/page"}],"author":[{"embeddable":true,"href":"https:\/\/vrtec-sezana.si\/index.php?rest_route=\/wp\/v2\/users\/24"}],"replies":[{"embeddable":true,"href":"https:\/\/vrtec-sezana.si\/index.php?rest_route=%2Fwp%2Fv2%2Fcomments&post=32261"}],"version-history":[{"count":2,"href":"https:\/\/vrtec-sezana.si\/index.php?rest_route=\/wp\/v2\/pages\/32261\/revisions"}],"predecessor-version":[{"id":32315,"href":"https:\/\/vrtec-sezana.si\/index.php?rest_route=\/wp\/v2\/pages\/32261\/revisions\/32315"}],"wp:featuredmedia":[{"embeddable":true,"href":"https:\/\/vrtec-sezana.si\/index.php?rest_route=\/wp\/v2\/media\/32283"}],"wp:attachment":[{"href":"https:\/\/vrtec-sezana.si\/index.php?rest_route=%2Fwp%2Fv2%2Fmedia&parent=32261"}],"curies":[{"name":"wp","href":"https:\/\/api.w.org\/{rel}","templated":true}]}}