{"id":31228,"date":"2025-12-05T12:26:54","date_gmt":"2025-12-05T11:26:54","guid":{"rendered":"https:\/\/vrtec-sezana.si\/?page_id=31228"},"modified":"2025-12-05T12:26:54","modified_gmt":"2025-12-05T11:26:54","slug":"priprava-sipkovega-caja-v-skupini-zelvice","status":"publish","type":"page","link":"https:\/\/vrtec-sezana.si\/?page_id=31228","title":{"rendered":"Priprava \u0161ipkovega \u010daja v skupini \u017delvice"},"content":{"rendered":"","protected":true},"excerpt":{"rendered":"","protected":true},"author":35,"featured_media":31229,"parent":0,"menu_order":0,"comment_status":"closed","ping_status":"closed","template":"","meta":{"footnotes":""},"_links":{"self":[{"href":"https:\/\/vrtec-sezana.si\/index.php?rest_route=\/wp\/v2\/pages\/31228"}],"collection":[{"href":"https:\/\/vrtec-sezana.si\/index.php?rest_route=\/wp\/v2\/pages"}],"about":[{"href":"https:\/\/vrtec-sezana.si\/index.php?rest_route=\/wp\/v2\/types\/page"}],"author":[{"embeddable":true,"href":"https:\/\/vrtec-sezana.si\/index.php?rest_route=\/wp\/v2\/users\/35"}],"replies":[{"embeddable":true,"href":"https:\/\/vrtec-sezana.si\/index.php?rest_route=%2Fwp%2Fv2%2Fcomments&post=31228"}],"version-history":[{"count":1,"href":"https:\/\/vrtec-sezana.si\/index.php?rest_route=\/wp\/v2\/pages\/31228\/revisions"}],"predecessor-version":[{"id":31248,"href":"https:\/\/vrtec-sezana.si\/index.php?rest_route=\/wp\/v2\/pages\/31228\/revisions\/31248"}],"wp:featuredmedia":[{"embeddable":true,"href":"https:\/\/vrtec-sezana.si\/index.php?rest_route=\/wp\/v2\/media\/31229"}],"wp:attachment":[{"href":"https:\/\/vrtec-sezana.si\/index.php?rest_route=%2Fwp%2Fv2%2Fmedia&parent=31228"}],"curies":[{"name":"wp","href":"https:\/\/api.w.org\/{rel}","templated":true}]}}