{"id":29640,"date":"2025-10-26T21:58:58","date_gmt":"2025-10-26T20:58:58","guid":{"rendered":"https:\/\/vrtec-sezana.si\/?page_id=29640"},"modified":"2025-10-26T21:58:59","modified_gmt":"2025-10-26T20:58:59","slug":"pozar-ne-caka-pomembna-je-sekunda-vsaka-poznas-evakuacijsko-pot","status":"publish","type":"page","link":"https:\/\/vrtec-sezana.si\/?page_id=29640","title":{"rendered":"&#8220;Po\u017ear ne \u010daka &#8211; pomembna je sekunda vsaka. Pozna\u0161 evakuacijsko pot?&#8221;"},"content":{"rendered":"","protected":true},"excerpt":{"rendered":"","protected":true},"author":20,"featured_media":0,"parent":0,"menu_order":0,"comment_status":"closed","ping_status":"closed","template":"","meta":{"footnotes":""},"_links":{"self":[{"href":"https:\/\/vrtec-sezana.si\/index.php?rest_route=\/wp\/v2\/pages\/29640"}],"collection":[{"href":"https:\/\/vrtec-sezana.si\/index.php?rest_route=\/wp\/v2\/pages"}],"about":[{"href":"https:\/\/vrtec-sezana.si\/index.php?rest_route=\/wp\/v2\/types\/page"}],"author":[{"embeddable":true,"href":"https:\/\/vrtec-sezana.si\/index.php?rest_route=\/wp\/v2\/users\/20"}],"replies":[{"embeddable":true,"href":"https:\/\/vrtec-sezana.si\/index.php?rest_route=%2Fwp%2Fv2%2Fcomments&post=29640"}],"version-history":[{"count":1,"href":"https:\/\/vrtec-sezana.si\/index.php?rest_route=\/wp\/v2\/pages\/29640\/revisions"}],"predecessor-version":[{"id":29702,"href":"https:\/\/vrtec-sezana.si\/index.php?rest_route=\/wp\/v2\/pages\/29640\/revisions\/29702"}],"wp:attachment":[{"href":"https:\/\/vrtec-sezana.si\/index.php?rest_route=%2Fwp%2Fv2%2Fmedia&parent=29640"}],"curies":[{"name":"wp","href":"https:\/\/api.w.org\/{rel}","templated":true}]}}