{"id":28325,"date":"2025-09-29T13:06:28","date_gmt":"2025-09-29T12:06:28","guid":{"rendered":"https:\/\/vrtec-sezana.si\/?page_id=28325"},"modified":"2025-10-05T11:26:28","modified_gmt":"2025-10-05T10:26:28","slug":"zelvja-druzina-na-obisku-v-skupini-lisicke","status":"publish","type":"page","link":"https:\/\/vrtec-sezana.si\/?page_id=28325","title":{"rendered":"\u017delvja dru\u017eina na obisku v skupini lisi\u010dke"},"content":{"rendered":"","protected":true},"excerpt":{"rendered":"","protected":true},"author":31,"featured_media":0,"parent":0,"menu_order":0,"comment_status":"closed","ping_status":"closed","template":"","meta":{"footnotes":""},"_links":{"self":[{"href":"https:\/\/vrtec-sezana.si\/index.php?rest_route=\/wp\/v2\/pages\/28325"}],"collection":[{"href":"https:\/\/vrtec-sezana.si\/index.php?rest_route=\/wp\/v2\/pages"}],"about":[{"href":"https:\/\/vrtec-sezana.si\/index.php?rest_route=\/wp\/v2\/types\/page"}],"author":[{"embeddable":true,"href":"https:\/\/vrtec-sezana.si\/index.php?rest_route=\/wp\/v2\/users\/31"}],"replies":[{"embeddable":true,"href":"https:\/\/vrtec-sezana.si\/index.php?rest_route=%2Fwp%2Fv2%2Fcomments&post=28325"}],"version-history":[{"count":1,"href":"https:\/\/vrtec-sezana.si\/index.php?rest_route=\/wp\/v2\/pages\/28325\/revisions"}],"predecessor-version":[{"id":28369,"href":"https:\/\/vrtec-sezana.si\/index.php?rest_route=\/wp\/v2\/pages\/28325\/revisions\/28369"}],"wp:attachment":[{"href":"https:\/\/vrtec-sezana.si\/index.php?rest_route=%2Fwp%2Fv2%2Fmedia&parent=28325"}],"curies":[{"name":"wp","href":"https:\/\/api.w.org\/{rel}","templated":true}]}}