{"id":28125,"date":"2025-09-12T13:09:22","date_gmt":"2025-09-12T12:09:22","guid":{"rendered":"https:\/\/vrtec-sezana.si\/?page_id=28125"},"modified":"2025-09-12T13:09:22","modified_gmt":"2025-09-12T12:09:22","slug":"buce-bucke-buckice","status":"publish","type":"page","link":"https:\/\/vrtec-sezana.si\/?page_id=28125","title":{"rendered":"Bu\u010de, bu\u010dke, bu\u010dkice&#8230;"},"content":{"rendered":"","protected":true},"excerpt":{"rendered":"","protected":true},"author":34,"featured_media":28130,"parent":0,"menu_order":0,"comment_status":"closed","ping_status":"closed","template":"","meta":{"footnotes":""},"_links":{"self":[{"href":"https:\/\/vrtec-sezana.si\/index.php?rest_route=\/wp\/v2\/pages\/28125"}],"collection":[{"href":"https:\/\/vrtec-sezana.si\/index.php?rest_route=\/wp\/v2\/pages"}],"about":[{"href":"https:\/\/vrtec-sezana.si\/index.php?rest_route=\/wp\/v2\/types\/page"}],"author":[{"embeddable":true,"href":"https:\/\/vrtec-sezana.si\/index.php?rest_route=\/wp\/v2\/users\/34"}],"replies":[{"embeddable":true,"href":"https:\/\/vrtec-sezana.si\/index.php?rest_route=%2Fwp%2Fv2%2Fcomments&post=28125"}],"version-history":[{"count":1,"href":"https:\/\/vrtec-sezana.si\/index.php?rest_route=\/wp\/v2\/pages\/28125\/revisions"}],"predecessor-version":[{"id":28148,"href":"https:\/\/vrtec-sezana.si\/index.php?rest_route=\/wp\/v2\/pages\/28125\/revisions\/28148"}],"wp:featuredmedia":[{"embeddable":true,"href":"https:\/\/vrtec-sezana.si\/index.php?rest_route=\/wp\/v2\/media\/28130"}],"wp:attachment":[{"href":"https:\/\/vrtec-sezana.si\/index.php?rest_route=%2Fwp%2Fv2%2Fmedia&parent=28125"}],"curies":[{"name":"wp","href":"https:\/\/api.w.org\/{rel}","templated":true}]}}