{"id":27050,"date":"2025-06-24T19:04:50","date_gmt":"2025-06-24T18:04:50","guid":{"rendered":"https:\/\/vrtec-sezana.si\/?page_id=27050"},"modified":"2025-06-24T19:08:01","modified_gmt":"2025-06-24T18:08:01","slug":"praznovanje-prihoda-poletja-2","status":"publish","type":"page","link":"https:\/\/vrtec-sezana.si\/?page_id=27050","title":{"rendered":"Praznovanje prihoda poletja"},"content":{"rendered":"\n<p>Letos je poletje pohitelo in zato smo pohiteli tudi mi. Prihod poletja smo pozdravili v \u010detrtek, 2. in petek, 3. junija. In kot se za poletje spodobi, smo pripravili igre z vodo, ki so za otroke ena najlep\u0161ih poletnih do\u017eivetij.<\/p>\n\n\n\n<p>Kopalke, kapa s \u0161ilcem in brisa\u010da so bili obvezna oprema za praznovanje. In ni ga bilo otroka, ki bi v \u010detrtek, oziroma petek na to pozabil.<\/p>\n\n\n\n<p>Takoj po malici smo se v kopalkah in bosi dobili na igri\u0161\u010du, kjer je bilo \u017ee vse pripravljeno za vodno zabavo. Otroci drugega starostnega obdobja so praznovanje imeli v \u010detrtek, mlaj\u0161i pa v petek.<\/p>\n\n\n\n<p>Za starej\u0161e smo pripravili 5 razli\u010dnih postaj za igro z vodo in sicer:<\/p>\n\n\n\n<ul>\n<li>Igra z mlin\u010dki, \u010dolni\u010dki in drugimi rekviziti ob bazen\u010dkih z vodo in aquaplayih.<\/li>\n\n\n\n<li>Prena\u0161anje vode v plastenkah od kefirja ter prelivanje v dve ve\u010dji plastenki z ozkim grlom.<\/li>\n\n\n\n<li>Prena\u0161anje vode s hojo po produ do velikih plastenk \u2013 zlivanje vode v plastenke s \u0161e o\u017ejim grlom.<\/li>\n\n\n\n<li>Prena\u0161anje v vodo namo\u010denih velikih kosov pene (spu\u017eve) do velikih plasti\u010dnih prozornih posod \u2013 o\u017eemanje vode v posodi.<\/li>\n\n\n\n<li>Zadevanje tar\u010de z manj\u0161o v vodi namo\u010deno gobico (spu\u017evo).<\/li>\n<\/ul>\n\n\n\n<p>Otroci so se na vsaki postaji igrali 10 minut, nato postajo zamenjali. Skupine razdeljene v dve manj\u0161i skupini sta med seboj tekmovali in se predvsem zabavali.<\/p>\n\n\n\n<p>Mlaj\u0161i so praznovali na bolj preprost, njim prilagojen na\u010din. V kopalkah, nekateri \u0161e v plenicah, so se ob bazenih z vodo igrali s prelivanjem, \u0161pricanjem, igro z bar\u010dicami, mlin\u010dki in podobnimi igra\u010dami primernimi za igro z vodo.&nbsp; Neizmerno so u\u017eivali.<\/p>\n\n\n\n<p>Prepri\u010dani, da nam bo poletje omogo\u010dilo \u010dim ve\u010d sonca in visokih temperatur, s tem pa veliko mo\u017enosti za igre z vodo, se veselimo poletnih po\u010ditnic, potovanj in drugih dopustni\u0161kih do\u017eivetij.<\/p>\n\n\n\n<p>Besedilo: Vlasta Perhavec<\/p>\n\n\n\n<p>Fotografije: strokovne delavke <\/p>\n\n\n\n<div class=\"wp-block-buttons is-layout-flex wp-block-buttons-is-layout-flex\">\n<div class=\"wp-block-button\"><a class=\"wp-block-button__link wp-element-button\" href=\"https:\/\/vrtec-sezana.si\/?page_id=26990\">GALERIJA<\/a><\/div>\n<\/div>\n","protected":false},"excerpt":{"rendered":"<p>Letos je poletje pohitelo in zato smo pohiteli tudi mi. Prihod poletja smo pozdravili v \u010detrtek, 2. in petek, 3. junija. In kot se za poletje spodobi, smo pripravili igre z vodo, ki so za otroke ena najlep\u0161ih poletnih do\u017eivetij. Kopalke, kapa&#8230;<\/p>\n","protected":false},"author":31,"featured_media":27051,"parent":0,"menu_order":0,"comment_status":"closed","ping_status":"closed","template":"","meta":{"footnotes":""},"_links":{"self":[{"href":"https:\/\/vrtec-sezana.si\/index.php?rest_route=\/wp\/v2\/pages\/27050"}],"collection":[{"href":"https:\/\/vrtec-sezana.si\/index.php?rest_route=\/wp\/v2\/pages"}],"about":[{"href":"https:\/\/vrtec-sezana.si\/index.php?rest_route=\/wp\/v2\/types\/page"}],"author":[{"embeddable":true,"href":"https:\/\/vrtec-sezana.si\/index.php?rest_route=\/wp\/v2\/users\/31"}],"replies":[{"embeddable":true,"href":"https:\/\/vrtec-sezana.si\/index.php?rest_route=%2Fwp%2Fv2%2Fcomments&post=27050"}],"version-history":[{"count":1,"href":"https:\/\/vrtec-sezana.si\/index.php?rest_route=\/wp\/v2\/pages\/27050\/revisions"}],"predecessor-version":[{"id":27052,"href":"https:\/\/vrtec-sezana.si\/index.php?rest_route=\/wp\/v2\/pages\/27050\/revisions\/27052"}],"wp:featuredmedia":[{"embeddable":true,"href":"https:\/\/vrtec-sezana.si\/index.php?rest_route=\/wp\/v2\/media\/27051"}],"wp:attachment":[{"href":"https:\/\/vrtec-sezana.si\/index.php?rest_route=%2Fwp%2Fv2%2Fmedia&parent=27050"}],"curies":[{"name":"wp","href":"https:\/\/api.w.org\/{rel}","templated":true}]}}