{"id":26904,"date":"2025-06-23T17:19:57","date_gmt":"2025-06-23T16:19:57","guid":{"rendered":"https:\/\/vrtec-sezana.si\/?page_id=26904"},"modified":"2025-06-23T17:19:57","modified_gmt":"2025-06-23T16:19:57","slug":"srecanje-s-starsi-na-alpaka-rancu","status":"publish","type":"page","link":"https:\/\/vrtec-sezana.si\/?page_id=26904","title":{"rendered":"Sre\u010danje s star\u0161i na Alpaka Ran\u010du"},"content":{"rendered":"","protected":true},"excerpt":{"rendered":"","protected":true},"author":23,"featured_media":26925,"parent":0,"menu_order":0,"comment_status":"closed","ping_status":"closed","template":"","meta":{"footnotes":""},"_links":{"self":[{"href":"https:\/\/vrtec-sezana.si\/index.php?rest_route=\/wp\/v2\/pages\/26904"}],"collection":[{"href":"https:\/\/vrtec-sezana.si\/index.php?rest_route=\/wp\/v2\/pages"}],"about":[{"href":"https:\/\/vrtec-sezana.si\/index.php?rest_route=\/wp\/v2\/types\/page"}],"author":[{"embeddable":true,"href":"https:\/\/vrtec-sezana.si\/index.php?rest_route=\/wp\/v2\/users\/23"}],"replies":[{"embeddable":true,"href":"https:\/\/vrtec-sezana.si\/index.php?rest_route=%2Fwp%2Fv2%2Fcomments&post=26904"}],"version-history":[{"count":1,"href":"https:\/\/vrtec-sezana.si\/index.php?rest_route=\/wp\/v2\/pages\/26904\/revisions"}],"predecessor-version":[{"id":26926,"href":"https:\/\/vrtec-sezana.si\/index.php?rest_route=\/wp\/v2\/pages\/26904\/revisions\/26926"}],"wp:featuredmedia":[{"embeddable":true,"href":"https:\/\/vrtec-sezana.si\/index.php?rest_route=\/wp\/v2\/media\/26925"}],"wp:attachment":[{"href":"https:\/\/vrtec-sezana.si\/index.php?rest_route=%2Fwp%2Fv2%2Fmedia&parent=26904"}],"curies":[{"name":"wp","href":"https:\/\/api.w.org\/{rel}","templated":true}]}}