{"id":26672,"date":"2025-06-21T22:55:27","date_gmt":"2025-06-21T21:55:27","guid":{"rendered":"https:\/\/vrtec-sezana.si\/?page_id=26672"},"modified":"2025-06-21T23:28:07","modified_gmt":"2025-06-21T22:28:07","slug":"kraska-ovcarja-primus-in-vera-na-obisu-pri-otrocih-iz-skupine-kameleoncki","status":"publish","type":"page","link":"https:\/\/vrtec-sezana.si\/?page_id=26672","title":{"rendered":"Kra\u0161ka ov\u010darja Primus in Vera na obisu pri otrocih iz skupine Kameleon\u010dki"},"content":{"rendered":"","protected":true},"excerpt":{"rendered":"","protected":true},"author":20,"featured_media":0,"parent":0,"menu_order":0,"comment_status":"closed","ping_status":"closed","template":"","meta":{"footnotes":""},"_links":{"self":[{"href":"https:\/\/vrtec-sezana.si\/index.php?rest_route=\/wp\/v2\/pages\/26672"}],"collection":[{"href":"https:\/\/vrtec-sezana.si\/index.php?rest_route=\/wp\/v2\/pages"}],"about":[{"href":"https:\/\/vrtec-sezana.si\/index.php?rest_route=\/wp\/v2\/types\/page"}],"author":[{"embeddable":true,"href":"https:\/\/vrtec-sezana.si\/index.php?rest_route=\/wp\/v2\/users\/20"}],"replies":[{"embeddable":true,"href":"https:\/\/vrtec-sezana.si\/index.php?rest_route=%2Fwp%2Fv2%2Fcomments&post=26672"}],"version-history":[{"count":2,"href":"https:\/\/vrtec-sezana.si\/index.php?rest_route=\/wp\/v2\/pages\/26672\/revisions"}],"predecessor-version":[{"id":26714,"href":"https:\/\/vrtec-sezana.si\/index.php?rest_route=\/wp\/v2\/pages\/26672\/revisions\/26714"}],"wp:attachment":[{"href":"https:\/\/vrtec-sezana.si\/index.php?rest_route=%2Fwp%2Fv2%2Fmedia&parent=26672"}],"curies":[{"name":"wp","href":"https:\/\/api.w.org\/{rel}","templated":true}]}}