{"id":26656,"date":"2025-06-19T16:45:16","date_gmt":"2025-06-19T15:45:16","guid":{"rendered":"https:\/\/vrtec-sezana.si\/?page_id=26656"},"modified":"2025-06-19T16:45:16","modified_gmt":"2025-06-19T15:45:16","slug":"zakljucno-srecanje-s-starsi-skupin-cebelice-in-pikapolonice","status":"publish","type":"page","link":"https:\/\/vrtec-sezana.si\/?page_id=26656","title":{"rendered":"Zaklju\u010dno sre\u010danje s star\u0161i skupin \u010cebelice in Pikapolonice"},"content":{"rendered":"","protected":true},"excerpt":{"rendered":"","protected":true},"author":11,"featured_media":0,"parent":0,"menu_order":0,"comment_status":"closed","ping_status":"closed","template":"","meta":{"footnotes":""},"_links":{"self":[{"href":"https:\/\/vrtec-sezana.si\/index.php?rest_route=\/wp\/v2\/pages\/26656"}],"collection":[{"href":"https:\/\/vrtec-sezana.si\/index.php?rest_route=\/wp\/v2\/pages"}],"about":[{"href":"https:\/\/vrtec-sezana.si\/index.php?rest_route=\/wp\/v2\/types\/page"}],"author":[{"embeddable":true,"href":"https:\/\/vrtec-sezana.si\/index.php?rest_route=\/wp\/v2\/users\/11"}],"replies":[{"embeddable":true,"href":"https:\/\/vrtec-sezana.si\/index.php?rest_route=%2Fwp%2Fv2%2Fcomments&post=26656"}],"version-history":[{"count":1,"href":"https:\/\/vrtec-sezana.si\/index.php?rest_route=\/wp\/v2\/pages\/26656\/revisions"}],"predecessor-version":[{"id":26662,"href":"https:\/\/vrtec-sezana.si\/index.php?rest_route=\/wp\/v2\/pages\/26656\/revisions\/26662"}],"wp:attachment":[{"href":"https:\/\/vrtec-sezana.si\/index.php?rest_route=%2Fwp%2Fv2%2Fmedia&parent=26656"}],"curies":[{"name":"wp","href":"https:\/\/api.w.org\/{rel}","templated":true}]}}