{"id":26550,"date":"2025-06-19T11:57:05","date_gmt":"2025-06-19T10:57:05","guid":{"rendered":"https:\/\/vrtec-sezana.si\/?page_id=26550"},"modified":"2025-06-19T11:59:08","modified_gmt":"2025-06-19T10:59:08","slug":"zakljucno-srecanje-s-starsi-obisk-kmetije-pr-birtovih","status":"publish","type":"page","link":"https:\/\/vrtec-sezana.si\/?page_id=26550","title":{"rendered":"Zaklju\u010dno sre\u010danje s star\u0161i \u2013 obisk kmetije Pr&#8217; Birtovih"},"content":{"rendered":"","protected":true},"excerpt":{"rendered":"","protected":true},"author":35,"featured_media":26566,"parent":0,"menu_order":0,"comment_status":"closed","ping_status":"closed","template":"","meta":{"footnotes":""},"_links":{"self":[{"href":"https:\/\/vrtec-sezana.si\/index.php?rest_route=\/wp\/v2\/pages\/26550"}],"collection":[{"href":"https:\/\/vrtec-sezana.si\/index.php?rest_route=\/wp\/v2\/pages"}],"about":[{"href":"https:\/\/vrtec-sezana.si\/index.php?rest_route=\/wp\/v2\/types\/page"}],"author":[{"embeddable":true,"href":"https:\/\/vrtec-sezana.si\/index.php?rest_route=\/wp\/v2\/users\/35"}],"replies":[{"embeddable":true,"href":"https:\/\/vrtec-sezana.si\/index.php?rest_route=%2Fwp%2Fv2%2Fcomments&post=26550"}],"version-history":[{"count":1,"href":"https:\/\/vrtec-sezana.si\/index.php?rest_route=\/wp\/v2\/pages\/26550\/revisions"}],"predecessor-version":[{"id":26572,"href":"https:\/\/vrtec-sezana.si\/index.php?rest_route=\/wp\/v2\/pages\/26550\/revisions\/26572"}],"wp:featuredmedia":[{"embeddable":true,"href":"https:\/\/vrtec-sezana.si\/index.php?rest_route=\/wp\/v2\/media\/26566"}],"wp:attachment":[{"href":"https:\/\/vrtec-sezana.si\/index.php?rest_route=%2Fwp%2Fv2%2Fmedia&parent=26550"}],"curies":[{"name":"wp","href":"https:\/\/api.w.org\/{rel}","templated":true}]}}