{"id":26170,"date":"2025-06-11T20:50:37","date_gmt":"2025-06-11T19:50:37","guid":{"rendered":"https:\/\/vrtec-sezana.si\/?page_id=26170"},"modified":"2025-06-11T20:50:37","modified_gmt":"2025-06-11T19:50:37","slug":"zelo-lacna-gosenica-na-srecanju-s-starsi","status":"publish","type":"page","link":"https:\/\/vrtec-sezana.si\/?page_id=26170","title":{"rendered":"Zelo la\u010dna gosenica na sre\u010danju s star\u0161i"},"content":{"rendered":"","protected":true},"excerpt":{"rendered":"","protected":true},"author":36,"featured_media":26171,"parent":0,"menu_order":0,"comment_status":"closed","ping_status":"closed","template":"","meta":{"footnotes":""},"_links":{"self":[{"href":"https:\/\/vrtec-sezana.si\/index.php?rest_route=\/wp\/v2\/pages\/26170"}],"collection":[{"href":"https:\/\/vrtec-sezana.si\/index.php?rest_route=\/wp\/v2\/pages"}],"about":[{"href":"https:\/\/vrtec-sezana.si\/index.php?rest_route=\/wp\/v2\/types\/page"}],"author":[{"embeddable":true,"href":"https:\/\/vrtec-sezana.si\/index.php?rest_route=\/wp\/v2\/users\/36"}],"replies":[{"embeddable":true,"href":"https:\/\/vrtec-sezana.si\/index.php?rest_route=%2Fwp%2Fv2%2Fcomments&post=26170"}],"version-history":[{"count":1,"href":"https:\/\/vrtec-sezana.si\/index.php?rest_route=\/wp\/v2\/pages\/26170\/revisions"}],"predecessor-version":[{"id":26187,"href":"https:\/\/vrtec-sezana.si\/index.php?rest_route=\/wp\/v2\/pages\/26170\/revisions\/26187"}],"wp:featuredmedia":[{"embeddable":true,"href":"https:\/\/vrtec-sezana.si\/index.php?rest_route=\/wp\/v2\/media\/26171"}],"wp:attachment":[{"href":"https:\/\/vrtec-sezana.si\/index.php?rest_route=%2Fwp%2Fv2%2Fmedia&parent=26170"}],"curies":[{"name":"wp","href":"https:\/\/api.w.org\/{rel}","templated":true}]}}