{"id":25971,"date":"2025-06-05T19:34:01","date_gmt":"2025-06-05T18:34:01","guid":{"rendered":"https:\/\/vrtec-sezana.si\/?page_id=25971"},"modified":"2025-06-05T19:34:01","modified_gmt":"2025-06-05T18:34:01","slug":"pod-medvedovim-deznikom-gledalisce-v-skupini-pri-pingvinckih","status":"publish","type":"page","link":"https:\/\/vrtec-sezana.si\/?page_id=25971","title":{"rendered":"Pod medvedovim de\u017enikom \u2013 gledali\u0161\u010de v skupini pri Pingvin\u010dkih"},"content":{"rendered":"","protected":true},"excerpt":{"rendered":"","protected":true},"author":13,"featured_media":0,"parent":0,"menu_order":0,"comment_status":"closed","ping_status":"closed","template":"","meta":{"footnotes":""},"_links":{"self":[{"href":"https:\/\/vrtec-sezana.si\/index.php?rest_route=\/wp\/v2\/pages\/25971"}],"collection":[{"href":"https:\/\/vrtec-sezana.si\/index.php?rest_route=\/wp\/v2\/pages"}],"about":[{"href":"https:\/\/vrtec-sezana.si\/index.php?rest_route=\/wp\/v2\/types\/page"}],"author":[{"embeddable":true,"href":"https:\/\/vrtec-sezana.si\/index.php?rest_route=\/wp\/v2\/users\/13"}],"replies":[{"embeddable":true,"href":"https:\/\/vrtec-sezana.si\/index.php?rest_route=%2Fwp%2Fv2%2Fcomments&post=25971"}],"version-history":[{"count":1,"href":"https:\/\/vrtec-sezana.si\/index.php?rest_route=\/wp\/v2\/pages\/25971\/revisions"}],"predecessor-version":[{"id":25993,"href":"https:\/\/vrtec-sezana.si\/index.php?rest_route=\/wp\/v2\/pages\/25971\/revisions\/25993"}],"wp:attachment":[{"href":"https:\/\/vrtec-sezana.si\/index.php?rest_route=%2Fwp%2Fv2%2Fmedia&parent=25971"}],"curies":[{"name":"wp","href":"https:\/\/api.w.org\/{rel}","templated":true}]}}