{"id":25951,"date":"2025-06-05T19:08:53","date_gmt":"2025-06-05T18:08:53","guid":{"rendered":"https:\/\/vrtec-sezana.si\/?page_id=25951"},"modified":"2025-06-05T19:41:58","modified_gmt":"2025-06-05T18:41:58","slug":"zakljucno-srecanje-skupine-miske-vrtcevsko-leto-2024-2025","status":"publish","type":"page","link":"https:\/\/vrtec-sezana.si\/?page_id=25951","title":{"rendered":"Zaklju\u010dno sre\u010danje skupine Mi\u0161ke \u2013 vrt\u010devsko leto 2024\/2025"},"content":{"rendered":"","protected":true},"excerpt":{"rendered":"","protected":true},"author":13,"featured_media":0,"parent":0,"menu_order":0,"comment_status":"closed","ping_status":"closed","template":"","meta":{"footnotes":""},"_links":{"self":[{"href":"https:\/\/vrtec-sezana.si\/index.php?rest_route=\/wp\/v2\/pages\/25951"}],"collection":[{"href":"https:\/\/vrtec-sezana.si\/index.php?rest_route=\/wp\/v2\/pages"}],"about":[{"href":"https:\/\/vrtec-sezana.si\/index.php?rest_route=\/wp\/v2\/types\/page"}],"author":[{"embeddable":true,"href":"https:\/\/vrtec-sezana.si\/index.php?rest_route=\/wp\/v2\/users\/13"}],"replies":[{"embeddable":true,"href":"https:\/\/vrtec-sezana.si\/index.php?rest_route=%2Fwp%2Fv2%2Fcomments&post=25951"}],"version-history":[{"count":2,"href":"https:\/\/vrtec-sezana.si\/index.php?rest_route=\/wp\/v2\/pages\/25951\/revisions"}],"predecessor-version":[{"id":25998,"href":"https:\/\/vrtec-sezana.si\/index.php?rest_route=\/wp\/v2\/pages\/25951\/revisions\/25998"}],"wp:attachment":[{"href":"https:\/\/vrtec-sezana.si\/index.php?rest_route=%2Fwp%2Fv2%2Fmedia&parent=25951"}],"curies":[{"name":"wp","href":"https:\/\/api.w.org\/{rel}","templated":true}]}}