{"id":25576,"date":"2025-05-31T20:23:14","date_gmt":"2025-05-31T19:23:14","guid":{"rendered":"https:\/\/vrtec-sezana.si\/?page_id=25576"},"modified":"2025-05-31T20:23:15","modified_gmt":"2025-05-31T19:23:15","slug":"spanje-v-vrtcu-carobna-dogodivscina-pri-zirafah-2","status":"publish","type":"page","link":"https:\/\/vrtec-sezana.si\/?page_id=25576","title":{"rendered":"Spanje v vrtcu: \u010darobna dogodiv\u0161\u010dina pri \u017dirafah"},"content":{"rendered":"","protected":true},"excerpt":{"rendered":"","protected":true},"author":5,"featured_media":0,"parent":0,"menu_order":0,"comment_status":"closed","ping_status":"closed","template":"","meta":{"footnotes":""},"_links":{"self":[{"href":"https:\/\/vrtec-sezana.si\/index.php?rest_route=\/wp\/v2\/pages\/25576"}],"collection":[{"href":"https:\/\/vrtec-sezana.si\/index.php?rest_route=\/wp\/v2\/pages"}],"about":[{"href":"https:\/\/vrtec-sezana.si\/index.php?rest_route=\/wp\/v2\/types\/page"}],"author":[{"embeddable":true,"href":"https:\/\/vrtec-sezana.si\/index.php?rest_route=\/wp\/v2\/users\/5"}],"replies":[{"embeddable":true,"href":"https:\/\/vrtec-sezana.si\/index.php?rest_route=%2Fwp%2Fv2%2Fcomments&post=25576"}],"version-history":[{"count":1,"href":"https:\/\/vrtec-sezana.si\/index.php?rest_route=\/wp\/v2\/pages\/25576\/revisions"}],"predecessor-version":[{"id":25590,"href":"https:\/\/vrtec-sezana.si\/index.php?rest_route=\/wp\/v2\/pages\/25576\/revisions\/25590"}],"wp:attachment":[{"href":"https:\/\/vrtec-sezana.si\/index.php?rest_route=%2Fwp%2Fv2%2Fmedia&parent=25576"}],"curies":[{"name":"wp","href":"https:\/\/api.w.org\/{rel}","templated":true}]}}