{"id":25553,"date":"2025-05-29T21:45:20","date_gmt":"2025-05-29T20:45:20","guid":{"rendered":"https:\/\/vrtec-sezana.si\/?page_id=25553"},"modified":"2025-05-29T21:45:20","modified_gmt":"2025-05-29T20:45:20","slug":"vaja-evakuacije-v-vrtcu-in-poucna-izkusnja-za-najmlajse","status":"publish","type":"page","link":"https:\/\/vrtec-sezana.si\/?page_id=25553","title":{"rendered":"Vaja evakuacije v vrtcu in pou\u010dna izku\u0161nja za najmlaj\u0161e"},"content":{"rendered":"","protected":true},"excerpt":{"rendered":"","protected":true},"author":16,"featured_media":0,"parent":0,"menu_order":0,"comment_status":"closed","ping_status":"closed","template":"","meta":{"footnotes":""},"_links":{"self":[{"href":"https:\/\/vrtec-sezana.si\/index.php?rest_route=\/wp\/v2\/pages\/25553"}],"collection":[{"href":"https:\/\/vrtec-sezana.si\/index.php?rest_route=\/wp\/v2\/pages"}],"about":[{"href":"https:\/\/vrtec-sezana.si\/index.php?rest_route=\/wp\/v2\/types\/page"}],"author":[{"embeddable":true,"href":"https:\/\/vrtec-sezana.si\/index.php?rest_route=\/wp\/v2\/users\/16"}],"replies":[{"embeddable":true,"href":"https:\/\/vrtec-sezana.si\/index.php?rest_route=%2Fwp%2Fv2%2Fcomments&post=25553"}],"version-history":[{"count":1,"href":"https:\/\/vrtec-sezana.si\/index.php?rest_route=\/wp\/v2\/pages\/25553\/revisions"}],"predecessor-version":[{"id":25571,"href":"https:\/\/vrtec-sezana.si\/index.php?rest_route=\/wp\/v2\/pages\/25553\/revisions\/25571"}],"wp:attachment":[{"href":"https:\/\/vrtec-sezana.si\/index.php?rest_route=%2Fwp%2Fv2%2Fmedia&parent=25553"}],"curies":[{"name":"wp","href":"https:\/\/api.w.org\/{rel}","templated":true}]}}