{"id":25,"date":"2023-11-05T17:48:55","date_gmt":"2023-11-05T17:48:55","guid":{"rendered":"http:\/\/977.ablak.arnes.si\/?page_id=25"},"modified":"2025-01-09T08:58:50","modified_gmt":"2025-01-09T07:58:50","slug":"domov","status":"publish","type":"page","link":"https:\/\/vrtec-sezana.si\/","title":{"rendered":"Domov"},"content":{"rendered":"<ul class=\"wp-block-latest-posts__list has-dates wp-block-latest-posts\"><li><div class=\"wp-block-latest-posts__featured-image alignleft\"><a href=\"https:\/\/vrtec-sezana.si\/?p=35636\" aria-label=\"PESEM POMLADI\"><img loading=\"lazy\" width=\"150\" height=\"150\" src=\"https:\/\/vrtec-sezana.si\/wp-content\/uploads\/2026\/04\/PESEM-P-150x150.png\" class=\"attachment-thumbnail size-thumbnail wp-post-image\" alt=\"\" decoding=\"async\" style=\"max-width:100px;max-height:100px;\" srcset=\"https:\/\/vrtec-sezana.si\/wp-content\/uploads\/2026\/04\/PESEM-P-150x150.png 150w, https:\/\/vrtec-sezana.si\/wp-content\/uploads\/2026\/04\/PESEM-P-400x403.png 400w\" sizes=\"(max-width: 150px) 100vw, 150px\" \/><\/a><\/div><a class=\"wp-block-latest-posts__post-title\" href=\"https:\/\/vrtec-sezana.si\/?p=35636\">PESEM POMLADI<\/a><time datetime=\"2026-04-21T06:31:45+01:00\" class=\"wp-block-latest-posts__post-date\">21.04.2026<\/time><div class=\"wp-block-latest-posts__post-excerpt\">OBMO\u010cNO SRE\u010cANJE OPZ IN MPZ KRA\u0160KO BRKINSKIH O\u0160<\/div><\/li>\n<li><div class=\"wp-block-latest-posts__featured-image alignleft\"><a href=\"https:\/\/vrtec-sezana.si\/?p=35499\" aria-label=\"RAZSTAVA V KOSOVELOVI KNJI\u017dNJICI\"><img loading=\"lazy\" width=\"150\" height=\"150\" src=\"https:\/\/vrtec-sezana.si\/wp-content\/uploads\/2026\/04\/razstava-4-150x150.jpg\" class=\"attachment-thumbnail size-thumbnail wp-post-image\" alt=\"\" decoding=\"async\" style=\"max-width:100px;max-height:100px;\" \/><\/a><\/div><a class=\"wp-block-latest-posts__post-title\" href=\"https:\/\/vrtec-sezana.si\/?p=35499\">RAZSTAVA V KOSOVELOVI KNJI\u017dNJICI<\/a><time datetime=\"2026-04-14T10:45:01+01:00\" class=\"wp-block-latest-posts__post-date\">14.04.2026<\/time><div class=\"wp-block-latest-posts__post-excerpt\"><\/div><\/li>\n<li><a class=\"wp-block-latest-posts__post-title\" href=\"https:\/\/vrtec-sezana.si\/?p=35490\">PRVOMAJSKE PO\u010cITNICE<\/a><time datetime=\"2026-04-14T06:45:20+01:00\" class=\"wp-block-latest-posts__post-date\">14.04.2026<\/time><div class=\"wp-block-latest-posts__post-excerpt\"><\/div><\/li>\n<\/ul>\n\n\n<p class=\"has-large-font-size\"><strong>ENOTE<\/strong><\/p>\n\n\n\n<div class=\"wp-block-columns are-vertically-aligned-bottom has-background has-small-font-size is-layout-flex wp-container-7 wp-block-columns-is-layout-flex\" style=\"background-color:#7bdbb54d;padding-top:0;padding-bottom:0\">\n<div class=\"wp-block-column is-vertically-aligned-bottom is-layout-flow wp-block-column-is-layout-flow\">\n<figure class=\"wp-block-image size-full is-resized has-custom-border is-style-default\"><img decoding=\"async\" loading=\"lazy\" width=\"120\" height=\"195\" src=\"http:\/\/977.ablak.arnes.si\/wp-content\/uploads\/2023\/11\/sezana-2.png\" alt=\"\" class=\"wp-image-179\" style=\"border-style:none;border-width:0px;aspect-ratio:0.6153846153846154;width:118px;height:auto\"\/><figcaption class=\"wp-element-caption\"><strong>SE\u017dANA<\/strong><\/figcaption><\/figure>\n\n\n\n<p class=\"has-text-align-center\"><strong>NOVICE<\/strong><\/p>\n<\/div>\n\n\n\n<div class=\"wp-block-column is-vertically-aligned-bottom is-layout-flow wp-block-column-is-layout-flow\">\n<figure class=\"wp-block-image size-full\"><a href=\"http:\/\/977.ablak.arnes.si\/?page_id=168\"><img decoding=\"async\" loading=\"lazy\" width=\"120\" height=\"195\" src=\"http:\/\/977.ablak.arnes.si\/wp-content\/uploads\/2023\/11\/lehte-1.png\" alt=\"\" class=\"wp-image-176\"\/><\/a><figcaption class=\"wp-element-caption\"><strong><a href=\"http:\/\/977.ablak.arnes.si\/?page_id=168\" data-type=\"page\" data-id=\"168\">SE\u017dANA &#8211; LEHTE<\/a><\/strong><\/figcaption><\/figure>\n\n\n\n<p class=\"has-text-align-center\"><strong><a href=\"http:\/\/977.ablak.arnes.si\/?page_id=232\" data-type=\"page\" data-id=\"232\">NOVICE<\/a><\/strong><\/p>\n<\/div>\n\n\n\n<div class=\"wp-block-column is-vertically-aligned-bottom is-layout-flow wp-block-column-is-layout-flow\">\n<figure class=\"wp-block-image size-full is-resized\"><img decoding=\"async\" loading=\"lazy\" width=\"120\" height=\"195\" src=\"http:\/\/977.ablak.arnes.si\/wp-content\/uploads\/2023\/11\/divaca-1.png\" alt=\"\" class=\"wp-image-177\" style=\"width:98px;height:auto\"\/><figcaption class=\"wp-element-caption\"><strong>DIVA\u010cA<\/strong><\/figcaption><\/figure>\n<\/div>\n\n\n\n<div class=\"wp-block-column is-vertically-aligned-bottom is-layout-flow wp-block-column-is-layout-flow\">\n<figure class=\"wp-block-image size-full\"><img decoding=\"async\" loading=\"lazy\" width=\"120\" height=\"195\" src=\"http:\/\/977.ablak.arnes.si\/wp-content\/uploads\/2023\/11\/hrpelje-1.png\" alt=\"\" class=\"wp-image-178\"\/><figcaption class=\"wp-element-caption\"><strong>HRPELJE<\/strong><\/figcaption><\/figure>\n<\/div>\n\n\n\n<div class=\"wp-block-column is-vertically-aligned-bottom is-layout-flow wp-block-column-is-layout-flow\">\n<figure class=\"wp-block-image size-full\"><img decoding=\"async\" loading=\"lazy\" width=\"120\" height=\"195\" src=\"http:\/\/977.ablak.arnes.si\/wp-content\/uploads\/2023\/11\/dutovlje-1.png\" alt=\"\" class=\"wp-image-180\"\/><figcaption class=\"wp-element-caption\"><strong>DUTOVLJE<\/strong><\/figcaption><\/figure>\n<\/div>\n\n\n\n<div class=\"wp-block-column is-vertically-aligned-bottom is-layout-flow wp-block-column-is-layout-flow\">\n<figure class=\"wp-block-image size-full\"><img decoding=\"async\" loading=\"lazy\" width=\"120\" height=\"195\" src=\"http:\/\/977.ablak.arnes.si\/wp-content\/uploads\/2023\/11\/komen-1.png\" alt=\"\" class=\"wp-image-181\"\/><figcaption class=\"wp-element-caption\"><strong>KOMEN<\/strong><\/figcaption><\/figure>\n<\/div>\n<\/div>\n\n\n\n<div class=\"wp-block-columns are-vertically-aligned-bottom has-background has-small-font-size is-layout-flex wp-container-14 wp-block-columns-is-layout-flex\" style=\"background-color:#0792e324;padding-top:0;padding-bottom:0\">\n<div class=\"wp-block-column is-vertically-aligned-bottom is-layout-flow wp-block-column-is-layout-flow\">\n<figure class=\"wp-block-image size-full is-resized has-custom-border is-style-default\"><img decoding=\"async\" src=\"http:\/\/977.ablak.arnes.si\/wp-content\/uploads\/2023\/11\/lokev-2.png\" alt=\"\" class=\"wp-image-189\" style=\"border-style:none;border-width:0px;aspect-ratio:0.6153846153846154;width:118px;height:auto\"\/><figcaption class=\"wp-element-caption\"><strong>LOKEV<\/strong><\/figcaption><\/figure>\n<\/div>\n\n\n\n<div class=\"wp-block-column is-vertically-aligned-bottom is-layout-flow wp-block-column-is-layout-flow\">\n<figure class=\"wp-block-image size-full\"><img decoding=\"async\" loading=\"lazy\" width=\"120\" height=\"195\" src=\"http:\/\/977.ablak.arnes.si\/wp-content\/uploads\/2023\/11\/senozece-1.png\" alt=\"\" class=\"wp-image-183\"\/><figcaption class=\"wp-element-caption\"><strong>SENO\u017dE\u010cE<\/strong><\/figcaption><\/figure>\n<\/div>\n\n\n\n<div class=\"wp-block-column is-vertically-aligned-bottom is-layout-flow wp-block-column-is-layout-flow\">\n<figure class=\"wp-block-image size-full is-resized\"><img decoding=\"async\" loading=\"lazy\" width=\"120\" height=\"195\" src=\"http:\/\/977.ablak.arnes.si\/wp-content\/uploads\/2023\/11\/stanjel-1.png\" alt=\"\" class=\"wp-image-184\" style=\"width:98px;height:auto\"\/><figcaption class=\"wp-element-caption\"><strong>\u0160TANJEL<\/strong><\/figcaption><\/figure>\n<\/div>\n\n\n\n<div class=\"wp-block-column is-vertically-aligned-bottom is-layout-flow wp-block-column-is-layout-flow\">\n<figure class=\"wp-block-image size-full\"><img decoding=\"async\" loading=\"lazy\" width=\"120\" height=\"195\" src=\"http:\/\/977.ablak.arnes.si\/wp-content\/uploads\/2023\/11\/materija-1.png\" alt=\"\" class=\"wp-image-185\"\/><figcaption class=\"wp-element-caption\"><strong>MATERIJA<\/strong><\/figcaption><\/figure>\n<\/div>\n\n\n\n<div class=\"wp-block-column is-vertically-aligned-bottom is-layout-flow wp-block-column-is-layout-flow\">\n<figure class=\"wp-block-image size-full\"><img decoding=\"async\" loading=\"lazy\" width=\"120\" height=\"195\" src=\"http:\/\/977.ablak.arnes.si\/wp-content\/uploads\/2023\/11\/povir-1.png\" alt=\"\" class=\"wp-image-186\"\/><figcaption class=\"wp-element-caption\"><strong>POVIR<\/strong><\/figcaption><\/figure>\n<\/div>\n\n\n\n<div class=\"wp-block-column is-vertically-aligned-bottom is-layout-flow wp-block-column-is-layout-flow\">\n<figure class=\"wp-block-image size-full\"><img decoding=\"async\" loading=\"lazy\" width=\"120\" height=\"195\" src=\"http:\/\/977.ablak.arnes.si\/wp-content\/uploads\/2023\/11\/tomaj-1.png\" alt=\"\" class=\"wp-image-187\"\/><figcaption class=\"wp-element-caption\"><strong>TOMAJ<\/strong><\/figcaption><\/figure>\n<\/div>\n<\/div>\n","protected":false},"excerpt":{"rendered":"<p>ENOTE NOVICE NOVICE<\/p>\n","protected":false},"author":1,"featured_media":0,"parent":0,"menu_order":0,"comment_status":"closed","ping_status":"closed","template":"","meta":{"footnotes":""},"_links":{"self":[{"href":"https:\/\/vrtec-sezana.si\/index.php?rest_route=\/wp\/v2\/pages\/25"}],"collection":[{"href":"https:\/\/vrtec-sezana.si\/index.php?rest_route=\/wp\/v2\/pages"}],"about":[{"href":"https:\/\/vrtec-sezana.si\/index.php?rest_route=\/wp\/v2\/types\/page"}],"author":[{"embeddable":true,"href":"https:\/\/vrtec-sezana.si\/index.php?rest_route=\/wp\/v2\/users\/1"}],"replies":[{"embeddable":true,"href":"https:\/\/vrtec-sezana.si\/index.php?rest_route=%2Fwp%2Fv2%2Fcomments&post=25"}],"version-history":[{"count":53,"href":"https:\/\/vrtec-sezana.si\/index.php?rest_route=\/wp\/v2\/pages\/25\/revisions"}],"predecessor-version":[{"id":19946,"href":"https:\/\/vrtec-sezana.si\/index.php?rest_route=\/wp\/v2\/pages\/25\/revisions\/19946"}],"wp:attachment":[{"href":"https:\/\/vrtec-sezana.si\/index.php?rest_route=%2Fwp%2Fv2%2Fmedia&parent=25"}],"curies":[{"name":"wp","href":"https:\/\/api.w.org\/{rel}","templated":true}]}}