{"id":2459,"date":"2024-01-11T09:39:00","date_gmt":"2024-01-11T08:39:00","guid":{"rendered":"http:\/\/977.ablak.arnes.si\/?page_id=2459"},"modified":"2024-02-06T13:53:34","modified_gmt":"2024-02-06T12:53:34","slug":"pekarna-mis-mas-navdusila-otroke-in-starse-na-novoletnem-bazarju-v-enoti-lehte","status":"publish","type":"page","link":"https:\/\/vrtec-sezana.si\/?page_id=2459","title":{"rendered":"PEKARNA MI\u0160 MA\u0160 NAVDU\u0160ILA OTROKE IN STAR\u0160E NA NOVOLETNEM BAZARJU V ENOTI LEHTE"},"content":{"rendered":"","protected":true},"excerpt":{"rendered":"","protected":true},"author":1,"featured_media":0,"parent":0,"menu_order":0,"comment_status":"closed","ping_status":"closed","template":"","meta":{"footnotes":""},"_links":{"self":[{"href":"https:\/\/vrtec-sezana.si\/index.php?rest_route=\/wp\/v2\/pages\/2459"}],"collection":[{"href":"https:\/\/vrtec-sezana.si\/index.php?rest_route=\/wp\/v2\/pages"}],"about":[{"href":"https:\/\/vrtec-sezana.si\/index.php?rest_route=\/wp\/v2\/types\/page"}],"author":[{"embeddable":true,"href":"https:\/\/vrtec-sezana.si\/index.php?rest_route=\/wp\/v2\/users\/1"}],"replies":[{"embeddable":true,"href":"https:\/\/vrtec-sezana.si\/index.php?rest_route=%2Fwp%2Fv2%2Fcomments&post=2459"}],"version-history":[{"count":2,"href":"https:\/\/vrtec-sezana.si\/index.php?rest_route=\/wp\/v2\/pages\/2459\/revisions"}],"predecessor-version":[{"id":6003,"href":"https:\/\/vrtec-sezana.si\/index.php?rest_route=\/wp\/v2\/pages\/2459\/revisions\/6003"}],"wp:attachment":[{"href":"https:\/\/vrtec-sezana.si\/index.php?rest_route=%2Fwp%2Fv2%2Fmedia&parent=2459"}],"curies":[{"name":"wp","href":"https:\/\/api.w.org\/{rel}","templated":true}]}}