{"id":23538,"date":"2025-04-10T13:46:31","date_gmt":"2025-04-10T12:46:31","guid":{"rendered":"https:\/\/vrtec-sezana.si\/?page_id=23538"},"modified":"2025-04-10T13:46:31","modified_gmt":"2025-04-10T12:46:31","slug":"srecanje-s-starsi-skupine-cebelice","status":"publish","type":"page","link":"https:\/\/vrtec-sezana.si\/?page_id=23538","title":{"rendered":"Sre\u010danje s star\u0161i skupine \u010cebelice"},"content":{"rendered":"","protected":true},"excerpt":{"rendered":"","protected":true},"author":39,"featured_media":23555,"parent":0,"menu_order":0,"comment_status":"closed","ping_status":"closed","template":"","meta":{"footnotes":""},"_links":{"self":[{"href":"https:\/\/vrtec-sezana.si\/index.php?rest_route=\/wp\/v2\/pages\/23538"}],"collection":[{"href":"https:\/\/vrtec-sezana.si\/index.php?rest_route=\/wp\/v2\/pages"}],"about":[{"href":"https:\/\/vrtec-sezana.si\/index.php?rest_route=\/wp\/v2\/types\/page"}],"author":[{"embeddable":true,"href":"https:\/\/vrtec-sezana.si\/index.php?rest_route=\/wp\/v2\/users\/39"}],"replies":[{"embeddable":true,"href":"https:\/\/vrtec-sezana.si\/index.php?rest_route=%2Fwp%2Fv2%2Fcomments&post=23538"}],"version-history":[{"count":1,"href":"https:\/\/vrtec-sezana.si\/index.php?rest_route=\/wp\/v2\/pages\/23538\/revisions"}],"predecessor-version":[{"id":23557,"href":"https:\/\/vrtec-sezana.si\/index.php?rest_route=\/wp\/v2\/pages\/23538\/revisions\/23557"}],"wp:featuredmedia":[{"embeddable":true,"href":"https:\/\/vrtec-sezana.si\/index.php?rest_route=\/wp\/v2\/media\/23555"}],"wp:attachment":[{"href":"https:\/\/vrtec-sezana.si\/index.php?rest_route=%2Fwp%2Fv2%2Fmedia&parent=23538"}],"curies":[{"name":"wp","href":"https:\/\/api.w.org\/{rel}","templated":true}]}}