{"id":23517,"date":"2025-04-10T13:25:20","date_gmt":"2025-04-10T12:25:20","guid":{"rendered":"https:\/\/vrtec-sezana.si\/?page_id=23517"},"modified":"2025-04-10T13:25:20","modified_gmt":"2025-04-10T12:25:20","slug":"obisk-gospe-mojce-ursic-iz-komunale-sezana","status":"publish","type":"page","link":"https:\/\/vrtec-sezana.si\/?page_id=23517","title":{"rendered":"Obisk gospe Mojce Ur\u0161i\u010d iz Komunale Se\u017eana"},"content":{"rendered":"","protected":true},"excerpt":{"rendered":"","protected":true},"author":39,"featured_media":23446,"parent":0,"menu_order":0,"comment_status":"closed","ping_status":"closed","template":"","meta":{"footnotes":""},"_links":{"self":[{"href":"https:\/\/vrtec-sezana.si\/index.php?rest_route=\/wp\/v2\/pages\/23517"}],"collection":[{"href":"https:\/\/vrtec-sezana.si\/index.php?rest_route=\/wp\/v2\/pages"}],"about":[{"href":"https:\/\/vrtec-sezana.si\/index.php?rest_route=\/wp\/v2\/types\/page"}],"author":[{"embeddable":true,"href":"https:\/\/vrtec-sezana.si\/index.php?rest_route=\/wp\/v2\/users\/39"}],"replies":[{"embeddable":true,"href":"https:\/\/vrtec-sezana.si\/index.php?rest_route=%2Fwp%2Fv2%2Fcomments&post=23517"}],"version-history":[{"count":1,"href":"https:\/\/vrtec-sezana.si\/index.php?rest_route=\/wp\/v2\/pages\/23517\/revisions"}],"predecessor-version":[{"id":23536,"href":"https:\/\/vrtec-sezana.si\/index.php?rest_route=\/wp\/v2\/pages\/23517\/revisions\/23536"}],"wp:featuredmedia":[{"embeddable":true,"href":"https:\/\/vrtec-sezana.si\/index.php?rest_route=\/wp\/v2\/media\/23446"}],"wp:attachment":[{"href":"https:\/\/vrtec-sezana.si\/index.php?rest_route=%2Fwp%2Fv2%2Fmedia&parent=23517"}],"curies":[{"name":"wp","href":"https:\/\/api.w.org\/{rel}","templated":true}]}}