{"id":22249,"date":"2025-03-21T12:34:56","date_gmt":"2025-03-21T11:34:56","guid":{"rendered":"https:\/\/vrtec-sezana.si\/?page_id=22249"},"modified":"2025-03-21T12:34:57","modified_gmt":"2025-03-21T11:34:57","slug":"uspesno-zakljucen-plavalni-tecaj-za-predsolske-otroke-enot-hrpelje-in-materija","status":"publish","type":"page","link":"https:\/\/vrtec-sezana.si\/?page_id=22249","title":{"rendered":"Uspe\u0161no zaklju\u010den plavalni te\u010daj za pred\u0161olske otroke enot Hrpelje in Materija"},"content":{"rendered":"","protected":true},"excerpt":{"rendered":"","protected":true},"author":23,"featured_media":22257,"parent":0,"menu_order":0,"comment_status":"closed","ping_status":"closed","template":"","meta":{"footnotes":""},"_links":{"self":[{"href":"https:\/\/vrtec-sezana.si\/index.php?rest_route=\/wp\/v2\/pages\/22249"}],"collection":[{"href":"https:\/\/vrtec-sezana.si\/index.php?rest_route=\/wp\/v2\/pages"}],"about":[{"href":"https:\/\/vrtec-sezana.si\/index.php?rest_route=\/wp\/v2\/types\/page"}],"author":[{"embeddable":true,"href":"https:\/\/vrtec-sezana.si\/index.php?rest_route=\/wp\/v2\/users\/23"}],"replies":[{"embeddable":true,"href":"https:\/\/vrtec-sezana.si\/index.php?rest_route=%2Fwp%2Fv2%2Fcomments&post=22249"}],"version-history":[{"count":1,"href":"https:\/\/vrtec-sezana.si\/index.php?rest_route=\/wp\/v2\/pages\/22249\/revisions"}],"predecessor-version":[{"id":22261,"href":"https:\/\/vrtec-sezana.si\/index.php?rest_route=\/wp\/v2\/pages\/22249\/revisions\/22261"}],"wp:featuredmedia":[{"embeddable":true,"href":"https:\/\/vrtec-sezana.si\/index.php?rest_route=\/wp\/v2\/media\/22257"}],"wp:attachment":[{"href":"https:\/\/vrtec-sezana.si\/index.php?rest_route=%2Fwp%2Fv2%2Fmedia&parent=22249"}],"curies":[{"name":"wp","href":"https:\/\/api.w.org\/{rel}","templated":true}]}}