{"id":21767,"date":"2025-03-10T14:17:02","date_gmt":"2025-03-10T13:17:02","guid":{"rendered":"https:\/\/vrtec-sezana.si\/?page_id=21767"},"modified":"2025-03-10T16:14:25","modified_gmt":"2025-03-10T15:14:25","slug":"pustne-dogodivscine-v-vrtcu-stanjel","status":"publish","type":"page","link":"https:\/\/vrtec-sezana.si\/?page_id=21767","title":{"rendered":"PUSTNE DOGODIV\u0160\u010cINE V VRTCU \u0160TANJEL"},"content":{"rendered":"","protected":true},"excerpt":{"rendered":"","protected":true},"author":16,"featured_media":0,"parent":0,"menu_order":0,"comment_status":"closed","ping_status":"closed","template":"","meta":{"footnotes":""},"_links":{"self":[{"href":"https:\/\/vrtec-sezana.si\/index.php?rest_route=\/wp\/v2\/pages\/21767"}],"collection":[{"href":"https:\/\/vrtec-sezana.si\/index.php?rest_route=\/wp\/v2\/pages"}],"about":[{"href":"https:\/\/vrtec-sezana.si\/index.php?rest_route=\/wp\/v2\/types\/page"}],"author":[{"embeddable":true,"href":"https:\/\/vrtec-sezana.si\/index.php?rest_route=\/wp\/v2\/users\/16"}],"replies":[{"embeddable":true,"href":"https:\/\/vrtec-sezana.si\/index.php?rest_route=%2Fwp%2Fv2%2Fcomments&post=21767"}],"version-history":[{"count":4,"href":"https:\/\/vrtec-sezana.si\/index.php?rest_route=\/wp\/v2\/pages\/21767\/revisions"}],"predecessor-version":[{"id":21840,"href":"https:\/\/vrtec-sezana.si\/index.php?rest_route=\/wp\/v2\/pages\/21767\/revisions\/21840"}],"wp:attachment":[{"href":"https:\/\/vrtec-sezana.si\/index.php?rest_route=%2Fwp%2Fv2%2Fmedia&parent=21767"}],"curies":[{"name":"wp","href":"https:\/\/api.w.org\/{rel}","templated":true}]}}