{"id":20943,"date":"2025-02-20T12:52:46","date_gmt":"2025-02-20T11:52:46","guid":{"rendered":"https:\/\/vrtec-sezana.si\/?page_id=20943"},"modified":"2025-02-20T12:52:46","modified_gmt":"2025-02-20T11:52:46","slug":"kako-privabiti-ptice-v-naso-pticjo-hisico","status":"publish","type":"page","link":"https:\/\/vrtec-sezana.si\/?page_id=20943","title":{"rendered":"Kako privabiti ptice v na\u0161o pti\u010djo hi\u0161ico?"},"content":{"rendered":"","protected":true},"excerpt":{"rendered":"","protected":true},"author":35,"featured_media":20965,"parent":0,"menu_order":0,"comment_status":"closed","ping_status":"closed","template":"","meta":{"footnotes":""},"_links":{"self":[{"href":"https:\/\/vrtec-sezana.si\/index.php?rest_route=\/wp\/v2\/pages\/20943"}],"collection":[{"href":"https:\/\/vrtec-sezana.si\/index.php?rest_route=\/wp\/v2\/pages"}],"about":[{"href":"https:\/\/vrtec-sezana.si\/index.php?rest_route=\/wp\/v2\/types\/page"}],"author":[{"embeddable":true,"href":"https:\/\/vrtec-sezana.si\/index.php?rest_route=\/wp\/v2\/users\/35"}],"replies":[{"embeddable":true,"href":"https:\/\/vrtec-sezana.si\/index.php?rest_route=%2Fwp%2Fv2%2Fcomments&post=20943"}],"version-history":[{"count":1,"href":"https:\/\/vrtec-sezana.si\/index.php?rest_route=\/wp\/v2\/pages\/20943\/revisions"}],"predecessor-version":[{"id":20966,"href":"https:\/\/vrtec-sezana.si\/index.php?rest_route=\/wp\/v2\/pages\/20943\/revisions\/20966"}],"wp:featuredmedia":[{"embeddable":true,"href":"https:\/\/vrtec-sezana.si\/index.php?rest_route=\/wp\/v2\/media\/20965"}],"wp:attachment":[{"href":"https:\/\/vrtec-sezana.si\/index.php?rest_route=%2Fwp%2Fv2%2Fmedia&parent=20943"}],"curies":[{"name":"wp","href":"https:\/\/api.w.org\/{rel}","templated":true}]}}