{"id":20610,"date":"2025-02-06T21:32:30","date_gmt":"2025-02-06T20:32:30","guid":{"rendered":"https:\/\/vrtec-sezana.si\/?page_id=20610"},"modified":"2025-02-06T21:32:31","modified_gmt":"2025-02-06T20:32:31","slug":"od-psenicke-do-poticke","status":"publish","type":"page","link":"https:\/\/vrtec-sezana.si\/?page_id=20610","title":{"rendered":"&#8220;Od p\u0161eni\u010dke do poti\u010dke&#8221;"},"content":{"rendered":"","protected":true},"excerpt":{"rendered":"","protected":true},"author":23,"featured_media":20632,"parent":0,"menu_order":0,"comment_status":"closed","ping_status":"closed","template":"","meta":{"footnotes":""},"_links":{"self":[{"href":"https:\/\/vrtec-sezana.si\/index.php?rest_route=\/wp\/v2\/pages\/20610"}],"collection":[{"href":"https:\/\/vrtec-sezana.si\/index.php?rest_route=\/wp\/v2\/pages"}],"about":[{"href":"https:\/\/vrtec-sezana.si\/index.php?rest_route=\/wp\/v2\/types\/page"}],"author":[{"embeddable":true,"href":"https:\/\/vrtec-sezana.si\/index.php?rest_route=\/wp\/v2\/users\/23"}],"replies":[{"embeddable":true,"href":"https:\/\/vrtec-sezana.si\/index.php?rest_route=%2Fwp%2Fv2%2Fcomments&post=20610"}],"version-history":[{"count":1,"href":"https:\/\/vrtec-sezana.si\/index.php?rest_route=\/wp\/v2\/pages\/20610\/revisions"}],"predecessor-version":[{"id":20633,"href":"https:\/\/vrtec-sezana.si\/index.php?rest_route=\/wp\/v2\/pages\/20610\/revisions\/20633"}],"wp:featuredmedia":[{"embeddable":true,"href":"https:\/\/vrtec-sezana.si\/index.php?rest_route=\/wp\/v2\/media\/20632"}],"wp:attachment":[{"href":"https:\/\/vrtec-sezana.si\/index.php?rest_route=%2Fwp%2Fv2%2Fmedia&parent=20610"}],"curies":[{"name":"wp","href":"https:\/\/api.w.org\/{rel}","templated":true}]}}