{"id":19823,"date":"2025-01-06T06:48:20","date_gmt":"2025-01-06T05:48:20","guid":{"rendered":"https:\/\/vrtec-sezana.si\/?page_id=19823"},"modified":"2025-01-07T07:34:04","modified_gmt":"2025-01-07T06:34:04","slug":"iz-dimnikov-se-dim-kadi-po-hisi-praznicno-disi","status":"publish","type":"page","link":"https:\/\/vrtec-sezana.si\/?page_id=19823","title":{"rendered":"Iz dimnikov se dim kadi, po hi\u0161i prazni\u010dno di\u0161i"},"content":{"rendered":"","protected":true},"excerpt":{"rendered":"","protected":true},"author":31,"featured_media":0,"parent":0,"menu_order":0,"comment_status":"closed","ping_status":"closed","template":"","meta":{"footnotes":""},"_links":{"self":[{"href":"https:\/\/vrtec-sezana.si\/index.php?rest_route=\/wp\/v2\/pages\/19823"}],"collection":[{"href":"https:\/\/vrtec-sezana.si\/index.php?rest_route=\/wp\/v2\/pages"}],"about":[{"href":"https:\/\/vrtec-sezana.si\/index.php?rest_route=\/wp\/v2\/types\/page"}],"author":[{"embeddable":true,"href":"https:\/\/vrtec-sezana.si\/index.php?rest_route=\/wp\/v2\/users\/31"}],"replies":[{"embeddable":true,"href":"https:\/\/vrtec-sezana.si\/index.php?rest_route=%2Fwp%2Fv2%2Fcomments&post=19823"}],"version-history":[{"count":2,"href":"https:\/\/vrtec-sezana.si\/index.php?rest_route=\/wp\/v2\/pages\/19823\/revisions"}],"predecessor-version":[{"id":19876,"href":"https:\/\/vrtec-sezana.si\/index.php?rest_route=\/wp\/v2\/pages\/19823\/revisions\/19876"}],"wp:attachment":[{"href":"https:\/\/vrtec-sezana.si\/index.php?rest_route=%2Fwp%2Fv2%2Fmedia&parent=19823"}],"curies":[{"name":"wp","href":"https:\/\/api.w.org\/{rel}","templated":true}]}}