{"id":18872,"date":"2024-12-19T15:16:47","date_gmt":"2024-12-19T14:16:47","guid":{"rendered":"https:\/\/vrtec-sezana.si\/?page_id=18872"},"modified":"2026-02-26T09:59:01","modified_gmt":"2026-02-26T08:59:01","slug":"razvojna-naloga-vkljucujoci-vrtec-in-sola-vkljucujoci-fizicni-prostor","status":"publish","type":"page","link":"https:\/\/vrtec-sezana.si\/?page_id=18872","title":{"rendered":"Razvojna naloga Vklju\u010dujo\u010di vrtec in \u0161ola &#8211; vklju\u010dujo\u010di fizi\u010dni prostor"},"content":{"rendered":"\n<div style=\"height:100px\" aria-hidden=\"true\" class=\"wp-block-spacer\"><\/div>\n\n\n\n<h2 class=\"wp-block-heading\">Razvojna naloga <\/h2>\n\n\n\n<h2 class=\"wp-block-heading\">Vklju\u010dujo\u010di vrtec in \u0161ola &#8211; vklju\u010dujo\u010di fizi\u010dni prostor<\/h2>\n\n\n\n<div style=\"height:50px\" aria-hidden=\"true\" class=\"wp-block-spacer\"><\/div>\n\n\n\n<p>Zavod RS za \u0161olstvo je \u0161olskem letu 2023\/2024 pri\u010del z razvojno nalogo Vklju\u010dujo\u010da vrtec in \u0161ola- vklju\u010dujo\u010d fizi\u010dni prostor, v katero so vklju\u010dili vrtce in osnovne \u0161ole. Razvojna naloga sledi sodobnim pedago\u0161kim spoznanjem pri zagotavljanju spodbudnega fizi\u010dnega, socialnega, didakti\u010dnega in kurikularnega okolja ter soudele\u017eenosti in razvoju vsakega posameznika. Vklju\u010dujo\u010di vrtec in \u0161ola &#8211; vklju\u010dujo\u010di fizi\u010dni prostor izhaja iz spoznanj in modelov razvitih v razvojni nalogi:<\/p>\n\n\n\n<p>&#8211; formativno spremljanje,<\/p>\n\n\n\n<p>&#8211; ustvarjanje u\u010dnih okolij za 21.stoletje: s formativnim spremljanjem do u\u010dinkovitih u\u010dnih okolij in mednarodnih projektih: z razvijanjem vklju\u010dujo\u010de pou\u010devalne prakse do u\u010dinkovitega u\u010dnega okolja,<\/p>\n\n\n\n<p>&#8211; glas otroka-most do u\u010denja (podpora pri formativnem spremljanju),<\/p>\n\n\n\n<p>Razvojna naloga traja 3 leta. Predvidene dejavnosti:<\/p>\n\n\n\n<p>\u0160olsko leto 2023-2024 &#8211; Za\u010detek in oblikovanje razvojnega tima.<\/p>\n\n\n\n<p>\u0160olsko leto 2024 2025 &#8211; Poglabljanje in mre\u017eenje na izbrane oddelke.<\/p>\n\n\n\n<p>\u0160olsko leto 2025 2026 &#8211; Mre\u017eenje na (celoten) zavod.<\/p>\n\n\n\n<p>V \u0161olskem letu smo 2023\/2024 smo v okviru razvojne naloge Vklju\u010dujo\u010da vrtec in \u0161ola &#8211; vklju\u010dujo\u010d fizi\u010dni prostor oblikovali razvojni tim, katerega \u010dlanice so:<\/p>\n\n\n\n<ul>\n<li>vzgojiteljica Karmen Pipan, Komen,<\/li>\n\n\n\n<li>vzgojiteljica Tja\u0161a Pal\u010di\u010d kukanja, Dutovlje,<\/li>\n\n\n\n<li>vzgojiteljic Ines Popla\u0161en, Tomaj,<\/li>\n\n\n\n<li>vzgojiteljic Mateja \u0160vara, J. Pahor,<\/li>\n\n\n\n<li>vzgojiteljic Ajda \u017dnidar\u010di\u010d, Hrpelje,<\/li>\n\n\n\n<li>svetovalna delavka Katrin \u010ce\u0161\u010dut Bandelj, Lehte,<\/li>\n\n\n\n<li>pomo\u010dnica ravnateljice Marjeta \u0160krlj, J. Pahor,<\/li>\n\n\n\n<li>ravnateljica Teja \u010ceh Svetina, J. Pahor,<\/li>\n\n\n\n<li>vodja, pomo\u010dnica ravnateljice, Jana \u0160tok Pavlin, Komen.<\/li>\n<\/ul>\n\n\n\n<p>\u010clanice so raziskovale vzgojno-izobra\u017eevalno delo v \u0161tirih sklopih dejavnosti:<\/p>\n\n\n\n<ol type=\"1\">\n<li>Vklju\u010dujo\u010di fizi\u010dni u\u010dni prostor (Pogled v mojo igralnico\/vrtec),<\/li>\n\n\n\n<li>Vklju\u010dujo\u010di socialni u\u010dni prostor (Pogled v odnose v moji igralnici),<\/li>\n\n\n\n<li>Formativno spremljanje in glas otroka v vklju\u010dujo\u010dem u\u010dnem okolju (Pogled v moje neposredno delo z otroki),<\/li>\n\n\n\n<li>Glas otroka in participacija otrok.<\/li>\n<\/ol>\n\n\n\n<p>V \u0161olskem letu 2024\/2025 smo mre\u017eili&nbsp; spoznanja o vklju\u010dujo\u010dem vrtcu na strokovne delavce vrtca ter med bli\u017enjimi vrtce, preko kolegialnih hospitacij. Vsaka \u010dlanica razvojne naloge je mre\u017eila znanja med tri zaposlene strokovne delavce Vrtca Se\u017eana. K mre\u017eenju smo povabili tudi sosednje vrtce, ki so vklju\u010deni v razvojno nalogo. V RN nas je bilo skupaj 24 \u010dlanic.<\/p>\n\n\n\n<p><strong>V \u0161ol. letu 2025\/2026<\/strong> nadaljujemo z mre\u017eenjem. Vsaka \u010dlanica bo mre\u017eila med tri nove \u010dlane, predvsem v enotah, kjer so le te zaposlene (Komen, Dutovlje, Tomaj, Seno\u017ee\u010de, J, Pahor, in Hrpelje). \u010clanice bodo na strokovnih aktivih predstavile primere lastne prakse zagotavljanja spodbudnega fizi\u010dnega, socialnega, didakti\u010dnega in kurikularnega okolja ter soudele\u017eenosti in razvoju vsakega posameznika. Novo priklju\u010deni \u010dlani bodo raziskovali vzgojno izobra\u017eevalno delo v \u0161tirih sklopih dejavnosti (glej zgoraj) ter na kolegialnih hospitacijah.<\/p>\n\n\n\n<p>\u010clani, ki nadaljujejo v 2025\/2026 so Tina Tav\u010der, Ur\u0161a Milavec in Petra \u0160kabar.<\/p>\n\n\n\n<p>Novo priklju\u010deni \u010dlani v 2025\/2026 so Monika Turk, Erika Vodopivec, Sta\u0161a Svetli\u010d, Kaja Valen\u010di\u010d, Maja \u0160krlj, Anita \u017dnidar\u0161i\u010d, Anja Zlosel, Diana, Stan\u010di\u010d, Amela Brki\u010d, Nu\u0161a \u017divec, Mateja Marolt, \u0160pela Memon.<\/p>\n\n\n\n<p>Koordinator: ZRS\u0160.&nbsp;&nbsp;<\/p>\n\n\n\n<p>Koordinatorka: Jana \u0160tok Pavlin<\/p>\n","protected":false},"excerpt":{"rendered":"<p>Razvojna naloga Vklju\u010dujo\u010di vrtec in \u0161ola &#8211; vklju\u010dujo\u010di fizi\u010dni prostor Zavod RS za \u0161olstvo je \u0161olskem letu 2023\/2024 pri\u010del z razvojno nalogo Vklju\u010dujo\u010da vrtec in \u0161ola- vklju\u010dujo\u010d fizi\u010dni prostor, v katero so vklju\u010dili vrtce in osnovne \u0161ole. Razvojna naloga sledi sodobnim pedago\u0161kim&#8230;<\/p>\n","protected":false},"author":1,"featured_media":0,"parent":0,"menu_order":0,"comment_status":"closed","ping_status":"closed","template":"","meta":{"footnotes":""},"_links":{"self":[{"href":"https:\/\/vrtec-sezana.si\/index.php?rest_route=\/wp\/v2\/pages\/18872"}],"collection":[{"href":"https:\/\/vrtec-sezana.si\/index.php?rest_route=\/wp\/v2\/pages"}],"about":[{"href":"https:\/\/vrtec-sezana.si\/index.php?rest_route=\/wp\/v2\/types\/page"}],"author":[{"embeddable":true,"href":"https:\/\/vrtec-sezana.si\/index.php?rest_route=\/wp\/v2\/users\/1"}],"replies":[{"embeddable":true,"href":"https:\/\/vrtec-sezana.si\/index.php?rest_route=%2Fwp%2Fv2%2Fcomments&post=18872"}],"version-history":[{"count":6,"href":"https:\/\/vrtec-sezana.si\/index.php?rest_route=\/wp\/v2\/pages\/18872\/revisions"}],"predecessor-version":[{"id":34084,"href":"https:\/\/vrtec-sezana.si\/index.php?rest_route=\/wp\/v2\/pages\/18872\/revisions\/34084"}],"wp:attachment":[{"href":"https:\/\/vrtec-sezana.si\/index.php?rest_route=%2Fwp%2Fv2%2Fmedia&parent=18872"}],"curies":[{"name":"wp","href":"https:\/\/api.w.org\/{rel}","templated":true}]}}