{"id":18628,"date":"2024-12-15T21:06:49","date_gmt":"2024-12-15T20:06:49","guid":{"rendered":"https:\/\/vrtec-sezana.si\/?page_id=18628"},"modified":"2024-12-15T21:19:41","modified_gmt":"2024-12-15T20:19:41","slug":"otroci-iz-skupine-miske-se-ucijo-o-odpadkih-in-locevanju","status":"publish","type":"page","link":"https:\/\/vrtec-sezana.si\/?page_id=18628","title":{"rendered":"Otroci iz skupine Mi\u0161ke se u\u010dijo o odpadkih in lo\u010devanju"},"content":{"rendered":"","protected":true},"excerpt":{"rendered":"","protected":true},"author":1,"featured_media":0,"parent":0,"menu_order":0,"comment_status":"closed","ping_status":"closed","template":"","meta":{"footnotes":""},"_links":{"self":[{"href":"https:\/\/vrtec-sezana.si\/index.php?rest_route=\/wp\/v2\/pages\/18628"}],"collection":[{"href":"https:\/\/vrtec-sezana.si\/index.php?rest_route=\/wp\/v2\/pages"}],"about":[{"href":"https:\/\/vrtec-sezana.si\/index.php?rest_route=\/wp\/v2\/types\/page"}],"author":[{"embeddable":true,"href":"https:\/\/vrtec-sezana.si\/index.php?rest_route=\/wp\/v2\/users\/1"}],"replies":[{"embeddable":true,"href":"https:\/\/vrtec-sezana.si\/index.php?rest_route=%2Fwp%2Fv2%2Fcomments&post=18628"}],"version-history":[{"count":2,"href":"https:\/\/vrtec-sezana.si\/index.php?rest_route=\/wp\/v2\/pages\/18628\/revisions"}],"predecessor-version":[{"id":18671,"href":"https:\/\/vrtec-sezana.si\/index.php?rest_route=\/wp\/v2\/pages\/18628\/revisions\/18671"}],"wp:attachment":[{"href":"https:\/\/vrtec-sezana.si\/index.php?rest_route=%2Fwp%2Fv2%2Fmedia&parent=18628"}],"curies":[{"name":"wp","href":"https:\/\/api.w.org\/{rel}","templated":true}]}}