{"id":15970,"date":"2024-10-03T16:15:48","date_gmt":"2024-10-03T15:15:48","guid":{"rendered":"https:\/\/vrtec-sezana.si\/?page_id=15970"},"modified":"2024-10-11T12:13:29","modified_gmt":"2024-10-11T11:13:29","slug":"teden-kulturne-dediscine-in-zajckovo-presenecenje","status":"publish","type":"page","link":"https:\/\/vrtec-sezana.si\/?page_id=15970","title":{"rendered":"Teden kulturne dedi\u0161\u010dine in zaj\u010dkovo presene\u010denje"},"content":{"rendered":"","protected":true},"excerpt":{"rendered":"","protected":true},"author":20,"featured_media":0,"parent":0,"menu_order":0,"comment_status":"closed","ping_status":"closed","template":"","meta":{"footnotes":""},"_links":{"self":[{"href":"https:\/\/vrtec-sezana.si\/index.php?rest_route=\/wp\/v2\/pages\/15970"}],"collection":[{"href":"https:\/\/vrtec-sezana.si\/index.php?rest_route=\/wp\/v2\/pages"}],"about":[{"href":"https:\/\/vrtec-sezana.si\/index.php?rest_route=\/wp\/v2\/types\/page"}],"author":[{"embeddable":true,"href":"https:\/\/vrtec-sezana.si\/index.php?rest_route=\/wp\/v2\/users\/20"}],"replies":[{"embeddable":true,"href":"https:\/\/vrtec-sezana.si\/index.php?rest_route=%2Fwp%2Fv2%2Fcomments&post=15970"}],"version-history":[{"count":1,"href":"https:\/\/vrtec-sezana.si\/index.php?rest_route=\/wp\/v2\/pages\/15970\/revisions"}],"predecessor-version":[{"id":15983,"href":"https:\/\/vrtec-sezana.si\/index.php?rest_route=\/wp\/v2\/pages\/15970\/revisions\/15983"}],"wp:attachment":[{"href":"https:\/\/vrtec-sezana.si\/index.php?rest_route=%2Fwp%2Fv2%2Fmedia&parent=15970"}],"curies":[{"name":"wp","href":"https:\/\/api.w.org\/{rel}","templated":true}]}}