{"id":15034,"date":"2024-09-07T20:54:06","date_gmt":"2024-09-07T19:54:06","guid":{"rendered":"https:\/\/vrtec-sezana.si\/?page_id=15034"},"modified":"2024-10-11T12:18:15","modified_gmt":"2024-10-11T11:18:15","slug":"otroci-iz-skupine-kameleoncki-resijo-jezka","status":"publish","type":"page","link":"https:\/\/vrtec-sezana.si\/?page_id=15034","title":{"rendered":"Otroci iz skupine Kameleon\u010dki re\u0161ijo je\u017eka"},"content":{"rendered":"","protected":true},"excerpt":{"rendered":"","protected":true},"author":20,"featured_media":0,"parent":0,"menu_order":0,"comment_status":"closed","ping_status":"closed","template":"","meta":{"footnotes":""},"_links":{"self":[{"href":"https:\/\/vrtec-sezana.si\/index.php?rest_route=\/wp\/v2\/pages\/15034"}],"collection":[{"href":"https:\/\/vrtec-sezana.si\/index.php?rest_route=\/wp\/v2\/pages"}],"about":[{"href":"https:\/\/vrtec-sezana.si\/index.php?rest_route=\/wp\/v2\/types\/page"}],"author":[{"embeddable":true,"href":"https:\/\/vrtec-sezana.si\/index.php?rest_route=\/wp\/v2\/users\/20"}],"replies":[{"embeddable":true,"href":"https:\/\/vrtec-sezana.si\/index.php?rest_route=%2Fwp%2Fv2%2Fcomments&post=15034"}],"version-history":[{"count":1,"href":"https:\/\/vrtec-sezana.si\/index.php?rest_route=\/wp\/v2\/pages\/15034\/revisions"}],"predecessor-version":[{"id":15056,"href":"https:\/\/vrtec-sezana.si\/index.php?rest_route=\/wp\/v2\/pages\/15034\/revisions\/15056"}],"wp:attachment":[{"href":"https:\/\/vrtec-sezana.si\/index.php?rest_route=%2Fwp%2Fv2%2Fmedia&parent=15034"}],"curies":[{"name":"wp","href":"https:\/\/api.w.org\/{rel}","templated":true}]}}