{"id":14972,"date":"2024-08-19T17:53:55","date_gmt":"2024-08-19T16:53:55","guid":{"rendered":"https:\/\/vrtec-sezana.si\/?page_id=14972"},"modified":"2024-08-19T17:53:57","modified_gmt":"2024-08-19T16:53:57","slug":"poletni-ziv-zav-v-skupini-skratki-in-lisicke","status":"publish","type":"page","link":"https:\/\/vrtec-sezana.si\/?page_id=14972","title":{"rendered":"Poletni \u017eiv-\u017eav v skupini \u0160kratki in Lisi\u010dke"},"content":{"rendered":"","protected":true},"excerpt":{"rendered":"","protected":true},"author":10,"featured_media":0,"parent":0,"menu_order":0,"comment_status":"closed","ping_status":"closed","template":"","meta":{"footnotes":""},"_links":{"self":[{"href":"https:\/\/vrtec-sezana.si\/index.php?rest_route=\/wp\/v2\/pages\/14972"}],"collection":[{"href":"https:\/\/vrtec-sezana.si\/index.php?rest_route=\/wp\/v2\/pages"}],"about":[{"href":"https:\/\/vrtec-sezana.si\/index.php?rest_route=\/wp\/v2\/types\/page"}],"author":[{"embeddable":true,"href":"https:\/\/vrtec-sezana.si\/index.php?rest_route=\/wp\/v2\/users\/10"}],"replies":[{"embeddable":true,"href":"https:\/\/vrtec-sezana.si\/index.php?rest_route=%2Fwp%2Fv2%2Fcomments&post=14972"}],"version-history":[{"count":1,"href":"https:\/\/vrtec-sezana.si\/index.php?rest_route=\/wp\/v2\/pages\/14972\/revisions"}],"predecessor-version":[{"id":14991,"href":"https:\/\/vrtec-sezana.si\/index.php?rest_route=\/wp\/v2\/pages\/14972\/revisions\/14991"}],"wp:attachment":[{"href":"https:\/\/vrtec-sezana.si\/index.php?rest_route=%2Fwp%2Fv2%2Fmedia&parent=14972"}],"curies":[{"name":"wp","href":"https:\/\/api.w.org\/{rel}","templated":true}]}}