{"id":14408,"date":"2024-07-09T19:58:09","date_gmt":"2024-07-09T18:58:09","guid":{"rendered":"https:\/\/vrtec-sezana.si\/?page_id=14408"},"modified":"2024-07-09T19:58:09","modified_gmt":"2024-07-09T18:58:09","slug":"zakljucno-druzenje-starsev-in-otrok-skupine-metuljcki","status":"publish","type":"page","link":"https:\/\/vrtec-sezana.si\/?page_id=14408","title":{"rendered":"Zaklju\u010dno dru\u017eenje star\u0161ev in otrok skupine Metulj\u010dki"},"content":{"rendered":"","protected":true},"excerpt":{"rendered":"","protected":true},"author":10,"featured_media":0,"parent":0,"menu_order":0,"comment_status":"closed","ping_status":"closed","template":"","meta":{"footnotes":""},"_links":{"self":[{"href":"https:\/\/vrtec-sezana.si\/index.php?rest_route=\/wp\/v2\/pages\/14408"}],"collection":[{"href":"https:\/\/vrtec-sezana.si\/index.php?rest_route=\/wp\/v2\/pages"}],"about":[{"href":"https:\/\/vrtec-sezana.si\/index.php?rest_route=\/wp\/v2\/types\/page"}],"author":[{"embeddable":true,"href":"https:\/\/vrtec-sezana.si\/index.php?rest_route=\/wp\/v2\/users\/10"}],"replies":[{"embeddable":true,"href":"https:\/\/vrtec-sezana.si\/index.php?rest_route=%2Fwp%2Fv2%2Fcomments&post=14408"}],"version-history":[{"count":1,"href":"https:\/\/vrtec-sezana.si\/index.php?rest_route=\/wp\/v2\/pages\/14408\/revisions"}],"predecessor-version":[{"id":14420,"href":"https:\/\/vrtec-sezana.si\/index.php?rest_route=\/wp\/v2\/pages\/14408\/revisions\/14420"}],"wp:attachment":[{"href":"https:\/\/vrtec-sezana.si\/index.php?rest_route=%2Fwp%2Fv2%2Fmedia&parent=14408"}],"curies":[{"name":"wp","href":"https:\/\/api.w.org\/{rel}","templated":true}]}}