{"id":14048,"date":"2024-06-25T17:42:31","date_gmt":"2024-06-25T16:42:31","guid":{"rendered":"https:\/\/vrtec-sezana.si\/?page_id=14048"},"modified":"2024-06-25T17:42:32","modified_gmt":"2024-06-25T16:42:32","slug":"zakljucno-druzenje-starsev-in-otrok-skupine-pikapolonice","status":"publish","type":"page","link":"https:\/\/vrtec-sezana.si\/?page_id=14048","title":{"rendered":"Zaklju\u010dno dru\u017eenje star\u0161ev in otrok skupine Pikapolonice"},"content":{"rendered":"","protected":true},"excerpt":{"rendered":"","protected":true},"author":10,"featured_media":0,"parent":0,"menu_order":0,"comment_status":"closed","ping_status":"closed","template":"","meta":{"footnotes":""},"_links":{"self":[{"href":"https:\/\/vrtec-sezana.si\/index.php?rest_route=\/wp\/v2\/pages\/14048"}],"collection":[{"href":"https:\/\/vrtec-sezana.si\/index.php?rest_route=\/wp\/v2\/pages"}],"about":[{"href":"https:\/\/vrtec-sezana.si\/index.php?rest_route=\/wp\/v2\/types\/page"}],"author":[{"embeddable":true,"href":"https:\/\/vrtec-sezana.si\/index.php?rest_route=\/wp\/v2\/users\/10"}],"replies":[{"embeddable":true,"href":"https:\/\/vrtec-sezana.si\/index.php?rest_route=%2Fwp%2Fv2%2Fcomments&post=14048"}],"version-history":[{"count":1,"href":"https:\/\/vrtec-sezana.si\/index.php?rest_route=\/wp\/v2\/pages\/14048\/revisions"}],"predecessor-version":[{"id":14059,"href":"https:\/\/vrtec-sezana.si\/index.php?rest_route=\/wp\/v2\/pages\/14048\/revisions\/14059"}],"wp:attachment":[{"href":"https:\/\/vrtec-sezana.si\/index.php?rest_route=%2Fwp%2Fv2%2Fmedia&parent=14048"}],"curies":[{"name":"wp","href":"https:\/\/api.w.org\/{rel}","templated":true}]}}